{"id":55297,"date":"2026-03-20T00:00:00","date_gmt":"2026-03-19T23:00:00","guid":{"rendered":"https:\/\/www.modelcars24.de\/?post_type=product&#038;p=55297"},"modified":"2026-04-29T15:04:26","modified_gmt":"2026-04-29T13:04:26","slug":"autoart-ford-mustang-mach-1-police-japonaise","status":"publish","type":"product","link":"https:\/\/www.modelcars24.de\/fr\/autoart-ford-mustang-mach-1-japanese-police\/","title":{"rendered":"AUTOart Ford Mustang Mach 1 Japanese Police - 1\/18"},"content":{"rendered":"<p>AUTOart Ford Mustang Mach 1 Japanese Police - 1\/18. Mod\u00e8le de collection de haute qualit\u00e9 \u00e0 l'\u00e9chelle 1:18.<\/p>\n<p>La Ford Mustang Mach 1 \u201eJapanese Police\u201c d'AUTOart \u00e0 l'\u00e9chelle 1\/18 (r\u00e9f\u00e9rence 72826) est une fascinante pi\u00e8ce d'histoire automobile en miniature. Ce mod\u00e8le exceptionnel repr\u00e9sente le v\u00e9hicule original de la police pr\u00e9fectorale de Tochigi dans les ann\u00e9es 1970. La peinture noire et blanche embl\u00e9matique est parfaitement compl\u00e9t\u00e9e par des inscriptions japonaises authentiques, l'\u00e9cusson dor\u00e9 de la police \u00e0 l'avant et le feu de signalisation rouge distinctif sur le toit.<\/p>\n<p>En tant que mod\u00e8le Millennium de haute qualit\u00e9 en Diecast robuste, elle offre la fonctionnalit\u00e9 \u201eAll Open\u201c tant convoit\u00e9e : les portes, le capot et le coffre s'ouvrent et laissent entrevoir le moteur V8 d\u00e9taill\u00e9 ainsi que l'int\u00e9rieur fid\u00e8le \u00e0 l'original (conduite \u00e0 droite !). Avec des jeux pr\u00e9cis et une peinture de premi\u00e8re qualit\u00e9, cette Mustang est un must absolu pour les collectionneurs de voitures de police et de voitures classiques am\u00e9ricaines.<\/p>\n<p>N\u00b0 d'art. 72826<\/p>","protected":false},"excerpt":{"rendered":"<p>72826 &#8211; 2-neuwertig &#8211; 195,00 \u20ac<\/p>","protected":false},"featured_media":62389,"comment_status":"open","ping_status":"closed","template":"","meta":[],"product_brand":[],"product_cat":[185,359,217],"product_tag":[187,360,394],"class_list":{"0":"post-55297","1":"product","2":"type-product","3":"status-publish","4":"has-post-thumbnail","6":"product_cat-autoart","7":"product_cat-ford","8":"product_cat-sofort-verfuegbar","9":"product_tag-autoart","10":"product_tag-ford","11":"product_tag-sofort-verfuegbar","13":"first","14":"instock","15":"purchasable","16":"product-type-simple"},"jetpack_sharing_enabled":true,"_links":{"self":[{"href":"https:\/\/www.modelcars24.de\/fr\/wp-json\/wp\/v2\/product\/55297","targetHints":{"allow":["GET"]}}],"collection":[{"href":"https:\/\/www.modelcars24.de\/fr\/wp-json\/wp\/v2\/product"}],"about":[{"href":"https:\/\/www.modelcars24.de\/fr\/wp-json\/wp\/v2\/types\/product"}],"replies":[{"embeddable":true,"href":"https:\/\/www.modelcars24.de\/fr\/wp-json\/wp\/v2\/comments?post=55297"}],"version-history":[{"count":4,"href":"https:\/\/www.modelcars24.de\/fr\/wp-json\/wp\/v2\/product\/55297\/revisions"}],"predecessor-version":[{"id":62448,"href":"https:\/\/www.modelcars24.de\/fr\/wp-json\/wp\/v2\/product\/55297\/revisions\/62448"}],"wp:featuredmedia":[{"embeddable":true,"href":"https:\/\/www.modelcars24.de\/fr\/wp-json\/wp\/v2\/media\/62389"}],"wp:attachment":[{"href":"https:\/\/www.modelcars24.de\/fr\/wp-json\/wp\/v2\/media?parent=55297"}],"wp:term":[{"taxonomy":"product_brand","embeddable":true,"href":"https:\/\/www.modelcars24.de\/fr\/wp-json\/wp\/v2\/product_brand?post=55297"},{"taxonomy":"product_cat","embeddable":true,"href":"https:\/\/www.modelcars24.de\/fr\/wp-json\/wp\/v2\/product_cat?post=55297"},{"taxonomy":"product_tag","embeddable":true,"href":"https:\/\/www.modelcars24.de\/fr\/wp-json\/wp\/v2\/product_tag?post=55297"}],"curies":[{"name":"wp","href":"https:\/\/api.w.org\/{rel}","templated":true}]}}