{"id":55717,"date":"2025-10-23T17:46:48","date_gmt":"2025-10-23T15:46:48","guid":{"rendered":"https:\/\/www.modelcars24.de\/?post_type=product&#038;p=55717"},"modified":"2026-04-22T09:10:47","modified_gmt":"2026-04-22T07:10:47","slug":"bbr-ferrari-488-pista-spider","status":"publish","type":"product","link":"https:\/\/www.modelcars24.de\/fr\/bbr-ferrari-488-pista-spider\/","title":{"rendered":"BBR Ferrari 488 Pista Spider Open roof Rosso Corsa &#8211; black silver stripe &#8211; 1\/12"},"content":{"rendered":"<p>BBR Ferrari 488 Pista Spider Open roof Rosso Corsa - black silver stripe 1\/12. Mod\u00e8le de collection de haute qualit\u00e9 \u00e0 l'\u00e9chelle 1:12. One of 30.<\/p>\n<p>BBR pr\u00e9sente un autre chef-d'\u0153uvre Ferrari \u00e0 l'\u00e9chelle 1:12.<br \/>\nLa Ferrari 488 Pista est propuls\u00e9e par le moteur V8 le plus puissant de l'histoire de l'usine de Maranello.<br \/>\nPista signifie \u201ecircuit\u201c et le nom a \u00e9t\u00e9 choisi pour souligner la tradition de Ferrari en mati\u00e8re de sport automobile. Cette voiture apporte notamment sur la route l'exp\u00e9rience acquise par la 488 Challenge et la 488 GTE sur les circuits du monde entier.<br \/>\nParmi les solutions de course, on trouve le puits en S \u00e0 l'avant, inspir\u00e9 de la Formule 1, et le design des diffuseurs. Le spoiler arri\u00e8re \u00e0 queue de dauphin augmente l'aspiration d'air et la d\u00e9portance.<br \/>\nNum\u00e9ro d'article : BBR1225B<\/p>","protected":false},"excerpt":{"rendered":"<p>1:12 &#8211; BBR1225B- 1-brandneu- anstatt 1375,00 \u20ac jetzt 1150,00 \u20ac inkl. 19% Vat.<\/p>","protected":false},"featured_media":55722,"comment_status":"open","ping_status":"closed","template":"","meta":{"_acf_changed":false},"product_brand":[851],"product_cat":[169,63,21],"product_tag":[173,209,202],"class_list":{"0":"post-55717","1":"product","2":"type-product","3":"status-publish","4":"has-post-thumbnail","6":"product_brand-bbr","7":"product_cat-bbr","8":"product_cat-ferrari","9":"product_cat-verfuegbar","10":"product_tag-bbr","11":"product_tag-ferrari","12":"product_tag-verfuegbar","13":"pa_automarke-ferrari","14":"pa_decade-2020s","15":"pa_fahrzeugtyp-cabrio","16":"pa_farbe-blau","17":"pa_limitiert-ja","18":"pa_massstab-1-12","19":"pa_modelmarke-bbr","20":"pa_modeltyp-fertigmodell","21":"pa_modeltyp-geschlossen","22":"pa_status-beim-hersteller-ausverkauft","23":"pa_verfuegbarkeit-sofort-verfuegbar","24":"pa_zustand_modell-1-brandneu","25":"pa_zustand_verpackung-1-brandneu","27":"first","28":"instock","29":"sale","30":"taxable","31":"shipping-taxable","32":"purchasable","33":"product-type-simple"},"acf":[],"jetpack_sharing_enabled":true,"_links":{"self":[{"href":"https:\/\/www.modelcars24.de\/fr\/wp-json\/wp\/v2\/product\/55717","targetHints":{"allow":["GET"]}}],"collection":[{"href":"https:\/\/www.modelcars24.de\/fr\/wp-json\/wp\/v2\/product"}],"about":[{"href":"https:\/\/www.modelcars24.de\/fr\/wp-json\/wp\/v2\/types\/product"}],"replies":[{"embeddable":true,"href":"https:\/\/www.modelcars24.de\/fr\/wp-json\/wp\/v2\/comments?post=55717"}],"version-history":[{"count":8,"href":"https:\/\/www.modelcars24.de\/fr\/wp-json\/wp\/v2\/product\/55717\/revisions"}],"predecessor-version":[{"id":63557,"href":"https:\/\/www.modelcars24.de\/fr\/wp-json\/wp\/v2\/product\/55717\/revisions\/63557"}],"wp:featuredmedia":[{"embeddable":true,"href":"https:\/\/www.modelcars24.de\/fr\/wp-json\/wp\/v2\/media\/55722"}],"wp:attachment":[{"href":"https:\/\/www.modelcars24.de\/fr\/wp-json\/wp\/v2\/media?parent=55717"}],"wp:term":[{"taxonomy":"product_brand","embeddable":true,"href":"https:\/\/www.modelcars24.de\/fr\/wp-json\/wp\/v2\/product_brand?post=55717"},{"taxonomy":"product_cat","embeddable":true,"href":"https:\/\/www.modelcars24.de\/fr\/wp-json\/wp\/v2\/product_cat?post=55717"},{"taxonomy":"product_tag","embeddable":true,"href":"https:\/\/www.modelcars24.de\/fr\/wp-json\/wp\/v2\/product_tag?post=55717"}],"curies":[{"name":"wp","href":"https:\/\/api.w.org\/{rel}","templated":true}]}}