{"id":55900,"date":"2025-10-31T11:45:45","date_gmt":"2025-10-31T10:45:45","guid":{"rendered":"https:\/\/www.modelcars24.de\/?post_type=product&#038;p=55900"},"modified":"2025-12-10T13:39:34","modified_gmt":"2025-12-10T12:39:34","slug":"bbr-ferrari-laferrari-matt-black-with-red-stripes","status":"publish","type":"product","link":"https:\/\/www.modelcars24.de\/fr\/bbr-ferrari-laferrari-matt-black-with-red-stripes\/","title":{"rendered":"BBR Ferrari LaFerrari Noir mat \u00e0 rayures rouges - 1\/18"},"content":{"rendered":"<p>BBR Ferrari LaFerrari Matt black with red stripes. Mod\u00e8le de collection de haute qualit\u00e9 \u00e0 l'\u00e9chelle 1:18 en Diecast.<\/p>\n<p>Une voiture personnelle, command\u00e9e par l'un des plus grands anciens pilotes Ferrari de l'histoire r\u00e9cente de la Formule 1. Aujourd'hui, il conduit toujours une Aston Martin.<\/p>\n<p>Fernando Alonso<br \/>\nUne voiture sur mesure, enti\u00e8rement adapt\u00e9e aux souhaits du conducteur de pointe.<\/p>\n<p>Lanc\u00e9e en 2013, la Ferrari LaFerrari est une ic\u00f4ne de la construction et du design automobile - une voiture qui allie parfaitement esth\u00e9tique et efficacit\u00e9 a\u00e9rodynamique.<\/p>\n<p>L'avant, sculpt\u00e9 par le vent, avec son nez pro\u00e9minent et ses prises d'air g\u00e9n\u00e9reuses, incarne la puissance et la d\u00e9termination de la voiture. Les portes papillon soulignent l'\u00e9l\u00e9gance et l'exclusivit\u00e9 de la LaFerrari. L'arri\u00e8re, avec son spoiler mobile et son imposant diffuseur, garantit une pression a\u00e9rodynamique \u00e9lev\u00e9e, indispensable \u00e0 la stabilit\u00e9 \u00e0 haute vitesse.<\/p>\n<p>LaFerrari est une voiture qui incarne la passion et l'excellence de la marque Ferrari - une \u0153uvre d'art roulante qui a durablement marqu\u00e9 l'histoire de l'automobile.<\/p>\n<p>Num\u00e9ro d'article : BBR182239A<\/p>","protected":false},"excerpt":{"rendered":"<p>BBR182239A &#8211; preorder LT 12\/2025\u00a0 &#8211; 415,00 \u20ac inkl. 19% Vat<\/p>","protected":false},"featured_media":55919,"comment_status":"open","ping_status":"closed","template":"","meta":{"_acf_changed":false},"product_brand":[851],"product_cat":[169,63,262],"product_tag":[173,209,394],"class_list":{"0":"post-55900","1":"product","2":"type-product","3":"status-publish","4":"has-post-thumbnail","6":"product_brand-bbr","7":"product_cat-bbr","8":"product_cat-ferrari","9":"product_cat-vorbestellbar","10":"product_tag-bbr","11":"product_tag-ferrari","12":"product_tag-sofort-verfuegbar","13":"pa_automarke-ferrari","14":"pa_decade-2010s","15":"pa_fahrzeugtyp-cabrio","16":"pa_limitiert-ja","17":"pa_massstab-1-18","18":"pa_modelmarke-bbr","19":"pa_modeltyp-alles-zum-oeffnen","20":"pa_modeltyp-fertigmodell","21":"pa_status-beim-hersteller-ausverkauft","22":"pa_verfuegbarkeit-sofort-verfuegbar","23":"pa_zustand_modell-2-neuwertig","24":"pa_zustand_verpackung-2-neuwertig","26":"first","27":"instock","28":"taxable","29":"shipping-taxable","30":"purchasable","31":"product-type-simple"},"acf":[],"jetpack_sharing_enabled":true,"_links":{"self":[{"href":"https:\/\/www.modelcars24.de\/fr\/wp-json\/wp\/v2\/product\/55900","targetHints":{"allow":["GET"]}}],"collection":[{"href":"https:\/\/www.modelcars24.de\/fr\/wp-json\/wp\/v2\/product"}],"about":[{"href":"https:\/\/www.modelcars24.de\/fr\/wp-json\/wp\/v2\/types\/product"}],"replies":[{"embeddable":true,"href":"https:\/\/www.modelcars24.de\/fr\/wp-json\/wp\/v2\/comments?post=55900"}],"version-history":[{"count":5,"href":"https:\/\/www.modelcars24.de\/fr\/wp-json\/wp\/v2\/product\/55900\/revisions"}],"predecessor-version":[{"id":58902,"href":"https:\/\/www.modelcars24.de\/fr\/wp-json\/wp\/v2\/product\/55900\/revisions\/58902"}],"wp:featuredmedia":[{"embeddable":true,"href":"https:\/\/www.modelcars24.de\/fr\/wp-json\/wp\/v2\/media\/55919"}],"wp:attachment":[{"href":"https:\/\/www.modelcars24.de\/fr\/wp-json\/wp\/v2\/media?parent=55900"}],"wp:term":[{"taxonomy":"product_brand","embeddable":true,"href":"https:\/\/www.modelcars24.de\/fr\/wp-json\/wp\/v2\/product_brand?post=55900"},{"taxonomy":"product_cat","embeddable":true,"href":"https:\/\/www.modelcars24.de\/fr\/wp-json\/wp\/v2\/product_cat?post=55900"},{"taxonomy":"product_tag","embeddable":true,"href":"https:\/\/www.modelcars24.de\/fr\/wp-json\/wp\/v2\/product_tag?post=55900"}],"curies":[{"name":"wp","href":"https:\/\/api.w.org\/{rel}","templated":true}]}}