{"id":56046,"date":"2025-11-05T11:19:37","date_gmt":"2025-11-05T10:19:37","guid":{"rendered":"https:\/\/www.modelcars24.de\/?post_type=product&#038;p=56046"},"modified":"2026-01-07T11:25:33","modified_gmt":"2026-01-07T10:25:33","slug":"agora-ferrari-250-gto-blu-genziana","status":"publish","type":"product","link":"https:\/\/www.modelcars24.de\/fr\/agora-ferrari-250-gto-blu-genziana\/","title":{"rendered":"Agora Ferrari 250 GTO Blu Genziana Limited Edition 1:8 mod\u00e8le fini one of 150 - 1\/8"},"content":{"rendered":"<h2>Agora Ferrari 250 GTO Blu Genziana Limited Edition 1:8, one of 150<\/h2>\n<p>Ce mod\u00e8le a \u00e9t\u00e9 mis sur le march\u00e9 par Agora en tant que kit de construction dans la couleur sp\u00e9ciale Blu Genziana dans une limitation de seulement 150 pi\u00e8ces. Le mod\u00e8le est \u00e9puis\u00e9 chez Agora. Notre exemplaire est d\u00e9j\u00e0 parfaitement mont\u00e9. Quelques pi\u00e8ces suppl\u00e9mentaires ont \u00e9t\u00e9 pr\u00e9par\u00e9es afin de cr\u00e9er un mod\u00e8le impeccable. C'est la GTO bleue qui est propos\u00e9e. Les photos de la rouge ne sont fournies qu'\u00e0 titre d'illustration.<\/p>\n<p>La Ferrari 250 GTO est consid\u00e9r\u00e9e par les amateurs de Ferrari comme \u201ela voiture de collection la plus admir\u00e9e et la plus pr\u00e9cieuse au monde\u201c et comme \u201eune Ferrari de haut niveau : une voiture homologu\u00e9e pur sang avec une histoire de course prestigieuse\u201c. Aucune collection de voitures miniatures ne serait compl\u00e8te sans la 250 GTO.<\/p>\n<p>Cette voiture \u00e0 l'\u00e9chelle 1:8 est une reproduction fid\u00e8le d'un mod\u00e8le de la s\u00e9rie 1 portant le num\u00e9ro de ch\u00e2ssis 3987GT, fabriqu\u00e9 \u00e0 l'origine en 1962 pour Luigi Chinetti N.A.R.T. (North American Racing Team) \u00e0 New York (\u00c9tats-Unis). Aujourd'hui, la voiture appartient \u00e0 Ralph Lauren et est expos\u00e9e dans le cadre de L'art de l'automobile, la collection Ralph Lauren au Mus\u00e9e des Arts D\u00e9coratifs \u00e0 Paris.<\/p>\n<p>Chaque d\u00e9tail a \u00e9t\u00e9 captur\u00e9 par la mesure au laser 3D du mod\u00e8le original, du moteur V12 Ferrari Tipo 168\/62 Colombo aux fentes de refroidissement en forme de D, maintenues ferm\u00e9es par des fermetures quart de tour sur le dessus du nez.<\/p>\n<p>Les pi\u00e8ces m\u00e9talliques rivet\u00e9es \u00e0 l'int\u00e9rieur des portes et les d\u00e9tails du tableau de bord et des interrupteurs montrent qu'il s'agit d'une voiture de course de pure race r\u00e9duite \u00e0 l'essentiel.<\/p>\n<p>La carrosserie en m\u00e9tal moul\u00e9 sous pression de haute qualit\u00e9 se pr\u00e9sente avec une finition de peinture authentique en Ferrari Rosso Cina, et gr\u00e2ce \u00e0 la grande \u00e9chelle, il est possible de concevoir l'\u00e9clairage int\u00e9rieur, les phares, les feux de freinage et les clignotants de mani\u00e8re \u00e0 ce qu'ils fonctionnent r\u00e9ellement.<\/p>\n<p>Donn\u00e9es techniques<\/p>\n<ul>\n<li>\u00c9chelle : \u00c9chelle 1:8<\/li>\n<li>longueur : 53 cm<\/li>\n<li>largeur : 20 cm<\/li>\n<li>hauteur : 15 cm<\/li>\n<li>Carrosserie : M\u00e9tal moul\u00e9 sous pression<\/li>\n<li>D\u00e9tails : plastique ABS<\/li>\n<li>Nombre de pi\u00e8ces : environ 500<\/li>\n<\/ul>\n<p>Caract\u00e9ristiques<\/p>\n<ul>\n<li>Laqu\u00e9 dans la couleur caract\u00e9ristique Blu Genziana<\/li>\n<li>les phares et les feux de stop s'allument<\/li>\n<li>Fid\u00e8le reproduction de la Ferrari Tipo 168\/62 moteur V12 Colombo<\/li>\n<li>Son du moteur et du klaxon par simple pression sur un bouton<\/li>\n<li>Les portes, le coffre et le capot peuvent \u00eatre ouverts<\/li>\n<li>Volant fonctionnel<\/li>\n<li>\u00c9clairage LED dans le cockpit<\/li>\n<\/ul>\n<p>Num\u00e9ro d'article : AG-1<\/p>","protected":false},"excerpt":{"rendered":"<p>1:8 &#8211; AG-1 &#8211; 2-neuwertig &#8211; 4750,00 \u20ac<\/p>","protected":false},"featured_media":56060,"comment_status":"open","ping_status":"closed","template":"","meta":{"_acf_changed":false},"product_brand":[839],"product_cat":[948,63,272,21],"product_tag":[460,316,263],"class_list":{"0":"post-56046","1":"product","2":"type-product","3":"status-publish","4":"has-post-thumbnail","6":"product_brand-ixo","7":"product_cat-agora","8":"product_cat-ferrari","9":"product_cat-mercedes","10":"product_cat-verfuegbar","11":"product_tag-ixo","12":"product_tag-mercedes","13":"product_tag-vorbestellbar","14":"product_shipping_class-sperrgut","15":"pa_automarke-ferrari","16":"pa_decade-1960s","17":"pa_fahrzeugtyp-coupe","18":"pa_limitiert-nein","19":"pa_massstab-1-8","20":"pa_modelmarke-agora","21":"pa_modeltyp-alles-zum-oeffnen","22":"pa_modeltyp-bausatz","23":"pa_status-beim-hersteller-verfuegbar","24":"pa_verfuegbarkeit-sofort-verfuegbar","25":"pa_zustand_modell-2-neuwertig","26":"pa_zustand_verpackung-2-neuwertig","28":"first","29":"instock","30":"purchasable","31":"product-type-simple"},"acf":[],"jetpack_sharing_enabled":true,"_links":{"self":[{"href":"https:\/\/www.modelcars24.de\/fr\/wp-json\/wp\/v2\/product\/56046","targetHints":{"allow":["GET"]}}],"collection":[{"href":"https:\/\/www.modelcars24.de\/fr\/wp-json\/wp\/v2\/product"}],"about":[{"href":"https:\/\/www.modelcars24.de\/fr\/wp-json\/wp\/v2\/types\/product"}],"replies":[{"embeddable":true,"href":"https:\/\/www.modelcars24.de\/fr\/wp-json\/wp\/v2\/comments?post=56046"}],"version-history":[{"count":4,"href":"https:\/\/www.modelcars24.de\/fr\/wp-json\/wp\/v2\/product\/56046\/revisions"}],"predecessor-version":[{"id":58905,"href":"https:\/\/www.modelcars24.de\/fr\/wp-json\/wp\/v2\/product\/56046\/revisions\/58905"}],"wp:featuredmedia":[{"embeddable":true,"href":"https:\/\/www.modelcars24.de\/fr\/wp-json\/wp\/v2\/media\/56060"}],"wp:attachment":[{"href":"https:\/\/www.modelcars24.de\/fr\/wp-json\/wp\/v2\/media?parent=56046"}],"wp:term":[{"taxonomy":"product_brand","embeddable":true,"href":"https:\/\/www.modelcars24.de\/fr\/wp-json\/wp\/v2\/product_brand?post=56046"},{"taxonomy":"product_cat","embeddable":true,"href":"https:\/\/www.modelcars24.de\/fr\/wp-json\/wp\/v2\/product_cat?post=56046"},{"taxonomy":"product_tag","embeddable":true,"href":"https:\/\/www.modelcars24.de\/fr\/wp-json\/wp\/v2\/product_tag?post=56046"}],"curies":[{"name":"wp","href":"https:\/\/api.w.org\/{rel}","templated":true}]}}