{"id":5640,"date":"2023-01-14T09:52:40","date_gmt":"2023-01-14T08:52:40","guid":{"rendered":"https:\/\/www.modelcars24.de\/?post_type=product&#038;p=5640"},"modified":"2025-12-10T13:25:41","modified_gmt":"2025-12-10T12:25:41","slug":"mercedes-targa-florio-1924-rouge-10-christian-werner-karl-sailer-1-vainqueur","status":"publish","type":"product","link":"https:\/\/www.modelcars24.de\/fr\/mercedes-targa-florio-1924-rot-10-christian-werner-karl-sailer-1-sieger\/","title":{"rendered":"CMC Mercedes Targa Florio, 1924, rouge #10, Christian Werner \/ Karl Sailer 1er vainqueur - 1\/18"},"content":{"rendered":"<h3>CMC Mercedes Targa Florio, 1924, rouge #10, Christian Werner \/ Karl Sailer 1er vainqueur<\/h3>\n<p>mod\u00e8le de collection hautement d\u00e9taill\u00e9 en m\u00e9tal, pi\u00e8ces rapport\u00e9es chrom\u00e9es en grande partie en m\u00e9tal, assembl\u00e9 \u00e0 la main, mat\u00e9riaux conformes \u00e0 l'original, si\u00e8ges en cuir ou rembourr\u00e9s, version d\u00e9taill\u00e9e de l'original, nombreuses fonctions et d\u00e9tails.<br \/>Num\u00e9ro d'article : M-203-1-1<\/p>","protected":false},"excerpt":{"rendered":"<p>Mercedes Targa Florio, 1924, rouge #10, Christian Werner \/ Karl Sailer 1er vainqueur modelcar, M-203, from CMC, now available at www.modelcars24.de<\/p>","protected":false},"featured_media":42383,"comment_status":"open","ping_status":"closed","template":"","meta":{"_acf_changed":false},"product_brand":[537],"product_cat":[18,19,45,21],"product_tag":[],"class_list":{"0":"post-5640","1":"product","2":"type-product","3":"status-publish","4":"has-post-thumbnail","6":"product_brand-cmc","7":"product_cat-cmc","8":"product_cat-mercedes-benz","9":"product_cat-neuzugang","10":"product_cat-verfuegbar","11":"pa_automarke-mercedes","12":"pa_decade-1920s","13":"pa_fahrzeugtyp-formel-1","14":"pa_farbe-rot","15":"pa_limitiert-ja","16":"pa_massstab-1-18","17":"pa_modelmarke-cmc","18":"pa_modeltyp-alles-zum-oeffnen","19":"pa_modeltyp-fertigmodell","20":"pa_status-beim-hersteller-ausverkauft","21":"pa_verfuegbarkeit-sofort-verfuegbar","22":"pa_zustand_modell-2-neuwertig","23":"pa_zustand_verpackung-2-neuwertig","25":"first","26":"outofstock","27":"purchasable","28":"product-type-simple"},"acf":[],"jetpack_sharing_enabled":true,"_links":{"self":[{"href":"https:\/\/www.modelcars24.de\/fr\/wp-json\/wp\/v2\/product\/5640","targetHints":{"allow":["GET"]}}],"collection":[{"href":"https:\/\/www.modelcars24.de\/fr\/wp-json\/wp\/v2\/product"}],"about":[{"href":"https:\/\/www.modelcars24.de\/fr\/wp-json\/wp\/v2\/types\/product"}],"replies":[{"embeddable":true,"href":"https:\/\/www.modelcars24.de\/fr\/wp-json\/wp\/v2\/comments?post=5640"}],"version-history":[{"count":3,"href":"https:\/\/www.modelcars24.de\/fr\/wp-json\/wp\/v2\/product\/5640\/revisions"}],"predecessor-version":[{"id":57555,"href":"https:\/\/www.modelcars24.de\/fr\/wp-json\/wp\/v2\/product\/5640\/revisions\/57555"}],"wp:featuredmedia":[{"embeddable":true,"href":"https:\/\/www.modelcars24.de\/fr\/wp-json\/wp\/v2\/media\/42383"}],"wp:attachment":[{"href":"https:\/\/www.modelcars24.de\/fr\/wp-json\/wp\/v2\/media?parent=5640"}],"wp:term":[{"taxonomy":"product_brand","embeddable":true,"href":"https:\/\/www.modelcars24.de\/fr\/wp-json\/wp\/v2\/product_brand?post=5640"},{"taxonomy":"product_cat","embeddable":true,"href":"https:\/\/www.modelcars24.de\/fr\/wp-json\/wp\/v2\/product_cat?post=5640"},{"taxonomy":"product_tag","embeddable":true,"href":"https:\/\/www.modelcars24.de\/fr\/wp-json\/wp\/v2\/product_tag?post=5640"}],"curies":[{"name":"wp","href":"https:\/\/api.w.org\/{rel}","templated":true}]}}