{"id":5641,"date":"2024-09-02T13:59:13","date_gmt":"2024-09-02T11:59:13","guid":{"rendered":"http:\/\/www.mondo-legno.com\/?post_type=product&#038;p=5641"},"modified":"2025-12-10T13:25:41","modified_gmt":"2025-12-10T12:25:41","slug":"cmc-aston-martin-db-4-gt-zagato-le-mans-1961-2","status":"publish","type":"product","link":"https:\/\/www.modelcars24.de\/fr\/cmc-aston-martin-db-4-gt-zagato-le-mans-1961-2\/","title":{"rendered":"CMC Aston Martin DB 4 GT Zagato Le Mans, 1961 - 1\/18"},"content":{"rendered":"<h3>CMC Aston Martin DB 4 GT Zagato Le Mans, 1961<\/h3>\n<div>\n<ul>\n<li>Mod\u00e8le de pr\u00e9cision en m\u00e9tal assembl\u00e9 \u00e0 la main \u00e0 partir de 1 825 pi\u00e8ces<\/li>\n<li>Tableau de bord \u00e9labor\u00e9 avec un rev\u00eatement en vernis r\u00e9tractable qui attire l'attention<\/li>\n<li>Trappe de coffre ouvrable<\/li>\n<li>la roue de secours, fix\u00e9e par une sangle en cuir, est amovible<\/li>\n<li>Roues amovibles avec fermeture centrale en version droite \/ gauche<\/li>\n<li>Des pneus imposants, mont\u00e9s sur des jantes \u00e0 rayons en alliage l\u00e9ger, soulignent le caract\u00e8re sportif de la voiture.<\/li>\n<\/ul>\n<\/div>\n<div>Description du v\u00e9hicule original:Jean Kerguen, l'un des meilleurs pilotes priv\u00e9s de la fin des ann\u00e9es 50 en France, a eu l'occasion de participer \u00e0 la course du Mans 1961 avec son Aston Martin DB4 GT Zagato. Lors de sa pr\u00e9paration \u00e0 la course, il a \u00e9t\u00e9 soutenu activement par le Garage Mirabeau, le concessionnaire fran\u00e7ais d'Aston Martin. De plus, l'\u00e9quipe Mirabeau a \u00e9t\u00e9 renforc\u00e9e par l'expert de l'usine Aston Martin Des O'Dell, qui a pu donner de pr\u00e9cieuses instructions gr\u00e2ce \u00e0 sa grande exp\u00e9rience du d\u00e9veloppement et \u00e0 son excellente connaissance de la sc\u00e8ne de la course du Mans.<br \/>\nAinsi arm\u00e9s, Jean Kerguen et son copilote Jacques Dewez (pseudonyme \u201eFranc\u201c) ont pris le d\u00e9part de la course aux c\u00f4t\u00e9s de deux autres Aston de l'\u00e9curie anglaise ERS, depuis la premi\u00e8re ligne de la grille de d\u00e9part. Le d\u00e9part a \u00e9t\u00e9 excellent et la voiture a ensuite fonctionn\u00e9 \u00e0 la perfection, sans aucun probl\u00e8me, pour le plus grand plaisir des pilotes et de toute l'\u00e9quipe de course. La seule intervention m\u00e9canique effectu\u00e9e pendant la course a \u00e9t\u00e9 le remplacement des plaquettes de frein apr\u00e8s 14 heures de course et un r\u00e9ajustement de l'embrayage apr\u00e8s 16 heures de course.<br \/>\nLorsque la Zagato de Kerguen est rentr\u00e9e pour la derni\u00e8re fois au stand apr\u00e8s 23 heures de course, elle \u00e9tait en neuvi\u00e8me position du classement g\u00e9n\u00e9ral et les perspectives d'un excellent r\u00e9sultat \u00e9taient prometteuses. Jacques Dewez \u00e9tait pr\u00eat \u00e0 entamer les 50 derni\u00e8res minutes lorsqu'il a constat\u00e9 que le moteur ne d\u00e9marrait plus apr\u00e8s avoir appuy\u00e9 sur le bouton du d\u00e9marreur. Des contr\u00f4les h\u00e2tifs, effectu\u00e9s par l'expert Des O'Dell, n'ont r\u00e9v\u00e9l\u00e9 aucun d\u00e9faut apparent lors de la v\u00e9rification de la batterie et de toutes les connexions de c\u00e2bles visibles, ainsi que lors de l'inspection ext\u00e9rieure du d\u00e9marreur.<br \/>\nApr\u00e8s 286 tours r\u00e9ussis, soit 50 minutes avant la fin de la course, ils ont d\u00fb abandonner. Jusqu'\u00e0 l'abandon, le v\u00e9hicule \u00e9tait en troisi\u00e8me position dans sa cat\u00e9gorie.<\/div>\n<p>Num\u00e9ro d'article : M-139-1<\/p>","protected":false},"excerpt":{"rendered":"<p>M-139 &#8211; 1-brandneu &#8211; 480,00 \u20ac inkl. 19% Vat<\/p>","protected":false},"featured_media":45474,"comment_status":"open","ping_status":"closed","template":"","meta":{"_acf_changed":false},"product_brand":[537],"product_cat":[147,18,45,21],"product_tag":[148,149,150],"class_list":{"0":"post-5641","1":"product","2":"type-product","3":"status-publish","4":"has-post-thumbnail","6":"product_brand-cmc","7":"product_cat-aston-martin","8":"product_cat-cmc","9":"product_cat-neuzugang","10":"product_cat-verfuegbar","11":"product_tag-cmc-aston-martin-db-4","12":"product_tag-le-mans","13":"product_tag-zagato","14":"pa_automarke-aston-martin","15":"pa_decade-1960s","16":"pa_fahrzeugtyp-gt-rennen","17":"pa_farbe-weiss","18":"pa_limitiert-ja","19":"pa_massstab-1-18","20":"pa_modelmarke-cmc","21":"pa_modeltyp-alles-zum-oeffnen","22":"pa_modeltyp-fertigmodell","23":"pa_status-beim-hersteller-ausverkauft","24":"pa_verfuegbarkeit-sofort-verfuegbar","25":"pa_zustand_modell-1-brandneu","26":"pa_zustand_verpackung-1-brandneu","28":"first","29":"outofstock","30":"taxable","31":"shipping-taxable","32":"purchasable","33":"product-type-simple"},"acf":[],"jetpack_sharing_enabled":true,"_links":{"self":[{"href":"https:\/\/www.modelcars24.de\/fr\/wp-json\/wp\/v2\/product\/5641","targetHints":{"allow":["GET"]}}],"collection":[{"href":"https:\/\/www.modelcars24.de\/fr\/wp-json\/wp\/v2\/product"}],"about":[{"href":"https:\/\/www.modelcars24.de\/fr\/wp-json\/wp\/v2\/types\/product"}],"replies":[{"embeddable":true,"href":"https:\/\/www.modelcars24.de\/fr\/wp-json\/wp\/v2\/comments?post=5641"}],"version-history":[{"count":3,"href":"https:\/\/www.modelcars24.de\/fr\/wp-json\/wp\/v2\/product\/5641\/revisions"}],"predecessor-version":[{"id":57556,"href":"https:\/\/www.modelcars24.de\/fr\/wp-json\/wp\/v2\/product\/5641\/revisions\/57556"}],"wp:featuredmedia":[{"embeddable":true,"href":"https:\/\/www.modelcars24.de\/fr\/wp-json\/wp\/v2\/media\/45474"}],"wp:attachment":[{"href":"https:\/\/www.modelcars24.de\/fr\/wp-json\/wp\/v2\/media?parent=5641"}],"wp:term":[{"taxonomy":"product_brand","embeddable":true,"href":"https:\/\/www.modelcars24.de\/fr\/wp-json\/wp\/v2\/product_brand?post=5641"},{"taxonomy":"product_cat","embeddable":true,"href":"https:\/\/www.modelcars24.de\/fr\/wp-json\/wp\/v2\/product_cat?post=5641"},{"taxonomy":"product_tag","embeddable":true,"href":"https:\/\/www.modelcars24.de\/fr\/wp-json\/wp\/v2\/product_tag?post=5641"}],"curies":[{"name":"wp","href":"https:\/\/api.w.org\/{rel}","templated":true}]}}