{"id":57103,"date":"2026-01-05T15:05:01","date_gmt":"2026-01-05T14:05:01","guid":{"rendered":"https:\/\/www.modelcars24.de\/?post_type=product&#038;p=57103"},"modified":"2026-01-16T10:42:04","modified_gmt":"2026-01-16T09:42:04","slug":"mrcollection-bugatti-w16-mistral","status":"publish","type":"product","link":"https:\/\/www.modelcars24.de\/fr\/mrcollection-bugatti-w16-mistral\/","title":{"rendered":"MRCollection Bugatti W16 Mistral - 1\/18"},"content":{"rendered":"<p>MRCollection Bugatti W16 Mistral. Mod\u00e8le de collection de haute qualit\u00e9 \u00e0 l'\u00e9chelle 1:18.<\/p>\n<p>Vivez le chapitre final de l'\u00e8re W16 avec la Bugatti W16 Mistral - en mod\u00e8le de collection exclusif \u00e0 l'\u00e9chelle 1:18 de MR Collection.<\/p>\n<p>Ce roadster, nomm\u00e9 d'apr\u00e8s le vent de la C\u00f4te d'Azur, est un chef-d'\u0153uvre en r\u00e9sine de haute qualit\u00e9 qui apporte une pr\u00e9cision incomparable et un d\u00e9tail luxueux dans votre vitrine. Chaque ligne, la peinture impeccable et l'int\u00e9rieur filigrane refl\u00e8tent fid\u00e8lement l'original.<\/p>\n<p>Procurez-vous cette \u0153uvre d'art roulante en \u00e9dition limit\u00e9e et c\u00e9l\u00e9brez le d\u00e9part d'une l\u00e9gende de l'hypercar.<\/p>\n<p>Faites entrer le vent de la perfection dans votre collection.<\/p>\n<p>Num\u00e9ro d'article : BUG015A<\/p>","protected":false},"excerpt":{"rendered":"<p>1:18 &#8211; BUG015A &#8211; 1-brandneu &#8211; 525,00 \u20ac inkl. 19% Vat<\/p>","protected":false},"featured_media":57104,"comment_status":"open","ping_status":"closed","template":"","meta":{"_acf_changed":false},"product_brand":[866],"product_cat":[77,217,21],"product_tag":[312,181,394],"class_list":{"0":"post-57103","1":"product","2":"type-product","3":"status-publish","4":"has-post-thumbnail","6":"product_brand-mrcollection","7":"product_cat-bugatti","8":"product_cat-sofort-verfuegbar","9":"product_cat-verfuegbar","10":"product_tag-bugatti","11":"product_tag-mrcollection","12":"product_tag-sofort-verfuegbar","13":"pa_automarke-bugatti","14":"pa_decade-2000s","15":"pa_fahrzeugtyp-coupe","16":"pa_massstab-1-18","17":"pa_modelmarke-mrcollection","18":"pa_modeltyp-fertigmodell","19":"pa_modeltyp-geschlossen","20":"pa_status-beim-hersteller-ausverkauft","21":"pa_verfuegbarkeit-sofort-verfuegbar","22":"pa_zustand_modell-2-neuwertig","23":"pa_zustand_verpackung-2-neuwertig","25":"first","26":"instock","27":"taxable","28":"shipping-taxable","29":"purchasable","30":"product-type-simple"},"acf":[],"jetpack_sharing_enabled":true,"_links":{"self":[{"href":"https:\/\/www.modelcars24.de\/fr\/wp-json\/wp\/v2\/product\/57103","targetHints":{"allow":["GET"]}}],"collection":[{"href":"https:\/\/www.modelcars24.de\/fr\/wp-json\/wp\/v2\/product"}],"about":[{"href":"https:\/\/www.modelcars24.de\/fr\/wp-json\/wp\/v2\/types\/product"}],"replies":[{"embeddable":true,"href":"https:\/\/www.modelcars24.de\/fr\/wp-json\/wp\/v2\/comments?post=57103"}],"version-history":[{"count":3,"href":"https:\/\/www.modelcars24.de\/fr\/wp-json\/wp\/v2\/product\/57103\/revisions"}],"predecessor-version":[{"id":58939,"href":"https:\/\/www.modelcars24.de\/fr\/wp-json\/wp\/v2\/product\/57103\/revisions\/58939"}],"wp:featuredmedia":[{"embeddable":true,"href":"https:\/\/www.modelcars24.de\/fr\/wp-json\/wp\/v2\/media\/57104"}],"wp:attachment":[{"href":"https:\/\/www.modelcars24.de\/fr\/wp-json\/wp\/v2\/media?parent=57103"}],"wp:term":[{"taxonomy":"product_brand","embeddable":true,"href":"https:\/\/www.modelcars24.de\/fr\/wp-json\/wp\/v2\/product_brand?post=57103"},{"taxonomy":"product_cat","embeddable":true,"href":"https:\/\/www.modelcars24.de\/fr\/wp-json\/wp\/v2\/product_cat?post=57103"},{"taxonomy":"product_tag","embeddable":true,"href":"https:\/\/www.modelcars24.de\/fr\/wp-json\/wp\/v2\/product_tag?post=57103"}],"curies":[{"name":"wp","href":"https:\/\/api.w.org\/{rel}","templated":true}]}}