{"id":57387,"date":"2025-12-10T12:51:27","date_gmt":"2025-12-10T11:51:27","guid":{"rendered":"https:\/\/www.modelcars24.de\/?post_type=product&#038;p=57387"},"modified":"2025-12-12T11:51:26","modified_gmt":"2025-12-12T10:51:26","slug":"schuco-mercedes-l322-one-of-one-weathered-by-klaus-exner","status":"publish","type":"product","link":"https:\/\/www.modelcars24.de\/fr\/schuco-mercedes-l322-one-of-one-weathered-by-klaus-exner\/","title":{"rendered":"Schuco Mercedes L322, one of one weathered by Klaus Exner - 1\/18"},"content":{"rendered":"<h3>Schuco Mercedes L322, une de celles qui ont \u00e9t\u00e9 peintes par Klaus Exner<\/h3>\n<p>Une pi\u00e8ce unique de caract\u00e8re : Schuco Mercedes L322 - Weathered by Klaus Exner<br \/>\nCe mod\u00e8le repr\u00e9sente une combinaison fascinante de l'art du mod\u00e9lisme de haute qualit\u00e9 et de la finition unique de Klaus Exner. Il est bas\u00e9 sur le camion Mercedes-Benz L322 de Schuco, robuste et fid\u00e8le dans les d\u00e9tails, un classique parmi les v\u00e9hicules utilitaires, souvent fabriqu\u00e9 \u00e0 l'\u00e9chelle 1:18 ou 1:43.<\/p>\n<ul>\n<li>L'\u00e9criture du ma\u00eetre : One of One<br \/>\nKlaus Exner, connu pour sa technique magistrale de \u201evieillissement\u201c, a transform\u00e9 cet exemplaire particulier en une \u0153uvre d'art \u201eone of one\u201c. Au lieu d'un mod\u00e8le de collection immacul\u00e9, Exner pr\u00e9sente le camion dans un \u00e9tat de dur labeur, apr\u00e8s des ann\u00e9es d'utilisation.<\/li>\n<li>Patine r\u00e9aliste : le mod\u00e8le n'est pas simplement sale, mais porte une patine authentique. On peut voir l'amorce de rouille sur les passages de roues, la peinture ternie ou us\u00e9e et les traces de diesel ou d'huile autour du moteur et du ch\u00e2ssis.<\/li>\n<li>L'histoire sur roues : Le L322 raconte d\u00e9sormais l'histoire d'un camion qui a parcouru d'innombrables kilom\u00e8tres sur la route et transport\u00e9 sa cargaison en toute fiabilit\u00e9. Chaque \u00e9raflure et chaque tache ont \u00e9t\u00e9 plac\u00e9es de mani\u00e8re consciente et pr\u00e9cise.<\/li>\n<\/ul>\n<p>\u00c9tat unique : la d\u00e9signation \u201eOne of One\u201c souligne le fait que cet exemplaire dans cette version weathered sp\u00e9cifique est une v\u00e9ritable pi\u00e8ce unique et poss\u00e8de donc une valeur de collection particuli\u00e8rement \u00e9lev\u00e9e.<\/p>\n<p>Ce mod\u00e8le vieilli est bien plus qu'un simple mod\u00e8le de stand ; c'est un instantan\u00e9 en trois dimensions du monde du travail des ann\u00e9es 1950 et 1960, captur\u00e9 par le talent de Klaus Exner. Il s'adresse aux collectionneurs qui ne recherchent pas la perfection intacte, mais qui appr\u00e9cient le charme et le caract\u00e8re de l'occasion.<\/p>\n<p>Num\u00e9ro d'article : M-322<\/p>","protected":false},"excerpt":{"rendered":"<p>1:18 &#8211; M-332-EX &#8211; 2-neuwertig &#8211; 745,00 \u20ac<\/p>","protected":false},"featured_media":57245,"comment_status":"open","ping_status":"closed","template":"","meta":{"_acf_changed":false},"product_brand":[537],"product_cat":[18,45,56,20,21],"product_tag":[731],"class_list":{"0":"post-57387","1":"product","2":"type-product","3":"status-publish","4":"has-post-thumbnail","6":"product_brand-cmc","7":"product_cat-cmc","8":"product_cat-neuzugang","9":"product_cat-porsche","10":"product_cat-titel","11":"product_cat-verfuegbar","12":"product_tag-ferrari-275-gtb-c","13":"pa_automarke-ferrari","14":"pa_decade-1960s","15":"pa_fahrzeugtyp-coupe","16":"pa_farbe-silber","17":"pa_limitiert-ja","18":"pa_massstab-1-18","19":"pa_modelmarke-cmc","20":"pa_modeltyp-alles-zum-oeffnen","21":"pa_modeltyp-fertigmodell","22":"pa_status-beim-hersteller-ausverkauft","23":"pa_verfuegbarkeit-sofort-verfuegbar","24":"pa_zustand_modell-1-brandneu","25":"pa_zustand_verpackung-1-brandneu","27":"first","28":"instock","29":"purchasable","30":"product-type-simple"},"acf":[],"jetpack_sharing_enabled":true,"_links":{"self":[{"href":"https:\/\/www.modelcars24.de\/fr\/wp-json\/wp\/v2\/product\/57387","targetHints":{"allow":["GET"]}}],"collection":[{"href":"https:\/\/www.modelcars24.de\/fr\/wp-json\/wp\/v2\/product"}],"about":[{"href":"https:\/\/www.modelcars24.de\/fr\/wp-json\/wp\/v2\/types\/product"}],"replies":[{"embeddable":true,"href":"https:\/\/www.modelcars24.de\/fr\/wp-json\/wp\/v2\/comments?post=57387"}],"version-history":[{"count":3,"href":"https:\/\/www.modelcars24.de\/fr\/wp-json\/wp\/v2\/product\/57387\/revisions"}],"predecessor-version":[{"id":58944,"href":"https:\/\/www.modelcars24.de\/fr\/wp-json\/wp\/v2\/product\/57387\/revisions\/58944"}],"wp:featuredmedia":[{"embeddable":true,"href":"https:\/\/www.modelcars24.de\/fr\/wp-json\/wp\/v2\/media\/57245"}],"wp:attachment":[{"href":"https:\/\/www.modelcars24.de\/fr\/wp-json\/wp\/v2\/media?parent=57387"}],"wp:term":[{"taxonomy":"product_brand","embeddable":true,"href":"https:\/\/www.modelcars24.de\/fr\/wp-json\/wp\/v2\/product_brand?post=57387"},{"taxonomy":"product_cat","embeddable":true,"href":"https:\/\/www.modelcars24.de\/fr\/wp-json\/wp\/v2\/product_cat?post=57387"},{"taxonomy":"product_tag","embeddable":true,"href":"https:\/\/www.modelcars24.de\/fr\/wp-json\/wp\/v2\/product_tag?post=57387"}],"curies":[{"name":"wp","href":"https:\/\/api.w.org\/{rel}","templated":true}]}}