{"id":57389,"date":"2025-09-10T12:56:48","date_gmt":"2025-09-10T10:56:48","guid":{"rendered":"https:\/\/www.modelcars24.de\/?post_type=product&#038;p=57389"},"modified":"2025-12-10T13:40:06","modified_gmt":"2025-12-10T12:40:06","slug":"cmc-mercedes-benz-camion-lo-2750","status":"publish","type":"product","link":"https:\/\/www.modelcars24.de\/fr\/cmc-mercedes-benz-lkw-lo-2750\/","title":{"rendered":"CMC Mercedes-Benz LKW LO 2750, 1934-38, one of one weathered by Klaus Exner - 1\/18"},"content":{"rendered":"<h3>CMC Mercedes-Benz LKW LO 2750, 1934-38, one of one weathered by Klaus Exner, one of one weathered by Klaus Exner<\/h3>\n<p>La perfection historique : CMC Mercedes-Benz LO 2750 - Vieillie par Klaus Exner<br \/>\nCette pi\u00e8ce de collection allie le niveau de d\u00e9tail sans compromis de CMC Models \u00e0 l'art magistral du vieillissement de Klaus Exner. La base est l'embl\u00e9matique camion CMC Mercedes-Benz LO 2750 des ann\u00e9es 1934 \u00e0 1938, un mod\u00e8le qui impressionne d\u00e9j\u00e0 \u00e0 l'\u00e9tat neuf par sa construction filigrane et le nombre \u00e9lev\u00e9 de pi\u00e8ces.<\/p>\n<ul>\n<li>Une \u0153uvre d'art \u201eOne of One\u201c de la patine<br \/>\nLa finition de Klaus Exner place ce mod\u00e8le dans une ligue \u00e0 part : il s'agit d'une pi\u00e8ce unique \u201eOne of One\u201c qui fait vivre l'histoire du camion historique de mani\u00e8re fascinante. Le CMC LO 2750 n'est pas pr\u00e9sent\u00e9 comme une pi\u00e8ce de mus\u00e9e rutilante, mais comme un v\u00e9hicule utilitaire qui a travaill\u00e9 dur et qui a connu l'adversit\u00e9 de son temps.<\/li>\n<li>Intemp\u00e9ries authentiques : Exner a donn\u00e9 au mod\u00e8le une patine extr\u00eamement r\u00e9aliste. La peinture est d\u00e9color\u00e9e et craquel\u00e9e aux endroits expos\u00e9s, de fines traces de rouille apparaissent sur les ar\u00eates et les rivets, et le rev\u00eatement en bois de la benne semble fendill\u00e9 et sollicit\u00e9.<\/li>\n<li>D\u00e9tails vivants : du pare-brise poussi\u00e9reux aux jantes et pneus souill\u00e9s par l'utilisation, chaque \u00e9l\u00e9ment a \u00e9t\u00e9 trait\u00e9 pour refl\u00e9ter l'utilisation intensive dans les ann\u00e9es 1930. M\u00eame l'int\u00e9rieur de la cabine de conduite porte de subtiles traces d'usure.<\/li>\n<\/ul>\n<p>Une valeur unique : la combinaison de la pr\u00e9cision du mod\u00e8le CMC et de la finition artistique fait de cette LO 2750 une pi\u00e8ce unique absolue \u00e0 forte valeur de collection pour les amateurs qui appr\u00e9cient le charme du pass\u00e9 et le savoir-faire du weathering.<\/p>\n<p>Ce mod\u00e8le est un hommage \u00e0 l'ing\u00e9nierie de Mercedes-Benz et une preuve de la capacit\u00e9 de Klaus Exner \u00e0 transformer un mod\u00e8le statique en un point de mire historique.<\/p>\n<p>Num\u00e9ro d'article : M-170-EX<\/p>","protected":false},"excerpt":{"rendered":"<p>1:18 &#8211; M-170-EX &#8211; 2-neuwertig &#8211; 925,00 \u20ac<\/p>","protected":false},"featured_media":57231,"comment_status":"open","ping_status":"closed","template":"","meta":[],"product_brand":[537],"product_cat":[18,45,56,20,21],"product_tag":[731],"class_list":{"0":"post-57389","1":"product","2":"type-product","3":"status-publish","4":"has-post-thumbnail","6":"product_brand-cmc","7":"product_cat-cmc","8":"product_cat-neuzugang","9":"product_cat-porsche","10":"product_cat-titel","11":"product_cat-verfuegbar","12":"product_tag-ferrari-275-gtb-c","13":"pa_automarke-ferrari","14":"pa_decade-1960s","15":"pa_fahrzeugtyp-coupe","16":"pa_farbe-silber","17":"pa_limitiert-ja","18":"pa_massstab-1-18","19":"pa_modelmarke-cmc","20":"pa_modeltyp-alles-zum-oeffnen","21":"pa_modeltyp-fertigmodell","22":"pa_status-beim-hersteller-ausverkauft","23":"pa_verfuegbarkeit-sofort-verfuegbar","24":"pa_zustand_modell-1-brandneu","25":"pa_zustand_verpackung-1-brandneu","27":"first","28":"instock","29":"purchasable","30":"product-type-simple"},"jetpack_sharing_enabled":true,"_links":{"self":[{"href":"https:\/\/www.modelcars24.de\/fr\/wp-json\/wp\/v2\/product\/57389","targetHints":{"allow":["GET"]}}],"collection":[{"href":"https:\/\/www.modelcars24.de\/fr\/wp-json\/wp\/v2\/product"}],"about":[{"href":"https:\/\/www.modelcars24.de\/fr\/wp-json\/wp\/v2\/types\/product"}],"replies":[{"embeddable":true,"href":"https:\/\/www.modelcars24.de\/fr\/wp-json\/wp\/v2\/comments?post=57389"}],"version-history":[{"count":0,"href":"https:\/\/www.modelcars24.de\/fr\/wp-json\/wp\/v2\/product\/57389\/revisions"}],"wp:featuredmedia":[{"embeddable":true,"href":"https:\/\/www.modelcars24.de\/fr\/wp-json\/wp\/v2\/media\/57231"}],"wp:attachment":[{"href":"https:\/\/www.modelcars24.de\/fr\/wp-json\/wp\/v2\/media?parent=57389"}],"wp:term":[{"taxonomy":"product_brand","embeddable":true,"href":"https:\/\/www.modelcars24.de\/fr\/wp-json\/wp\/v2\/product_brand?post=57389"},{"taxonomy":"product_cat","embeddable":true,"href":"https:\/\/www.modelcars24.de\/fr\/wp-json\/wp\/v2\/product_cat?post=57389"},{"taxonomy":"product_tag","embeddable":true,"href":"https:\/\/www.modelcars24.de\/fr\/wp-json\/wp\/v2\/product_tag?post=57389"}],"curies":[{"name":"wp","href":"https:\/\/api.w.org\/{rel}","templated":true}]}}