{"id":58997,"date":"2025-12-10T13:54:11","date_gmt":"2025-12-10T12:54:11","guid":{"rendered":"https:\/\/www.modelcars24.de\/?post_type=product&#038;p=58997"},"modified":"2026-02-11T14:16:42","modified_gmt":"2026-02-11T13:16:42","slug":"lotus-72d-1972-british-gp-emerson-fittipaldi","status":"publish","type":"product","link":"https:\/\/www.modelcars24.de\/fr\/lotus-72d-1972-british-gp-emerson-fittipaldi\/","title":{"rendered":"Lotus 72D - 1972 British GP - Emerson Fittipaldi - 1\/8 mod\u00e8le fini"},"content":{"rendered":"<h1>Lotus 72D - 1972 British GP - Emerson Fittipaldi - 1:8 mod\u00e8le fini<\/h1>\n<p>La l\u00e9gende en grand : Lotus 72D - Emerson Fittipaldi (British GP 1972) \u00e0 l'\u00e9chelle 1:8<br \/>\nNous vous pr\u00e9sentons une pi\u00e8ce de collection exceptionnelle qui c\u00e9l\u00e8bre l'\u00e2ge d'or de la Formule 1 dans une taille impressionnante : la Lotus 72D \u00e0 l'\u00e9chelle imposante de 1\/8. Ce mod\u00e8le fini incarne la voiture qu'Emerson Fittipaldi a conduite lors du Grand Prix de Grande-Bretagne de 1972, une course qui lui a ouvert la voie vers le titre de champion du monde cette ann\u00e9e-l\u00e0.<\/p>\n<p>La perfection du montage et de la finition<br \/>\nCe mod\u00e8le n'est pas un simple kit, mais un chef-d'\u0153uvre enti\u00e8rement assembl\u00e9 qui se distingue par une qualit\u00e9 de finition exceptionnelle et une vaste finition des d\u00e9tails. Le montage a \u00e9t\u00e9 r\u00e9alis\u00e9 au plus haut niveau, ce qui se refl\u00e8te dans chaque d\u00e9tail :<\/p>\n<ul>\n<li>Kit de d\u00e9tails de haute qualit\u00e9 : des kits de d\u00e9tails sp\u00e9ciaux ont \u00e9t\u00e9 install\u00e9s pour pousser le r\u00e9alisme \u00e0 l'extr\u00eame. Cela comprend l'ajout de c\u00e2bles, de tuyaux et de conduites qui donnent vie au compartiment moteur et au cockpit de mani\u00e8re authentique.<\/li>\n<li>Des composants m\u00e9talliques d'une grande finesse : Le mod\u00e8le dispose d'anneaux de jantes en aluminium (int\u00e9rieur et ext\u00e9rieur) et d'entonnoirs en aluminium (air-intakes) travaill\u00e9s de mani\u00e8re r\u00e9aliste, ce qui conf\u00e8re \u00e0 la voiture une finition incomparable. Les carburateurs ont \u00e9galement \u00e9t\u00e9 m\u00e9ticuleusement travaill\u00e9s.<\/li>\n<li>Aspect impeccable : la peinture embl\u00e9matique aux couleurs de John Player Special (JPS) est d'un brillant profond et les d\u00e9cals sont parfaitement appliqu\u00e9s.<\/li>\n<li>Accessoires : pour la pr\u00e9sentation et le rangement, des vis de fixation et des entretoises sp\u00e9ciales sont jointes au mod\u00e8le. Une plaquette compl\u00e9mentaire contenant des informations sur le mod\u00e8le et la course compl\u00e8te cette offre exclusive.<\/li>\n<\/ul>\n<p>Emerson Fittipaldi et la 72D<br \/>\nLa Lotus 72 est consid\u00e9r\u00e9e comme l'une des voitures de Formule 1 les plus r\u00e9volutionnaires et les plus r\u00e9ussies de tous les temps. Fittipaldi a utilis\u00e9 la version D am\u00e9lior\u00e9e pour remporter le championnat du monde en 1972. L'\u00e9chelle 1:8 permet de d\u00e9couvrir les lignes \u00e9l\u00e9gantes et cun\u00e9iformes de la 72D ainsi que ses innovations techniques avec une profondeur in\u00e9gal\u00e9e.<\/p>\n<p>Ce mod\u00e8le fini aux d\u00e9tails soign\u00e9s est une pi\u00e8ce d'exposition centrale pour tout collectionneur s\u00e9rieux de sport automobile qui appr\u00e9cie non seulement l'histoire, mais aussi la plus haute forme d'art du mod\u00e9lisme.<\/p>\n<p>Num\u00e9ro d'article : HK114-VR<\/p>","protected":false},"excerpt":{"rendered":"<p>1:8 &#8211; 1-brandneu &#8211; 4960.00 \u20ac inkl. 19% Vat<\/p>","protected":false},"featured_media":59001,"comment_status":"open","ping_status":"closed","template":"","meta":[],"product_brand":[895],"product_cat":[291,451,21],"product_tag":[78,393,265,394],"class_list":{"0":"post-58997","1":"product","2":"type-product","3":"status-publish","4":"has-post-thumbnail","6":"product_brand-pocher","7":"product_cat-lotus","8":"product_cat-pocher","9":"product_cat-verfuegbar","10":"product_tag-angebot","11":"product_tag-gt-spirit","12":"product_tag-porsche","13":"product_tag-sofort-verfuegbar","14":"pa_automarke-porsche","15":"pa_decade-1960s","16":"pa_fahrzeugtyp-gt-rennen","17":"pa_limitiert-ja","18":"pa_massstab-1-8","19":"pa_modelmarke-pocher","20":"pa_modeltyp-alles-zum-oeffnen","21":"pa_modeltyp-bausatz","22":"pa_status-beim-hersteller-verfuegbar","23":"pa_verfuegbarkeit-sofort-verfuegbar","24":"pa_zustand_modell-1-brandneu","25":"pa_zustand_verpackung-1-brandneu","27":"first","28":"instock","29":"taxable","30":"shipping-taxable","31":"purchasable","32":"product-type-simple"},"jetpack_sharing_enabled":true,"_links":{"self":[{"href":"https:\/\/www.modelcars24.de\/fr\/wp-json\/wp\/v2\/product\/58997","targetHints":{"allow":["GET"]}}],"collection":[{"href":"https:\/\/www.modelcars24.de\/fr\/wp-json\/wp\/v2\/product"}],"about":[{"href":"https:\/\/www.modelcars24.de\/fr\/wp-json\/wp\/v2\/types\/product"}],"replies":[{"embeddable":true,"href":"https:\/\/www.modelcars24.de\/fr\/wp-json\/wp\/v2\/comments?post=58997"}],"version-history":[{"count":2,"href":"https:\/\/www.modelcars24.de\/fr\/wp-json\/wp\/v2\/product\/58997\/revisions"}],"predecessor-version":[{"id":59000,"href":"https:\/\/www.modelcars24.de\/fr\/wp-json\/wp\/v2\/product\/58997\/revisions\/59000"}],"wp:featuredmedia":[{"embeddable":true,"href":"https:\/\/www.modelcars24.de\/fr\/wp-json\/wp\/v2\/media\/59001"}],"wp:attachment":[{"href":"https:\/\/www.modelcars24.de\/fr\/wp-json\/wp\/v2\/media?parent=58997"}],"wp:term":[{"taxonomy":"product_brand","embeddable":true,"href":"https:\/\/www.modelcars24.de\/fr\/wp-json\/wp\/v2\/product_brand?post=58997"},{"taxonomy":"product_cat","embeddable":true,"href":"https:\/\/www.modelcars24.de\/fr\/wp-json\/wp\/v2\/product_cat?post=58997"},{"taxonomy":"product_tag","embeddable":true,"href":"https:\/\/www.modelcars24.de\/fr\/wp-json\/wp\/v2\/product_tag?post=58997"}],"curies":[{"name":"wp","href":"https:\/\/api.w.org\/{rel}","templated":true}]}}