{"id":60093,"date":"2026-01-28T17:16:51","date_gmt":"2026-01-28T16:16:51","guid":{"rendered":"https:\/\/www.modelcars24.de\/?post_type=product&#038;p=60093"},"modified":"2026-02-03T16:36:07","modified_gmt":"2026-02-03T15:36:07","slug":"pocher-hk124-ducati-panigale-v2-superquadro-final-edition","status":"publish","type":"product","link":"https:\/\/www.modelcars24.de\/fr\/pocher-hk124-ducati-panigale-v2-superquadro-final-edition\/","title":{"rendered":"Pocher HK124 Ducati Panigale - V2 Superquadro Final Edition - 1:4 Scale Kit"},"content":{"rendered":"<h1>Pocher HK124 Ducati Panigale - V2 Superquadro Final Edition<\/h1>\n<p>Le kit HK124 Ducati Panigale V4 Superquadro Final Edition \u00e0 l'\u00e9chelle imposante de 1:4 est un hommage au l\u00e9gendaire moteur L-Twin. Ce kit haut de gamme se distingue par son extr\u00eame fid\u00e9lit\u00e9 aux d\u00e9tails : le car\u00e9nage est en m\u00e9tal de haute qualit\u00e9 (Die-Cast), compl\u00e9t\u00e9 par une suspension fonctionnelle et une cha\u00eene de transmission fid\u00e8le \u00e0 l'original.<\/p>\n<p>Le point fort particulier est la peinture de collection en rouge, blanc et noir avec des graphiques exclusifs. Avec plus de 600 composants, le mod\u00e8le offre une exp\u00e9rience de vissage de premier ordre - sans aucun collage. Un must pour les passionn\u00e9s de Ducati et les collectionneurs exigeants.<\/p>\n<p>limit\u00e9 \u00e0 500 pi\u00e8ces<\/p>\n<p>Num\u00e9ro d'article : HK124<\/p>","protected":false},"excerpt":{"rendered":"<p>HK 124 &#8211; preorder \u2013 899,00 \u20ac inkl. 19% Vat<\/p>","protected":false},"featured_media":60094,"comment_status":"open","ping_status":"closed","template":"","meta":{"_acf_changed":false},"product_brand":[895],"product_cat":[409,300,451,262],"product_tag":[78,393,265,394],"class_list":{"0":"post-60093","1":"product","2":"type-product","3":"status-publish","4":"has-post-thumbnail","6":"product_brand-pocher","7":"product_cat-ducati","8":"product_cat-lamborghini","9":"product_cat-pocher","10":"product_cat-vorbestellbar","11":"product_tag-angebot","12":"product_tag-gt-spirit","13":"product_tag-porsche","14":"product_tag-sofort-verfuegbar","15":"pa_automarke-lamborghini","16":"pa_decade-2010s","17":"pa_fahrzeugtyp-coupe","18":"pa_farbe-gelb","19":"pa_limitiert-ja","20":"pa_massstab-1-8","21":"pa_modelmarke-pocher","22":"pa_modeltyp-alles-zum-oeffnen","23":"pa_modeltyp-bausatz","24":"pa_status-beim-hersteller-verfuegbar","25":"pa_verfuegbarkeit-sofort-verfuegbar","26":"pa_zustand_modell-1-brandneu","27":"pa_zustand_verpackung-1-brandneu","29":"first","30":"instock","31":"sale","32":"taxable","33":"shipping-taxable","34":"purchasable","35":"product-type-simple"},"acf":[],"jetpack_sharing_enabled":true,"_links":{"self":[{"href":"https:\/\/www.modelcars24.de\/fr\/wp-json\/wp\/v2\/product\/60093","targetHints":{"allow":["GET"]}}],"collection":[{"href":"https:\/\/www.modelcars24.de\/fr\/wp-json\/wp\/v2\/product"}],"about":[{"href":"https:\/\/www.modelcars24.de\/fr\/wp-json\/wp\/v2\/types\/product"}],"replies":[{"embeddable":true,"href":"https:\/\/www.modelcars24.de\/fr\/wp-json\/wp\/v2\/comments?post=60093"}],"version-history":[{"count":7,"href":"https:\/\/www.modelcars24.de\/fr\/wp-json\/wp\/v2\/product\/60093\/revisions"}],"predecessor-version":[{"id":60117,"href":"https:\/\/www.modelcars24.de\/fr\/wp-json\/wp\/v2\/product\/60093\/revisions\/60117"}],"wp:featuredmedia":[{"embeddable":true,"href":"https:\/\/www.modelcars24.de\/fr\/wp-json\/wp\/v2\/media\/60094"}],"wp:attachment":[{"href":"https:\/\/www.modelcars24.de\/fr\/wp-json\/wp\/v2\/media?parent=60093"}],"wp:term":[{"taxonomy":"product_brand","embeddable":true,"href":"https:\/\/www.modelcars24.de\/fr\/wp-json\/wp\/v2\/product_brand?post=60093"},{"taxonomy":"product_cat","embeddable":true,"href":"https:\/\/www.modelcars24.de\/fr\/wp-json\/wp\/v2\/product_cat?post=60093"},{"taxonomy":"product_tag","embeddable":true,"href":"https:\/\/www.modelcars24.de\/fr\/wp-json\/wp\/v2\/product_tag?post=60093"}],"curies":[{"name":"wp","href":"https:\/\/api.w.org\/{rel}","templated":true}]}}