{"id":60216,"date":"2026-01-29T09:50:01","date_gmt":"2026-01-29T08:50:01","guid":{"rendered":"https:\/\/www.modelcars24.de\/?post_type=product&#038;p=60216"},"modified":"2026-01-29T10:57:30","modified_gmt":"2026-01-29T09:57:30","slug":"amalgame-ferrari-sf1000","status":"publish","type":"product","link":"https:\/\/www.modelcars24.de\/fr\/amalgam-ferrari-sf1000\/","title":{"rendered":"Amalgame Ferrari SF1000 - 1000\u00e8me peinture Grand Prix - 2020 Toscane Grand Prix | Charles Leclerc 1\/18"},"content":{"rendered":"<h2>Amalgame Ferrari SF1000 - 1000\u00e8me peinture Grand Prix - 2020 Toscane Grand Prix | Charles Leclerc 1\/18<\/h2>\n<ul>\n<li>Limit\u00e9e \u00e0 500 exemplaires seulement<\/li>\n<li>Des versions Leclerc et Vettel sont disponibles<\/li>\n<li>Chaque mod\u00e8le a \u00e9t\u00e9 fabriqu\u00e9 et assembl\u00e9 \u00e0 la main par une petite \u00e9quipe d'artisans.<\/li>\n<li>Mod\u00e8le \u00e0 l'\u00e9chelle 1:18, plus de 31 cm de long<\/li>\n<li>Fabriqu\u00e9 \u00e0 partir des meilleurs mat\u00e9riaux<\/li>\n<li>Plus de 800 heures pour d\u00e9velopper le mod\u00e8le<\/li>\n<li>Des milliers de pi\u00e8ces con\u00e7ues avec pr\u00e9cision : Pi\u00e8ces moul\u00e9es, photogravures et composants m\u00e9talliques usin\u00e9s CNC<\/li>\n<li>Avec une brochure de certificat pour le 1000e Grand Prix de Ferrari<\/li>\n<li>Construit avec les designs CAO originaux et les codes couleur de Scuderia Ferrari<\/li>\n<\/ul>\n<p>Scuderia Ferrari, la seule \u00e9quipe omnipr\u00e9sente en Formule 1, est sans aucun doute le nom le plus c\u00e9l\u00e8bre de ce sport et sans aucun doute le plus couronn\u00e9 de succ\u00e8s avec 238 victoires en course et 31 titres au total, une nette avance sur chacun de ses rivaux. Le nom de Ferrari pr\u00e9c\u00e8de la Formule 1 avec ses d\u00e9buts modestes d'avant-guerre en tant que division de course d'Alfa Romeo aux mains d'Enzo Ferrari, avant que la premi\u00e8re Ferrari, la 125 S, ne soit construite en 1947. Le premier championnat de Formule 1 a \u00e9t\u00e9 cr\u00e9\u00e9 en 1950 et Ferrari a fait ses d\u00e9buts lors de la deuxi\u00e8me course \u00e0 Monaco. Malgr\u00e9 seulement sept courses en 1950 et des adversaires redoutables au sein de la dominante Alfa Romeo, il a fallu attendre juillet 1951 pour que Jos\u00e9 Froil\u00e1n Gonz\u00e1lez remporte la premi\u00e8re victoire de Ferrari, et seulement une saison suppl\u00e9mentaire pour qu'Alberto Ascari remporte leur premier championnat des pilotes. Ferrari \u00e9tait d\u00e9j\u00e0 mondialement connue au d\u00e9but de la d\u00e9cennie suivante, remportant en 1961 le premier de ses concours de constructeurs et d\u00e9j\u00e0 son cinqui\u00e8me titre de pilote. Comme de nombreuses \u00e9quipes de Formule 1 ont connu des hauts et des bas au fil du temps, Ferrari a continu\u00e9 \u00e0 s'adapter, d\u00e9passant et remportant un total de 10 titres entre 1960 et 1980, puis l'\u00e2ge d'or, avec Michael Schumacher et le chef technique Ross Brawn. Ferrari obtiendrait six titres directs de constructeur de 1999 \u00e0 2004, Schumacher \u00e9tant le vainqueur pilote de toutes ces saisons sauf une. Au cours des 1000 premi\u00e8res courses, 75 pilotes ont couru pour la Scuderia et 35 autres participants ont couru \u00e0 titre priv\u00e9 dans des Ferrari. 38 pilotes ont remport\u00e9 au moins une victoire en Grand Prix, tandis que 9 ont endoss\u00e9 le manteau de champion du monde avec les c\u00e9l\u00e8bres combinaisons de course rouges.<\/p>\n<p>Num\u00e9ro d'article : 6050<\/p>","protected":false},"excerpt":{"rendered":"<p>Amalgame Ferrari f1 modelcar, amg-5, scale 1:18 available at www.modelcars24.de<\/p>","protected":false},"featured_media":60226,"comment_status":"open","ping_status":"closed","template":"","meta":[],"product_brand":[864],"product_cat":[286,63,21],"product_tag":[288,209,202],"class_list":{"0":"post-60216","1":"product","2":"type-product","3":"status-publish","4":"has-post-thumbnail","6":"product_brand-amalgam","7":"product_cat-amalgam","8":"product_cat-ferrari","9":"product_cat-verfuegbar","10":"product_tag-amalgam","11":"product_tag-ferrari","12":"product_tag-verfuegbar","13":"pa_automarke-ferrari","14":"pa_decade-2020s","15":"pa_fahrzeugtyp-coupe","16":"pa_massstab-1-18","17":"pa_modelmarke-amalgam","18":"pa_modeltyp-fertigmodell","19":"pa_modeltyp-geschlossen","20":"pa_status-beim-hersteller-verfuegbar","21":"pa_verfuegbarkeit-5-tage-lieferzeit","22":"pa_zustand_modell-1-brandneu","23":"pa_zustand_verpackung-1-brandneu","25":"first","26":"instock","27":"taxable","28":"shipping-taxable","29":"purchasable","30":"product-type-simple"},"jetpack_sharing_enabled":true,"_links":{"self":[{"href":"https:\/\/www.modelcars24.de\/fr\/wp-json\/wp\/v2\/product\/60216","targetHints":{"allow":["GET"]}}],"collection":[{"href":"https:\/\/www.modelcars24.de\/fr\/wp-json\/wp\/v2\/product"}],"about":[{"href":"https:\/\/www.modelcars24.de\/fr\/wp-json\/wp\/v2\/types\/product"}],"replies":[{"embeddable":true,"href":"https:\/\/www.modelcars24.de\/fr\/wp-json\/wp\/v2\/comments?post=60216"}],"version-history":[{"count":1,"href":"https:\/\/www.modelcars24.de\/fr\/wp-json\/wp\/v2\/product\/60216\/revisions"}],"predecessor-version":[{"id":60227,"href":"https:\/\/www.modelcars24.de\/fr\/wp-json\/wp\/v2\/product\/60216\/revisions\/60227"}],"wp:featuredmedia":[{"embeddable":true,"href":"https:\/\/www.modelcars24.de\/fr\/wp-json\/wp\/v2\/media\/60226"}],"wp:attachment":[{"href":"https:\/\/www.modelcars24.de\/fr\/wp-json\/wp\/v2\/media?parent=60216"}],"wp:term":[{"taxonomy":"product_brand","embeddable":true,"href":"https:\/\/www.modelcars24.de\/fr\/wp-json\/wp\/v2\/product_brand?post=60216"},{"taxonomy":"product_cat","embeddable":true,"href":"https:\/\/www.modelcars24.de\/fr\/wp-json\/wp\/v2\/product_cat?post=60216"},{"taxonomy":"product_tag","embeddable":true,"href":"https:\/\/www.modelcars24.de\/fr\/wp-json\/wp\/v2\/product_tag?post=60216"}],"curies":[{"name":"wp","href":"https:\/\/api.w.org\/{rel}","templated":true}]}}