{"id":60287,"date":"2026-04-28T00:00:00","date_gmt":"2026-04-27T22:00:00","guid":{"rendered":"https:\/\/www.modelcars24.de\/?post_type=product&#038;p=60287"},"modified":"2026-05-04T15:43:59","modified_gmt":"2026-05-04T13:43:59","slug":"cmc-mercedes-benz-300-sl-w198-softtop-vert","status":"publish","type":"product","link":"https:\/\/www.modelcars24.de\/fr\/cmc-mercedes-benz-300-sl-w198-softtop-gruen\/","title":{"rendered":"CMC Mercedes-Benz 300 SL,W198, Softtop , vert \/ vert Limited Edition 1500 pi\u00e8ces"},"content":{"rendered":"<h2>CMC Mercedes-Benz 300 SL, W198, Softtop , vert \/ vert Limited Edition 1500 pi\u00e8cesMod\u00e8le de collection de haute qualit\u00e9 \u00e0 l'\u00e9chelle 1:18 M-294<\/h2>\n<p>Le roadster CMC Mercedes-Benz 300 SL (1957-1963) offrait un acc\u00e8s normal, des freins \u00e0 disque et une vitesse de pointe de 250 km\/h gr\u00e2ce \u00e0 un nouveau cadre. Avec 1.858 voitures construites, cette voiture de sport de 215 ch a fond\u00e9 le mythe de la s\u00e9rie SL.<\/p>\n<p>La CMC Mercedes-Benz 300 SL est \u00e9galement un chef-d'\u0153uvre pour nous chez CMC : ce n'est que la deuxi\u00e8me fois que nous avons d\u00e9velopp\u00e9 un mod\u00e8le avec un toit en toile fonctionnel qui - fid\u00e8le au mod\u00e8le r\u00e9el - peut \u00eatre ouvert et ferm\u00e9. La cin\u00e9tique du couvercle du logement de la capote est fid\u00e8le au mod\u00e8le r\u00e9el : pour fermer la capote, on ouvre le logement de la capote, on d\u00e9ploie la capote et on la fixe au cadre de vitre avant, puis on ferme le couvercle du logement de la capote, on tire la capote vers le bas \u00e0 l'arri\u00e8re et on l'accroche au bord du couvercle.<\/p>\n<p>Nous sommes fiers de ce chef-d'\u0153uvre de m\u00e9canique de pr\u00e9cision, qui stimule \u00e9galement l'esprit ludique, et nous sommes heureux de pouvoir ainsi montrer de mani\u00e8re particuli\u00e8rement impressionnante l'un des \u00e9l\u00e9ments qui forment le caract\u00e8re du roadster 300 SL. Sur ce roadster CMC Mercedes-Benz 300 SL, les si\u00e8ges sont \u00e9galement rabattables et le cendrier sur le tableau de bord s'ouvre \u00e9galement. Mais ce n'est pas tout : les enjoliveurs peuvent \u00e9galement \u00eatre retir\u00e9s tr\u00e8s facilement et sans outil.<\/p>\n<p>Pour ouvrir les portes, il suffit de faire pivoter les poign\u00e9es de porte encastr\u00e9es \u00e0 fleur de surface - une solution qui \u00e9tait hautement futuriste dans les ann\u00e9es 1950 et qui n'a \u00e9t\u00e9 remise au go\u00fbt du jour que r\u00e9cemment.<br \/>\nUne harmonie en vert.<\/p>\n<p>CMC Mercedes-Benz 300 SL R\u00e9f\u00e9rence : M-294<\/p>","protected":false},"excerpt":{"rendered":"<p>M-294 &#8211; preorder -anstatt 724 \u20ac jetzt 650 \u20ac inkl. 19% Vat<\/p>","protected":false},"featured_media":60400,"comment_status":"open","ping_status":"closed","template":"","meta":[],"product_brand":[537],"product_cat":[506,18,19,262],"product_tag":[955,46,449,263],"class_list":{"0":"post-60287","1":"product","2":"type-product","3":"status-publish","4":"has-post-thumbnail","6":"product_brand-cmc","7":"product_cat-1-o","8":"product_cat-cmc","9":"product_cat-mercedes-benz","10":"product_cat-vorbestellbar","11":"product_tag-1-m","12":"product_tag-cmc","13":"product_tag-mercedes-benz","14":"product_tag-vorbestellbar","15":"pa_automarke-mercedes","16":"pa_decade-1950s","17":"pa_fahrzeugtyp-cabrio","18":"pa_massstab-1-18","19":"pa_modelmarke-cmc","20":"pa_modeltyp-alles-zum-oeffnen","21":"pa_modeltyp-fertigmodell","22":"pa_status-beim-hersteller-verfuegbar","23":"pa_verfuegbarkeit-vorbestellbar","24":"pa_zustand_modell-1-brandneu","25":"pa_zustand_verpackung-1-brandneu","27":"first","28":"instock","29":"sale","30":"taxable","31":"shipping-taxable","32":"purchasable","33":"product-type-simple"},"jetpack_sharing_enabled":true,"_links":{"self":[{"href":"https:\/\/www.modelcars24.de\/fr\/wp-json\/wp\/v2\/product\/60287","targetHints":{"allow":["GET"]}}],"collection":[{"href":"https:\/\/www.modelcars24.de\/fr\/wp-json\/wp\/v2\/product"}],"about":[{"href":"https:\/\/www.modelcars24.de\/fr\/wp-json\/wp\/v2\/types\/product"}],"replies":[{"embeddable":true,"href":"https:\/\/www.modelcars24.de\/fr\/wp-json\/wp\/v2\/comments?post=60287"}],"version-history":[{"count":4,"href":"https:\/\/www.modelcars24.de\/fr\/wp-json\/wp\/v2\/product\/60287\/revisions"}],"predecessor-version":[{"id":60402,"href":"https:\/\/www.modelcars24.de\/fr\/wp-json\/wp\/v2\/product\/60287\/revisions\/60402"}],"wp:featuredmedia":[{"embeddable":true,"href":"https:\/\/www.modelcars24.de\/fr\/wp-json\/wp\/v2\/media\/60400"}],"wp:attachment":[{"href":"https:\/\/www.modelcars24.de\/fr\/wp-json\/wp\/v2\/media?parent=60287"}],"wp:term":[{"taxonomy":"product_brand","embeddable":true,"href":"https:\/\/www.modelcars24.de\/fr\/wp-json\/wp\/v2\/product_brand?post=60287"},{"taxonomy":"product_cat","embeddable":true,"href":"https:\/\/www.modelcars24.de\/fr\/wp-json\/wp\/v2\/product_cat?post=60287"},{"taxonomy":"product_tag","embeddable":true,"href":"https:\/\/www.modelcars24.de\/fr\/wp-json\/wp\/v2\/product_tag?post=60287"}],"curies":[{"name":"wp","href":"https:\/\/api.w.org\/{rel}","templated":true}]}}