{"id":60295,"date":"2026-04-23T00:00:00","date_gmt":"2026-04-22T22:00:00","guid":{"rendered":"https:\/\/www.modelcars24.de\/?post_type=product&#038;p=60295"},"modified":"2026-04-24T12:29:26","modified_gmt":"2026-04-24T10:29:26","slug":"cmc-mercedes-benz-500k-special-roadster-white-exterieur-white-interieur-beige-limited-edition-1500-pieces","status":"publish","type":"product","link":"https:\/\/www.modelcars24.de\/fr\/cmc-mercedes-benz-500k-spezial-roadster-white-exterieur-white-interieur-beige-limited-edition-1500-stueck\/","title":{"rendered":"CMC Mercedes Benz 500K Spezial Roadster, white Exterieur white , Int\u00e9rieur beige Limited Edition 1500 pi\u00e8ces"},"content":{"rendered":"<p>CMC Mercedes Benz 500K Spezial Roadster, white Exterieur white , Int\u00e9rieur beige Limited Edition 1500 pi\u00e8ces. Mod\u00e8le de collection de haute qualit\u00e9 \u00e0 l'\u00e9chelle 1:18 M-312<\/p>\n<p>La Mercedes 500 K Spezial-Roadster (W29) est une ic\u00f4ne des ann\u00e9es 1930. Avec son moteur \u00e0 compresseur de 5 litres et 160 ch, elle allie luxe et \u00e9l\u00e9gance. Sa forme fluide en fait l'une des voitures classiques les plus pr\u00e9cieuses au monde.<\/p>\n<p>Pour nous, chez CMC, la 500 K Spezial Roadster est un compagnon de longue date, mais aussi un compagnon durable.<br \/>\nD'une part, ce v\u00e9hicule \u00e9tait l'un des premiers mod\u00e8les que nous avons produits il y a 30 ans, lorsque nous avons d\u00e9but\u00e9,<br \/>\nde concevoir et de construire des mod\u00e8les de haute qualit\u00e9, \u00e0 l'\u00e9poque encore<br \/>\n\u00c9chelle 1:24.<br \/>\nLes lignes uniques et reconnaissables du roadster 500 K Spezial ont \u00e9galement inspir\u00e9 les lignes sugg\u00e9r\u00e9es de la voiture qui orne notre logo. Dans cette mesure, la voiture \u00e9tait et est toujours pr\u00e9sente - maintenant \u00e0 nouveau dans une nouvelle \u00e9dition \u00e0 l'\u00e9chelle 1:18.<\/p>\n<p>Num\u00e9ro d'article : M-312<\/p>","protected":false},"excerpt":{"rendered":"<p>M-312 &#8211; preorder -anstatt 685 \u20ac jetzt 615 \u20ac inkl. 19% Vat<\/p>","protected":false},"featured_media":60261,"comment_status":"open","ping_status":"closed","template":"","meta":[],"product_brand":[537],"product_cat":[18,19,262],"product_tag":[955,46,449,263],"class_list":{"0":"post-60295","1":"product","2":"type-product","3":"status-publish","4":"has-post-thumbnail","6":"product_brand-cmc","7":"product_cat-cmc","8":"product_cat-mercedes-benz","9":"product_cat-vorbestellbar","10":"product_tag-1-m","11":"product_tag-cmc","12":"product_tag-mercedes-benz","13":"product_tag-vorbestellbar","14":"pa_automarke-mercedes","15":"pa_decade-1930s","16":"pa_fahrzeugtyp-cabrio","17":"pa_massstab-1-18","18":"pa_modelmarke-cmc","19":"pa_modeltyp-alles-zum-oeffnen","20":"pa_modeltyp-fertigmodell","21":"pa_status-beim-hersteller-verfuegbar","22":"pa_verfuegbarkeit-vorbestellbar","23":"pa_zustand_modell-1-brandneu","24":"pa_zustand_verpackung-1-brandneu","26":"first","27":"instock","28":"sale","29":"taxable","30":"shipping-taxable","31":"purchasable","32":"product-type-simple"},"jetpack_sharing_enabled":true,"_links":{"self":[{"href":"https:\/\/www.modelcars24.de\/fr\/wp-json\/wp\/v2\/product\/60295","targetHints":{"allow":["GET"]}}],"collection":[{"href":"https:\/\/www.modelcars24.de\/fr\/wp-json\/wp\/v2\/product"}],"about":[{"href":"https:\/\/www.modelcars24.de\/fr\/wp-json\/wp\/v2\/types\/product"}],"replies":[{"embeddable":true,"href":"https:\/\/www.modelcars24.de\/fr\/wp-json\/wp\/v2\/comments?post=60295"}],"version-history":[{"count":4,"href":"https:\/\/www.modelcars24.de\/fr\/wp-json\/wp\/v2\/product\/60295\/revisions"}],"predecessor-version":[{"id":60353,"href":"https:\/\/www.modelcars24.de\/fr\/wp-json\/wp\/v2\/product\/60295\/revisions\/60353"}],"wp:featuredmedia":[{"embeddable":true,"href":"https:\/\/www.modelcars24.de\/fr\/wp-json\/wp\/v2\/media\/60261"}],"wp:attachment":[{"href":"https:\/\/www.modelcars24.de\/fr\/wp-json\/wp\/v2\/media?parent=60295"}],"wp:term":[{"taxonomy":"product_brand","embeddable":true,"href":"https:\/\/www.modelcars24.de\/fr\/wp-json\/wp\/v2\/product_brand?post=60295"},{"taxonomy":"product_cat","embeddable":true,"href":"https:\/\/www.modelcars24.de\/fr\/wp-json\/wp\/v2\/product_cat?post=60295"},{"taxonomy":"product_tag","embeddable":true,"href":"https:\/\/www.modelcars24.de\/fr\/wp-json\/wp\/v2\/product_tag?post=60295"}],"curies":[{"name":"wp","href":"https:\/\/api.w.org\/{rel}","templated":true}]}}