{"id":61154,"date":"2026-02-20T15:27:36","date_gmt":"2026-02-20T14:27:36","guid":{"rendered":"https:\/\/www.modelcars24.de\/?post_type=product&#038;p=61154"},"modified":"2026-02-23T15:33:59","modified_gmt":"2026-02-23T14:33:59","slug":"autoart-porsche-911-993-bleu-78133-1-18","status":"publish","type":"product","link":"https:\/\/www.modelcars24.de\/fr\/autoart-porsche-911-993-blau-78133-1-18\/","title":{"rendered":"AUTOart Porsche 911 993 bleue 78133 - 1\/18"},"content":{"rendered":"<h3>AUTOart Porsche 911 993 bleue 78133<\/h3>\n<article class=\"teaser teaser-hero full-page-width-s is-vertical-l no-hover-line\">\n<div><\/div>\n<div class=\"teaser-image\">\n<p>La Porsche 911 (993) Carrera d'AUTOart \u00e0 l'\u00e9chelle 1:18 (r\u00e9f\u00e9rence 78133) est un must absolu pour les collectionneurs. Dans sa couleur bleue distinctive, ce mod\u00e8le capture parfaitement l'\u00e9l\u00e9gance intemporelle de la derni\u00e8re g\u00e9n\u00e9ration de la Onze refroidie par air.<\/p>\n<p>Le niveau de d\u00e9tail est typiquement convaincant chez AUTOart : les portes, le capot avant et le cache moteur s'ouvrent et laissent entrevoir un int\u00e9rieur reproduit avec pr\u00e9cision ainsi que le moteur boxer embl\u00e9matique. Gr\u00e2ce \u00e0 la finition de haute qualit\u00e9 et aux proportions fid\u00e8les \u00e0 l'original, le mod\u00e8le donne l'impression d'avoir \u00e9t\u00e9 r\u00e9tr\u00e9ci.<\/p>\n<p>Un must pour les passionn\u00e9s de Porsche qui attachent de l'importance \u00e0 la qualit\u00e9 et \u00e0 l'authenticit\u00e9.<\/p>\n<\/div>\n<\/article>\n<p>Num\u00e9ro d'article : 78133<\/p>\n<p>1-marque neuve<\/p>","protected":false},"excerpt":{"rendered":"<p>78133 &#8211; 1-brandneu &#8211; 235,00 \u20ac<\/p>","protected":false},"featured_media":61155,"comment_status":"open","ping_status":"closed","template":"","meta":{"_acf_changed":false},"product_brand":[846],"product_cat":[185,45,56,21],"product_tag":[186,187,188,189],"class_list":{"0":"post-61154","1":"product","2":"type-product","3":"status-publish","4":"has-post-thumbnail","6":"product_brand-autoart","7":"product_cat-autoart","8":"product_cat-neuzugang","9":"product_cat-porsche","10":"product_cat-verfuegbar","11":"product_tag-118-scale-diecast-replica-model","12":"product_tag-autoart","13":"product_tag-diecast-replica-model-by-autoart","14":"product_tag-gt3rs-for-sale","15":"pa_automarke-porsche","16":"pa_decade-2000s","17":"pa_fahrzeugtyp-coupe","18":"pa_farbe-gruen","19":"pa_limitiert-nein","20":"pa_massstab-1-18","21":"pa_modelmarke-autoart","22":"pa_modeltyp-alles-zum-oeffnen","23":"pa_modeltyp-fertigmodell","24":"pa_status-beim-hersteller-ausverkauft","25":"pa_verfuegbarkeit-sofort-verfuegbar","26":"pa_zustand_modell-2-neuwertig","27":"pa_zustand_verpackung-2-neuwertig","29":"first","30":"instock","31":"purchasable","32":"product-type-simple"},"acf":[],"jetpack_sharing_enabled":true,"_links":{"self":[{"href":"https:\/\/www.modelcars24.de\/fr\/wp-json\/wp\/v2\/product\/61154","targetHints":{"allow":["GET"]}}],"collection":[{"href":"https:\/\/www.modelcars24.de\/fr\/wp-json\/wp\/v2\/product"}],"about":[{"href":"https:\/\/www.modelcars24.de\/fr\/wp-json\/wp\/v2\/types\/product"}],"replies":[{"embeddable":true,"href":"https:\/\/www.modelcars24.de\/fr\/wp-json\/wp\/v2\/comments?post=61154"}],"version-history":[{"count":2,"href":"https:\/\/www.modelcars24.de\/fr\/wp-json\/wp\/v2\/product\/61154\/revisions"}],"predecessor-version":[{"id":61164,"href":"https:\/\/www.modelcars24.de\/fr\/wp-json\/wp\/v2\/product\/61154\/revisions\/61164"}],"wp:featuredmedia":[{"embeddable":true,"href":"https:\/\/www.modelcars24.de\/fr\/wp-json\/wp\/v2\/media\/61155"}],"wp:attachment":[{"href":"https:\/\/www.modelcars24.de\/fr\/wp-json\/wp\/v2\/media?parent=61154"}],"wp:term":[{"taxonomy":"product_brand","embeddable":true,"href":"https:\/\/www.modelcars24.de\/fr\/wp-json\/wp\/v2\/product_brand?post=61154"},{"taxonomy":"product_cat","embeddable":true,"href":"https:\/\/www.modelcars24.de\/fr\/wp-json\/wp\/v2\/product_cat?post=61154"},{"taxonomy":"product_tag","embeddable":true,"href":"https:\/\/www.modelcars24.de\/fr\/wp-json\/wp\/v2\/product_tag?post=61154"}],"curies":[{"name":"wp","href":"https:\/\/api.w.org\/{rel}","templated":true}]}}