{"id":61772,"date":"2026-03-06T11:23:04","date_gmt":"2026-03-06T10:23:04","guid":{"rendered":"https:\/\/www.modelcars24.de\/?post_type=product&#038;p=61772"},"modified":"2026-03-10T13:31:38","modified_gmt":"2026-03-10T12:31:38","slug":"autoart-porsche-911-997-gt2-rs","status":"publish","type":"product","link":"https:\/\/www.modelcars24.de\/fr\/autoart-porsche-911-997-gt2-rs\/","title":{"rendered":"AUTOart Porsche 911 (997) GT2 RS- 1\/18"},"content":{"rendered":"<h2>AUTOart Porsche 911 (997) GT2 RS - 1\/18 diecast<\/h2>\n<article class=\"teaser teaser-hero full-page-width-s is-vertical-l no-hover-line\">La Porsche 911 (997) GT2 RS d'Autoart, issue de la tr\u00e8s appr\u00e9ci\u00e9e s\u00e9rie Performance, est un must absolu pour toute collection haut de gamme. En tant que mod\u00e8le classique Diecast, elle s\u00e9duit par sa lourdeur et sa valeur qui font souvent d\u00e9faut aux mat\u00e9riaux composites modernes.<\/p>\n<p>Cet exemplaire est en super \u00e9tat et d\u00e9montre de mani\u00e8re impressionnante pourquoi Autoart est une r\u00e9f\u00e9rence dans ce segment :<\/p>\n<ul>\n<li>Pr\u00e9cision : les jeux sont parfaits, la peinture est impeccable.<\/li>\n<li>Details : Un compartiment moteur enti\u00e8rement d\u00e9taill\u00e9, des structures en carbone finement reproduites et un int\u00e9rieur fid\u00e8le \u00e0 l'original avec moquette feront battre le c\u0153ur des collectionneurs.<\/li>\n<li>Technique : Les roues avant directrices ainsi que les portes et les capots ouvrables r\u00e9v\u00e8lent l'\u00e9norme profondeur de la r\u00e9plique.<\/li>\n<\/ul>\n<p>Une pi\u00e8ce de collection hautement d\u00e9taill\u00e9e qui transporte parfaitement la violence brute de son mod\u00e8le de 620 chevaux dans la vitrine.<\/p>\n<\/article>\n<p>Num\u00e9ro d'article : 77964<\/p>\n<p>2nouvelle<\/p>","protected":false},"excerpt":{"rendered":"<p>77964 &#8211; 2-neuwertig &#8211; 185,00 \u20ac<\/p>","protected":false},"featured_media":61774,"comment_status":"open","ping_status":"closed","template":"","meta":{"_acf_changed":false},"product_brand":[846],"product_cat":[185,45,56,21],"product_tag":[186,187,188,189],"class_list":{"0":"post-61772","1":"product","2":"type-product","3":"status-publish","4":"has-post-thumbnail","6":"product_brand-autoart","7":"product_cat-autoart","8":"product_cat-neuzugang","9":"product_cat-porsche","10":"product_cat-verfuegbar","11":"product_tag-118-scale-diecast-replica-model","12":"product_tag-autoart","13":"product_tag-diecast-replica-model-by-autoart","14":"product_tag-gt3rs-for-sale","15":"pa_automarke-porsche","16":"pa_decade-2000s","17":"pa_fahrzeugtyp-coupe","18":"pa_farbe-gruen","19":"pa_limitiert-nein","20":"pa_massstab-1-18","21":"pa_modelmarke-autoart","22":"pa_modeltyp-alles-zum-oeffnen","23":"pa_modeltyp-fertigmodell","24":"pa_status-beim-hersteller-ausverkauft","25":"pa_verfuegbarkeit-sofort-verfuegbar","26":"pa_zustand_modell-2-neuwertig","27":"pa_zustand_verpackung-2-neuwertig","29":"first","30":"instock","31":"purchasable","32":"product-type-simple"},"acf":[],"jetpack_sharing_enabled":true,"_links":{"self":[{"href":"https:\/\/www.modelcars24.de\/fr\/wp-json\/wp\/v2\/product\/61772","targetHints":{"allow":["GET"]}}],"collection":[{"href":"https:\/\/www.modelcars24.de\/fr\/wp-json\/wp\/v2\/product"}],"about":[{"href":"https:\/\/www.modelcars24.de\/fr\/wp-json\/wp\/v2\/types\/product"}],"replies":[{"embeddable":true,"href":"https:\/\/www.modelcars24.de\/fr\/wp-json\/wp\/v2\/comments?post=61772"}],"version-history":[{"count":3,"href":"https:\/\/www.modelcars24.de\/fr\/wp-json\/wp\/v2\/product\/61772\/revisions"}],"predecessor-version":[{"id":61787,"href":"https:\/\/www.modelcars24.de\/fr\/wp-json\/wp\/v2\/product\/61772\/revisions\/61787"}],"wp:featuredmedia":[{"embeddable":true,"href":"https:\/\/www.modelcars24.de\/fr\/wp-json\/wp\/v2\/media\/61774"}],"wp:attachment":[{"href":"https:\/\/www.modelcars24.de\/fr\/wp-json\/wp\/v2\/media?parent=61772"}],"wp:term":[{"taxonomy":"product_brand","embeddable":true,"href":"https:\/\/www.modelcars24.de\/fr\/wp-json\/wp\/v2\/product_brand?post=61772"},{"taxonomy":"product_cat","embeddable":true,"href":"https:\/\/www.modelcars24.de\/fr\/wp-json\/wp\/v2\/product_cat?post=61772"},{"taxonomy":"product_tag","embeddable":true,"href":"https:\/\/www.modelcars24.de\/fr\/wp-json\/wp\/v2\/product_tag?post=61772"}],"curies":[{"name":"wp","href":"https:\/\/api.w.org\/{rel}","templated":true}]}}