{"id":61879,"date":"2026-03-10T14:40:06","date_gmt":"2026-03-10T13:40:06","guid":{"rendered":"https:\/\/www.modelcars24.de\/?post_type=product&#038;p=61879"},"modified":"2026-03-12T11:03:17","modified_gmt":"2026-03-12T10:03:17","slug":"modelcars24-authentique-cmc-ferrari-250-lm-le-mans-winner","status":"publish","type":"product","link":"https:\/\/www.modelcars24.de\/fr\/modelcars24-authentic-cmc-ferrari-250-lm-le-mans-winner\/","title":{"rendered":"modelcars24 authentique CMC Ferrari 250 LM Le Mans Winner 1965 Rindt\/Gregory"},"content":{"rendered":"<h3>modelcars24 authentique CMC Ferrari 250 LM Le Mans Winner 1965 Rindt\/Gregory<\/h3>\n<p>CMC M-263 pr\u00e9sente le ch\u00e2ssis 5893 avec lequel Jochen Rindt et Masten Gregory ont remport\u00e9 la sensationnelle victoire finale aux 24 heures du Mans 1965 sous la d\u00e9signation N.A.R.T. avec le num\u00e9ro de course #21. Dans notre s\u00e9rie Authentic, nous faisons na\u00eetre en exclusivit\u00e9 6 mod\u00e8les qui montrent la Ferrari dans l'\u00e9tat o\u00f9 elle aurait pu franchir la ligne d'arriv\u00e9e apr\u00e8s la bataille de chaleur meurtri\u00e8re.<\/p>\n<p>Les d\u00e9tails de l'\u00e9dition \u201eAfter Race\u201c :<br \/>\nJantes &amp; ch\u00e2ssis : comme l'original, notre mod\u00e8le poss\u00e8de des jantes peintes en argent sur lesquelles s'est d\u00e9pos\u00e9e, au fil des 24 heures, une \u00e9paisse couche de poussi\u00e8re de frein, d'usure des pneus et de salet\u00e9 de la route.<\/p>\n<p>Face avant : le museau distinctif et le d\u00e9flecteur sont marqu\u00e9s par d'innombrables insectes, t\u00e9moins des vitesses \u00e9lev\u00e9es de la ligne droite des Hunaudi\u00e8res.<\/p>\n<p>Traces sur la carrosserie : on trouve de l\u00e9g\u00e8res stries sur la carrosserie dues \u00e0 l'utilisation intensive du lave-glace. Les d\u00e9p\u00f4ts de suie typiques \u00e0 l'arri\u00e8re t\u00e9moignent \u00e9galement de la puissance du moteur V12.<\/p>\n<p>R\u00e9alisme des pit stops : dans l'effervescence des ravitaillements nocturnes, il n'\u00e9tait pas exclu qu'un peu d'essence se retrouve sur la carrosserie et y laisse des traces.<\/p>\n<p>\u00c9quipement exclusif<br \/>\nCe mod\u00e8le est livr\u00e9 avec une vitrine de haute qualit\u00e9, une plaque grav\u00e9e et un certificat. Il s'agit d'une pi\u00e8ce de collection strictement limit\u00e9e - seulement six exemplaires dans le monde - qui apporte l'atmosph\u00e8re incomparable de la course du Mans 1965 directement dans votre collection.<\/p>\n<p>Num\u00e9ro d'article : Mcars-M-263<\/p>","protected":false},"excerpt":{"rendered":"<p>1-brandneu &#8211; 1100,00 \u20ac inkl. 19% Vat<\/p>","protected":false},"featured_media":61883,"comment_status":"open","ping_status":"closed","template":"","meta":[],"product_brand":[841],"product_cat":[918,18,63,229,20,21],"product_tag":[],"class_list":{"0":"post-61879","1":"product","2":"type-product","3":"status-publish","4":"has-post-thumbnail","6":"product_brand-modelcars24","7":"product_cat-authentic","8":"product_cat-cmc","9":"product_cat-ferrari","10":"product_cat-modelcars24","11":"product_cat-titel","12":"product_cat-verfuegbar","13":"pa_automarke-ferrari","14":"pa_decade-1930s","15":"pa_fahrzeugtyp-gt-rennen","16":"pa_farbe-rot","17":"pa_limitiert-ja","18":"pa_massstab-1-18","19":"pa_modelmarke-modelcars24","20":"pa_modeltyp-alles-zum-oeffnen","21":"pa_modeltyp-fertigmodell","22":"pa_verfuegbarkeit-5-tage-lieferzeit","23":"pa_zustand_modell-1-brandneu","24":"pa_zustand_verpackung-1-brandneu","26":"first","27":"instock","28":"taxable","29":"shipping-taxable","30":"purchasable","31":"product-type-simple"},"jetpack_sharing_enabled":true,"_links":{"self":[{"href":"https:\/\/www.modelcars24.de\/fr\/wp-json\/wp\/v2\/product\/61879","targetHints":{"allow":["GET"]}}],"collection":[{"href":"https:\/\/www.modelcars24.de\/fr\/wp-json\/wp\/v2\/product"}],"about":[{"href":"https:\/\/www.modelcars24.de\/fr\/wp-json\/wp\/v2\/types\/product"}],"replies":[{"embeddable":true,"href":"https:\/\/www.modelcars24.de\/fr\/wp-json\/wp\/v2\/comments?post=61879"}],"version-history":[{"count":1,"href":"https:\/\/www.modelcars24.de\/fr\/wp-json\/wp\/v2\/product\/61879\/revisions"}],"predecessor-version":[{"id":61894,"href":"https:\/\/www.modelcars24.de\/fr\/wp-json\/wp\/v2\/product\/61879\/revisions\/61894"}],"wp:featuredmedia":[{"embeddable":true,"href":"https:\/\/www.modelcars24.de\/fr\/wp-json\/wp\/v2\/media\/61883"}],"wp:attachment":[{"href":"https:\/\/www.modelcars24.de\/fr\/wp-json\/wp\/v2\/media?parent=61879"}],"wp:term":[{"taxonomy":"product_brand","embeddable":true,"href":"https:\/\/www.modelcars24.de\/fr\/wp-json\/wp\/v2\/product_brand?post=61879"},{"taxonomy":"product_cat","embeddable":true,"href":"https:\/\/www.modelcars24.de\/fr\/wp-json\/wp\/v2\/product_cat?post=61879"},{"taxonomy":"product_tag","embeddable":true,"href":"https:\/\/www.modelcars24.de\/fr\/wp-json\/wp\/v2\/product_tag?post=61879"}],"curies":[{"name":"wp","href":"https:\/\/api.w.org\/{rel}","templated":true}]}}