{"id":61916,"date":"2026-03-10T14:14:03","date_gmt":"2026-03-10T13:14:03","guid":{"rendered":"https:\/\/www.modelcars24.de\/?post_type=product&#038;p=61916"},"modified":"2026-03-12T11:03:24","modified_gmt":"2026-03-12T10:03:24","slug":"gt-spirit-mercedes-benz-190-evolution-ii-bleu-noir-metallic","status":"publish","type":"product","link":"https:\/\/www.modelcars24.de\/fr\/gt-spirit-mercedes-benz-190-evolution-ii-blau-schwarz-metallic\/","title":{"rendered":"GT Spirit Mercedes-Benz 190 Evolution II bleu noir m\u00e9tallique 1990 - 1\/8"},"content":{"rendered":"<h3>GT Spirit Mercedes-Benz 190 Evolution II bleu noir m\u00e9tallique 1990 - 1\/8<\/h3>\n<p>La GT Spirit Mercedes-Benz 190 E 2.5-16 Evolution II \u00e0 l'\u00e9chelle 1:8 est un hommage triomphal \u00e0 la l\u00e9gende du DTM de 1990. En bleu noir m\u00e9tallis\u00e9 authentique, le mod\u00e8le est aussi noble qu'agressif. Sa taille pure de plus de 55 cm permet d'appr\u00e9cier parfaitement chaque d\u00e9tail du pack a\u00e9rodynamique embl\u00e9matique, de l'aileron arri\u00e8re massif aux \u00e9largisseurs de passages de roue marquants.<\/p>\n<p>Points forts du mod\u00e8le<\/p>\n<ul>\n<li>Aspect : peinture brillante et jantes Evo II reproduites avec pr\u00e9cision.<\/li>\n<li>Int\u00e9rieur : repr\u00e9sentation m\u00e9ticuleuse des si\u00e8ges sport et des instruments.<\/li>\n<li>Pr\u00e9sence : Une pi\u00e8ce de collection massive en r\u00e9sine de haute qualit\u00e9.<\/li>\n<\/ul>\n<p>Ce mod\u00e8le est l'incarnation ultime de la \u201eduret\u00e9 de Stuttgart\u201c et capture parfaitement l'esprit sans compromis de la s\u00e9rie sp\u00e9ciale d'homologation. Un must pour les fans de Mercedes qui veulent d\u00e9couvrir le roi des baby-benz en grand format.<\/p>\n<p>GTS802801<\/p>","protected":false},"excerpt":{"rendered":"<p>GTS802801- 1- nouvelle marque- au lieu de 1190,00 \u20ac maintenant 995,00 \u20ac incl. 19% Vat<\/p>","protected":false},"featured_media":61917,"comment_status":"open","ping_status":"closed","template":"","meta":[],"product_brand":[861],"product_cat":[436,19,56,262],"product_tag":[172,173,269,175,270,181,182],"class_list":{"0":"post-61916","1":"product","2":"type-product","3":"status-publish","4":"has-post-thumbnail","6":"product_brand-hc","7":"product_cat-gt-spirit","8":"product_cat-mercedes-benz","9":"product_cat-porsche","10":"product_cat-vorbestellbar","11":"product_tag-atelier","12":"product_tag-bbr","13":"product_tag-bbr-ferrari-250-lusso-red","14":"product_tag-competizione","15":"product_tag-ferrari-250-lusso-1963-118","16":"product_tag-mrcollection","17":"product_tag-perfectly-embodies-ferraris","18":"product_shipping_class-sperrgut","19":"pa_automarke-mercedes","20":"pa_decade-2020s","21":"pa_fahrzeugtyp-limousine","22":"pa_farbe-rot","23":"pa_limitiert-ja","24":"pa_massstab-1-8","25":"pa_modeltyp-fertigmodell","26":"pa_modeltyp-geschlossen","27":"pa_status-beim-hersteller-verfuegbar","28":"pa_verfuegbarkeit-vorbestellbar","29":"pa_zustand_modell-1-brandneu","30":"pa_zustand_verpackung-1-brandneu","32":"first","33":"instock","34":"sale","35":"taxable","36":"shipping-taxable","37":"purchasable","38":"product-type-simple"},"jetpack_sharing_enabled":true,"_links":{"self":[{"href":"https:\/\/www.modelcars24.de\/fr\/wp-json\/wp\/v2\/product\/61916","targetHints":{"allow":["GET"]}}],"collection":[{"href":"https:\/\/www.modelcars24.de\/fr\/wp-json\/wp\/v2\/product"}],"about":[{"href":"https:\/\/www.modelcars24.de\/fr\/wp-json\/wp\/v2\/types\/product"}],"replies":[{"embeddable":true,"href":"https:\/\/www.modelcars24.de\/fr\/wp-json\/wp\/v2\/comments?post=61916"}],"version-history":[{"count":2,"href":"https:\/\/www.modelcars24.de\/fr\/wp-json\/wp\/v2\/product\/61916\/revisions"}],"predecessor-version":[{"id":61920,"href":"https:\/\/www.modelcars24.de\/fr\/wp-json\/wp\/v2\/product\/61916\/revisions\/61920"}],"wp:featuredmedia":[{"embeddable":true,"href":"https:\/\/www.modelcars24.de\/fr\/wp-json\/wp\/v2\/media\/61917"}],"wp:attachment":[{"href":"https:\/\/www.modelcars24.de\/fr\/wp-json\/wp\/v2\/media?parent=61916"}],"wp:term":[{"taxonomy":"product_brand","embeddable":true,"href":"https:\/\/www.modelcars24.de\/fr\/wp-json\/wp\/v2\/product_brand?post=61916"},{"taxonomy":"product_cat","embeddable":true,"href":"https:\/\/www.modelcars24.de\/fr\/wp-json\/wp\/v2\/product_cat?post=61916"},{"taxonomy":"product_tag","embeddable":true,"href":"https:\/\/www.modelcars24.de\/fr\/wp-json\/wp\/v2\/product_tag?post=61916"}],"curies":[{"name":"wp","href":"https:\/\/api.w.org\/{rel}","templated":true}]}}