{"id":61959,"date":"2026-03-11T09:07:53","date_gmt":"2026-03-11T08:07:53","guid":{"rendered":"https:\/\/www.modelcars24.de\/?post_type=product&#038;p=61959"},"modified":"2026-03-11T10:02:28","modified_gmt":"2026-03-11T09:02:28","slug":"norev-mercedes-benz-maybach-s-650-2018-dark-red-metallic-silver","status":"publish","type":"product","link":"https:\/\/www.modelcars24.de\/fr\/norev-mercedes-benz-maybach-s-650-2018-dark-red-metallic-silver\/","title":{"rendered":"Norev Mercedes Benz Maybach S 650 2018 Dark Red metallic\/silver - 1\/18"},"content":{"rendered":"<p>Norev Mercedes Benz Maybach S 650 2018 Dark Red metallic\/silver. Mod\u00e8le de collection de haute qualit\u00e9 \u00e0 l'\u00e9chelle 1:18.<br \/>\nNum\u00e9ro d'article : 183428<\/p>","protected":false},"excerpt":{"rendered":"<p>Norev Mercedes Benz Maybach S 650 modelcar, 183428, scale 1:18 available at www.modelcars24.de<\/p>","protected":false},"featured_media":61961,"comment_status":"open","ping_status":"closed","template":"","meta":{"_acf_changed":false},"product_brand":[885],"product_cat":[272,19,938,420,468],"product_tag":[316,421,469],"class_list":{"0":"post-61959","1":"product","2":"type-product","3":"status-publish","4":"has-post-thumbnail","6":"product_brand-norev","7":"product_cat-mercedes","8":"product_cat-mercedes-benz","9":"product_cat-mercedes-maybach","10":"product_cat-norev","11":"product_cat-sofort-lieferbar","12":"product_tag-mercedes","13":"product_tag-norev","14":"product_tag-sofort-lieferbar","15":"pa_automarke-mercedes","16":"pa_decade-2010s","17":"pa_fahrzeugtyp-limousine","18":"pa_massstab-1-18","19":"pa_modelmarke-norev","20":"pa_modeltyp-alles-zum-oeffnen","21":"pa_modeltyp-fertigmodell","22":"pa_status-beim-hersteller-verfuegbar","23":"pa_verfuegbarkeit-sofort-verfuegbar","24":"pa_zustand_modell-1-brandneu","25":"pa_zustand_verpackung-1-brandneu","27":"first","28":"instock","29":"purchasable","30":"product-type-simple"},"acf":[],"jetpack_sharing_enabled":true,"_links":{"self":[{"href":"https:\/\/www.modelcars24.de\/fr\/wp-json\/wp\/v2\/product\/61959","targetHints":{"allow":["GET"]}}],"collection":[{"href":"https:\/\/www.modelcars24.de\/fr\/wp-json\/wp\/v2\/product"}],"about":[{"href":"https:\/\/www.modelcars24.de\/fr\/wp-json\/wp\/v2\/types\/product"}],"replies":[{"embeddable":true,"href":"https:\/\/www.modelcars24.de\/fr\/wp-json\/wp\/v2\/comments?post=61959"}],"version-history":[{"count":1,"href":"https:\/\/www.modelcars24.de\/fr\/wp-json\/wp\/v2\/product\/61959\/revisions"}],"predecessor-version":[{"id":61960,"href":"https:\/\/www.modelcars24.de\/fr\/wp-json\/wp\/v2\/product\/61959\/revisions\/61960"}],"wp:featuredmedia":[{"embeddable":true,"href":"https:\/\/www.modelcars24.de\/fr\/wp-json\/wp\/v2\/media\/61961"}],"wp:attachment":[{"href":"https:\/\/www.modelcars24.de\/fr\/wp-json\/wp\/v2\/media?parent=61959"}],"wp:term":[{"taxonomy":"product_brand","embeddable":true,"href":"https:\/\/www.modelcars24.de\/fr\/wp-json\/wp\/v2\/product_brand?post=61959"},{"taxonomy":"product_cat","embeddable":true,"href":"https:\/\/www.modelcars24.de\/fr\/wp-json\/wp\/v2\/product_cat?post=61959"},{"taxonomy":"product_tag","embeddable":true,"href":"https:\/\/www.modelcars24.de\/fr\/wp-json\/wp\/v2\/product_tag?post=61959"}],"curies":[{"name":"wp","href":"https:\/\/api.w.org\/{rel}","templated":true}]}}