{"id":62002,"date":"2026-03-11T10:03:30","date_gmt":"2026-03-11T09:03:30","guid":{"rendered":"https:\/\/www.modelcars24.de\/?post_type=product&#038;p=62002"},"modified":"2026-03-11T10:13:51","modified_gmt":"2026-03-11T09:13:51","slug":"norev-mercedes-benz-200-1982-black-1-18","status":"publish","type":"product","link":"https:\/\/www.modelcars24.de\/fr\/norev-mercedes-benz-200-1982-black-1-18\/","title":{"rendered":"Norev Mercedes Benz 200 1982 black - 1\/18"},"content":{"rendered":"<p>Norev Mercedes Benz 200 1982 black. Mod\u00e8le de collection de haute qualit\u00e9 \u00e0 l'\u00e9chelle 1:18.<br \/>\nNum\u00e9ro d'article : 183711<\/p>","protected":false},"excerpt":{"rendered":"<p>Norev Mercedes Benz 200 modelcar, 183711, scale 1:18 available at www.modelcars24.de<\/p>","protected":false},"featured_media":62004,"comment_status":"open","ping_status":"closed","template":"","meta":{"_acf_changed":false},"product_brand":[885],"product_cat":[272,19,420,468],"product_tag":[316,421,469],"class_list":{"0":"post-62002","1":"product","2":"type-product","3":"status-publish","4":"has-post-thumbnail","6":"product_brand-norev","7":"product_cat-mercedes","8":"product_cat-mercedes-benz","9":"product_cat-norev","10":"product_cat-sofort-lieferbar","11":"product_tag-mercedes","12":"product_tag-norev","13":"product_tag-sofort-lieferbar","14":"pa_automarke-mercedes","15":"pa_decade-2010s","16":"pa_fahrzeugtyp-limousine","17":"pa_massstab-1-18","18":"pa_modelmarke-norev","19":"pa_modeltyp-alles-zum-oeffnen","20":"pa_modeltyp-fertigmodell","21":"pa_status-beim-hersteller-verfuegbar","22":"pa_verfuegbarkeit-sofort-verfuegbar","23":"pa_zustand_modell-1-brandneu","24":"pa_zustand_verpackung-1-brandneu","26":"first","27":"instock","28":"purchasable","29":"product-type-simple"},"acf":[],"jetpack_sharing_enabled":true,"_links":{"self":[{"href":"https:\/\/www.modelcars24.de\/fr\/wp-json\/wp\/v2\/product\/62002","targetHints":{"allow":["GET"]}}],"collection":[{"href":"https:\/\/www.modelcars24.de\/fr\/wp-json\/wp\/v2\/product"}],"about":[{"href":"https:\/\/www.modelcars24.de\/fr\/wp-json\/wp\/v2\/types\/product"}],"replies":[{"embeddable":true,"href":"https:\/\/www.modelcars24.de\/fr\/wp-json\/wp\/v2\/comments?post=62002"}],"version-history":[{"count":1,"href":"https:\/\/www.modelcars24.de\/fr\/wp-json\/wp\/v2\/product\/62002\/revisions"}],"predecessor-version":[{"id":62003,"href":"https:\/\/www.modelcars24.de\/fr\/wp-json\/wp\/v2\/product\/62002\/revisions\/62003"}],"wp:featuredmedia":[{"embeddable":true,"href":"https:\/\/www.modelcars24.de\/fr\/wp-json\/wp\/v2\/media\/62004"}],"wp:attachment":[{"href":"https:\/\/www.modelcars24.de\/fr\/wp-json\/wp\/v2\/media?parent=62002"}],"wp:term":[{"taxonomy":"product_brand","embeddable":true,"href":"https:\/\/www.modelcars24.de\/fr\/wp-json\/wp\/v2\/product_brand?post=62002"},{"taxonomy":"product_cat","embeddable":true,"href":"https:\/\/www.modelcars24.de\/fr\/wp-json\/wp\/v2\/product_cat?post=62002"},{"taxonomy":"product_tag","embeddable":true,"href":"https:\/\/www.modelcars24.de\/fr\/wp-json\/wp\/v2\/product_tag?post=62002"}],"curies":[{"name":"wp","href":"https:\/\/api.w.org\/{rel}","templated":true}]}}