{"id":62225,"date":"2026-03-18T13:18:37","date_gmt":"2026-03-18T12:18:37","guid":{"rendered":"https:\/\/www.modelcars24.de\/?post_type=product&#038;p=62225"},"modified":"2026-03-20T11:05:02","modified_gmt":"2026-03-20T10:05:02","slug":"porsche-917k-vainqueur-de-daytona-1970-amalfi","status":"publish","type":"product","link":"https:\/\/www.modelcars24.de\/fr\/amalgam-porsche-917k-sieger-von-1970-daytona\/","title":{"rendered":"Amalgame Porsche 917K - Vainqueur de 1970 Daytona - Peinture Gulf - Race Weathered - 1\/8"},"content":{"rendered":"<p>Amalgame Porsche 917K - Vainqueur de 1970 Daytona - Peinture Gulf - Race Weathered - 1\/8<\/p>\n<p data-path-to-node=\"1\">Un chef-d'\u0153uvre unique<\/p>\n<p data-path-to-node=\"2\">Cette pi\u00e8ce unique Porsche 917K sp\u00e9cifique \u00e0 l'amalgame \u00e0 l'\u00e9chelle 1:8 est bien plus qu'un simple objet de collection - c'est un moment fig\u00e9 de l'histoire du sport automobile. Alors que les \u00e9ditions Weathered r\u00e9guli\u00e8res sont souvent produites en petites s\u00e9ries, cette pi\u00e8ce unique a \u00e9t\u00e9 affin\u00e9e avec une pr\u00e9cision qui interpr\u00e8te individuellement chaque \u00e9raflure et chaque particule de suie des 24h de Daytona 1970.<\/p>\n<p data-path-to-node=\"3\">La finition faite \u00e0 la main refl\u00e8te le stress impitoyable auquel Rodr\u00edguez et Kinnunen ont \u00e9t\u00e9 soumis. La combinaison de la l\u00e9gendaire peinture Gulf et de la patine \u201eRace Weathered\u201c extr\u00eamement d\u00e9taill\u00e9e en fait une \u0153uvre d'art de mus\u00e9e. Il n'existe pas d'autre exemplaire au monde sous cette forme, ce qui en fait le joyau ultime de toute collection haut de gamme.<\/p>\n<p>2nouvelle<\/p>","protected":false},"excerpt":{"rendered":"<p>M5756 &#8211; 2-neuwertig &#8211; 17500,00 \u20ac<\/p>","protected":false},"featured_media":62226,"comment_status":"open","ping_status":"closed","template":"","meta":[],"product_brand":[864],"product_cat":[286,45,56,21],"product_tag":[288,209,202],"class_list":{"0":"post-62225","1":"product","2":"type-product","3":"status-publish","4":"has-post-thumbnail","6":"product_brand-amalgam","7":"product_cat-amalgam","8":"product_cat-neuzugang","9":"product_cat-porsche","10":"product_cat-verfuegbar","11":"product_tag-amalgam","12":"product_tag-ferrari","13":"product_tag-verfuegbar","14":"pa_automarke-porsche","15":"pa_decade-1930s","16":"pa_fahrzeugtyp-cabrio","17":"pa_farbe-rot","18":"pa_limitiert-ja","19":"pa_massstab-1-8","20":"pa_modelmarke-amalgam","21":"pa_modeltyp-alles-zum-oeffnen","22":"pa_modeltyp-fertigmodell","23":"pa_status-beim-hersteller-verfuegbar","24":"pa_verfuegbarkeit-5-tage-lieferzeit","25":"pa_zustand_modell-2-neuwertig","26":"pa_zustand_verpackung-2-neuwertig","28":"first","29":"instock","30":"purchasable","31":"product-type-simple"},"jetpack_sharing_enabled":true,"_links":{"self":[{"href":"https:\/\/www.modelcars24.de\/fr\/wp-json\/wp\/v2\/product\/62225","targetHints":{"allow":["GET"]}}],"collection":[{"href":"https:\/\/www.modelcars24.de\/fr\/wp-json\/wp\/v2\/product"}],"about":[{"href":"https:\/\/www.modelcars24.de\/fr\/wp-json\/wp\/v2\/types\/product"}],"replies":[{"embeddable":true,"href":"https:\/\/www.modelcars24.de\/fr\/wp-json\/wp\/v2\/comments?post=62225"}],"version-history":[{"count":1,"href":"https:\/\/www.modelcars24.de\/fr\/wp-json\/wp\/v2\/product\/62225\/revisions"}],"predecessor-version":[{"id":62256,"href":"https:\/\/www.modelcars24.de\/fr\/wp-json\/wp\/v2\/product\/62225\/revisions\/62256"}],"wp:featuredmedia":[{"embeddable":true,"href":"https:\/\/www.modelcars24.de\/fr\/wp-json\/wp\/v2\/media\/62226"}],"wp:attachment":[{"href":"https:\/\/www.modelcars24.de\/fr\/wp-json\/wp\/v2\/media?parent=62225"}],"wp:term":[{"taxonomy":"product_brand","embeddable":true,"href":"https:\/\/www.modelcars24.de\/fr\/wp-json\/wp\/v2\/product_brand?post=62225"},{"taxonomy":"product_cat","embeddable":true,"href":"https:\/\/www.modelcars24.de\/fr\/wp-json\/wp\/v2\/product_cat?post=62225"},{"taxonomy":"product_tag","embeddable":true,"href":"https:\/\/www.modelcars24.de\/fr\/wp-json\/wp\/v2\/product_tag?post=62225"}],"curies":[{"name":"wp","href":"https:\/\/api.w.org\/{rel}","templated":true}]}}