{"id":6345,"date":"2023-03-02T14:01:18","date_gmt":"2023-03-02T13:01:18","guid":{"rendered":"http:\/\/www.mondo-legno.com\/?post_type=product&#038;p=6345"},"modified":"2025-12-10T13:25:43","modified_gmt":"2025-12-10T12:25:43","slug":"cmc-mercedes-camion-de-transport-de-course","status":"publish","type":"product","link":"https:\/\/www.modelcars24.de\/fr\/cmc-mercedes-renntransporter\/","title":{"rendered":"CMC Mercedes Renntransporter, 1954 \u2013 1\/18"},"content":{"rendered":"<p>CMC Mercedes Renntransporter, 1954, mod\u00e8le de collection tr\u00e8s d\u00e9taill\u00e9 en m\u00e9tal, pi\u00e8ces rapport\u00e9es chrom\u00e9es majoritairement en m\u00e9tal, assembl\u00e9 \u00e0 la main, mat\u00e9riaux fid\u00e8les au mod\u00e8le original, si\u00e8ges en cuir ou rembourr\u00e9s, version d\u00e9taill\u00e9e de l'original, nombreuses fonctions et d\u00e9tails.<\/p>\n<p><span data-offset-key=\"8b8g-15-0\">Le site<\/span><span data-offset-key=\"8b8g-16-0\"> C<\/span><span data-offset-key=\"8b8g-17-0\">MC<\/span><span data-offset-key=\"8b8g-18-0\"> Mercedes<\/span><span data-offset-key=\"8b8g-19-0\"> Rennes<\/span><span data-offset-key=\"8b8g-20-0\">nt<\/span><span data-offset-key=\"8b8g-21-0\">rans<\/span><span data-offset-key=\"8b8g-22-0\">porter<\/span><span data-offset-key=\"8b8g-23-0\"> is<\/span><span data-offset-key=\"8b8g-24-0\">t<\/span><span data-offset-key=\"8b8g-25-0\"> e<\/span><span data-offset-key=\"8b8g-26-0\">dans<\/span><span data-offset-key=\"8b8g-27-0\"> parler<\/span><span data-offset-key=\"8b8g-28-0\">zie<\/span><span data-offset-key=\"8b8g-29-0\">Aller<\/span><span data-offset-key=\"8b8g-30-0\"> L<\/span><span data-offset-key=\"8b8g-31-0\">K<\/span><span data-offset-key=\"8b8g-32-0\">W<\/span><span data-offset-key=\"8b8g-33-0\">,<\/span><span data-offset-key=\"8b8g-34-0\"> le<\/span><span data-offset-key=\"8b8g-35-0\"> f<\/span><span data-offset-key=\"8b8g-36-0\">\u00fcr<\/span><span data-offset-key=\"8b8g-37-0\"> den<\/span><span data-offset-key=\"8b8g-38-0\"> Transport<\/span><span data-offset-key=\"8b8g-39-0\"> de<\/span><span data-offset-key=\"8b8g-40-0\"> Aut<\/span><span data-offset-key=\"8b8g-41-0\">syst\u00e8me d'exploitation<\/span><span data-offset-key=\"8b8g-42-0\"> et<\/span><span data-offset-key=\"8b8g-43-0\"> R<\/span><span data-offset-key=\"8b8g-44-0\">en<\/span><span data-offset-key=\"8b8g-45-0\">f<\/span><span data-offset-key=\"8b8g-46-0\">ah<\/span><span data-offset-key=\"8b8g-47-0\">r<\/span><span data-offset-key=\"8b8g-48-0\">le<\/span><span data-offset-key=\"8b8g-49-0\">ugen<\/span><span data-offset-key=\"8b8g-50-0\"> entrer<\/span><span data-offset-key=\"8b8g-51-0\">sorcier<\/span><span data-offset-key=\"8b8g-52-0\">ke<\/span><span data-offset-key=\"8b8g-53-0\">lt<\/span><span data-offset-key=\"8b8g-54-0\"> w<\/span><span data-offset-key=\"8b8g-55-0\">urd<\/span><span data-offset-key=\"8b8g-56-0\">e<\/span><span data-offset-key=\"8b8g-57-0\">.<\/span><span data-offset-key=\"8b8g-58-0\"> Er<\/span><span data-offset-key=\"8b8g-59-0\"> w<\/span><span data-offset-key=\"8b8g-60-0\">urd<\/span><span data-offset-key=\"8b8g-61-0\">e<\/span><span data-offset-key=\"8b8g-62-0\"> de<\/span><span data-offset-key=\"8b8g-63-0\"> d\u00e9m\u00e9nager<\/span><span data-offset-key=\"8b8g-64-0\"> de<\/span><span data-offset-key=\"8b8g-65-0\">ut<\/span><span data-offset-key=\"8b8g-66-0\">sc<\/span><span data-offset-key=\"8b8g-67-0\">hen<\/span><span data-offset-key=\"8b8g-68-0\"> Aut<\/span><span data-offset-key=\"8b8g-69-0\">D'accord<\/span><span data-offset-key=\"8b8g-70-0\">onze<\/span><span data-offset-key=\"8b8g-71-0\">ern<\/span><span data-offset-key=\"8b8g-72-0\"> Mercedes<\/span><span data-offset-key=\"8b8g-73-0\">-<\/span><span data-offset-key=\"8b8g-74-0\">Benz<\/span><span data-offset-key=\"8b8g-75-0\"> entrer<\/span><span data-offset-key=\"8b8g-76-0\">w<\/span><span data-offset-key=\"8b8g-77-0\">orf<\/span><span data-offset-key=\"8b8g-78-0\">en<\/span><span data-offset-key=\"8b8g-79-0\"> et<\/span><span data-offset-key=\"8b8g-80-0\"> g<\/span><span data-offset-key=\"8b8g-81-0\">eb<\/span><span data-offset-key=\"8b8g-82-0\">aut<\/span><span data-offset-key=\"8b8g-83-0\">.<\/span><span data-offset-key=\"8b8g-84-0\"> Le site<\/span><span data-offset-key=\"8b8g-85-0\"> Transf\u00e9rer<\/span><span data-offset-key=\"8b8g-86-0\">porter<\/span><span data-offset-key=\"8b8g-87-0\"> w<\/span><span data-offset-key=\"8b8g-88-0\">urd<\/span><span data-offset-key=\"8b8g-89-0\">e<\/span><span data-offset-key=\"8b8g-90-0\"> dans<\/span><span data-offset-key=\"8b8g-91-0\"> den<\/span><span data-offset-key=\"8b8g-92-0\"> 1950<\/span><span data-offset-key=\"8b8g-93-0\">il<\/span><span data-offset-key=\"8b8g-94-0\"> Jah<\/span><span data-offset-key=\"8b8g-95-0\">rencontrer<\/span><span data-offset-key=\"8b8g-96-0\"> il<\/span><span data-offset-key=\"8b8g-97-0\">st<\/span><span data-offset-key=\"8b8g-98-0\">m<\/span><span data-offset-key=\"8b8g-99-0\">als<\/span><span data-offset-key=\"8b8g-100-0\"> be<\/span><span data-offset-key=\"8b8g-101-0\">i<\/span><span data-offset-key=\"8b8g-102-0\"> le<\/span><span data-offset-key=\"8b8g-103-0\"> 24<\/span><span data-offset-key=\"8b8g-104-0\">-<\/span><span data-offset-key=\"8b8g-105-0\">St<\/span><span data-offset-key=\"8b8g-106-0\">et<\/span><span data-offset-key=\"8b8g-107-0\">en<\/span><span data-offset-key=\"8b8g-108-0\">-<\/span><span data-offset-key=\"8b8g-109-0\">R<\/span><span data-offset-key=\"8b8g-110-0\">en<\/span><span data-offset-key=\"8b8g-111-0\">en<\/span><span data-offset-key=\"8b8g-112-0\"> dans<\/span><span data-offset-key=\"8b8g-113-0\"> Le<\/span><span data-offset-key=\"8b8g-114-0\"> Homme<\/span><span data-offset-key=\"8b8g-115-0\"> e<\/span><span data-offset-key=\"8b8g-116-0\">inges<\/span><span data-offset-key=\"8b8g-117-0\">etz<\/span><span data-offset-key=\"8b8g-118-0\">t<\/span><span data-offset-key=\"8b8g-119-0\">.<\/span> <span data-offset-key=\"8b8g-122-0\">Le site<\/span><span data-offset-key=\"8b8g-123-0\"> C<\/span><span data-offset-key=\"8b8g-124-0\">MC<\/span><span data-offset-key=\"8b8g-125-0\"> Mercedes<\/span><span data-offset-key=\"8b8g-126-0\"> Rennes<\/span><span data-offset-key=\"8b8g-127-0\">nt<\/span><span data-offset-key=\"8b8g-128-0\">rans<\/span><span data-offset-key=\"8b8g-129-0\">porter<\/span><span data-offset-key=\"8b8g-130-0\"> is<\/span><span data-offset-key=\"8b8g-131-0\">t<\/span><span data-offset-key=\"8b8g-132-0\"> e<\/span><span data-offset-key=\"8b8g-133-0\">dans<\/span><span data-offset-key=\"8b8g-134-0\"> se<\/span><span data-offset-key=\"8b8g-135-0\">rh<\/span><span data-offset-key=\"8b8g-136-0\"> le<\/span><span data-offset-key=\"8b8g-137-0\">est<\/span><span data-offset-key=\"8b8g-138-0\">\u00e0<\/span><span data-offset-key=\"8b8g-139-0\">s<\/span><span data-offset-key=\"8b8g-140-0\">st<\/span><span data-offset-key=\"8b8g-141-0\">arche<\/span><span data-offset-key=\"8b8g-142-0\">C'est<\/span><span data-offset-key=\"8b8g-143-0\"> Fath<\/span><span data-offset-key=\"8b8g-144-0\">r<\/span><span data-offset-key=\"8b8g-145-0\">le<\/span><span data-offset-key=\"8b8g-146-0\">ug<\/span><span data-offset-key=\"8b8g-147-0\">,<\/span><span data-offset-key=\"8b8g-148-0\"> d<\/span><span data-offset-key=\"8b8g-149-0\">as<\/span><span data-offset-key=\"8b8g-150-0\"> \u00fc<\/span><span data-offset-key=\"8b8g-151-0\">\u00e0 propos de<\/span><span data-offset-key=\"8b8g-152-0\"> e<\/span><span data-offset-key=\"8b8g-153-0\">en un<\/span><span data-offset-key=\"8b8g-154-0\"> Se<\/span><span data-offset-key=\"8b8g-155-0\">ch<\/span><span data-offset-key=\"8b8g-156-0\">s<\/span><span data-offset-key=\"8b8g-157-0\">z<\/span><span data-offset-key=\"8b8g-158-0\">il<\/span><span data-offset-key=\"8b8g-159-0\">Inde<\/span><span data-offset-key=\"8b8g-160-0\">-<\/span><span data-offset-key=\"8b8g-161-0\">D<\/span><span data-offset-key=\"8b8g-162-0\">iesel<\/span><span data-offset-key=\"8b8g-163-0\">m<\/span><span data-offset-key=\"8b8g-164-0\">oto<\/span><span data-offset-key=\"8b8g-165-0\"> avec<\/span><span data-offset-key=\"8b8g-166-0\"> e<\/span><span data-offset-key=\"8b8g-167-0\">dans un<\/span><span data-offset-key=\"8b8g-168-0\"> Le<\/span><span data-offset-key=\"8b8g-169-0\">est<\/span><span data-offset-key=\"8b8g-170-0\">\u00e0<\/span><span data-offset-key=\"8b8g-171-0\"> de<\/span><span data-offset-key=\"8b8g-172-0\"> 150<\/span><span data-offset-key=\"8b8g-173-0\"> PS<\/span><span data-offset-key=\"8b8g-174-0\"> ver<\/span><span data-offset-key=\"8b8g-175-0\">f<\/span><span data-offset-key=\"8b8g-176-0\">\u00fc<\/span><span data-offset-key=\"8b8g-177-0\">gt<\/span><span data-offset-key=\"8b8g-178-0\">.<\/span><span data-offset-key=\"8b8g-179-0\"> Le site<\/span><span data-offset-key=\"8b8g-180-0\"> L<\/span><span data-offset-key=\"8b8g-181-0\">K<\/span><span data-offset-key=\"8b8g-182-0\">W<\/span><span data-offset-key=\"8b8g-183-0\"> k<\/span><span data-offset-key=\"8b8g-184-0\">ann<\/span><span data-offset-key=\"8b8g-185-0\"> jusqu'\u00e0<\/span><span data-offset-key=\"8b8g-186-0\"> z<\/span><span data-offset-key=\"8b8g-187-0\">u<\/span><span data-offset-key=\"8b8g-188-0\"> z<\/span><span data-offset-key=\"8b8g-189-0\">poids<\/span><span data-offset-key=\"8b8g-190-0\"> Aut<\/span><span data-offset-key=\"8b8g-191-0\">syst\u00e8me d'exploitation<\/span><span data-offset-key=\"8b8g-192-0\"> et<\/span><span data-offset-key=\"8b8g-193-0\"> e<\/span><span data-offset-key=\"8b8g-194-0\">en un<\/span><span data-offset-key=\"8b8g-195-0\"> Un<\/span><span data-offset-key=\"8b8g-196-0\">h<\/span><span data-offset-key=\"8b8g-197-0\">\u00e4<\/span><span data-offset-key=\"8b8g-198-0\">ng<\/span><span data-offset-key=\"8b8g-199-0\">il<\/span><span data-offset-key=\"8b8g-200-0\"> tr<\/span><span data-offset-key=\"8b8g-201-0\">Agen<\/span><span data-offset-key=\"8b8g-202-0\">.<\/span><span data-offset-key=\"8b8g-203-0\"> Er<\/span><span data-offset-key=\"8b8g-204-0\"> chapeau<\/span><span data-offset-key=\"8b8g-205-0\"> e<\/span><span data-offset-key=\"8b8g-206-0\">ine<\/span><span data-offset-key=\"8b8g-207-0\"> Ges<\/span><span data-offset-key=\"8b8g-208-0\">sur le site<\/span><span data-offset-key=\"8b8g-209-0\">t<\/span><span data-offset-key=\"8b8g-210-0\">gr<\/span><span data-offset-key=\"8b8g-211-0\">\u00f6<\/span><span data-offset-key=\"8b8g-212-0\">\u00df<\/span><span data-offset-key=\"8b8g-213-0\">e<\/span><span data-offset-key=\"8b8g-214-0\"> de<\/span><span data-offset-key=\"8b8g-215-0\"> 12<\/span><span data-offset-key=\"8b8g-216-0\">,<\/span><span data-offset-key=\"8b8g-217-0\">5<\/span><span data-offset-key=\"8b8g-218-0\"> M\u00e9t<\/span><span data-offset-key=\"8b8g-219-0\">ern<\/span><span data-offset-key=\"8b8g-220-0\"> et<\/span><span data-offset-key=\"8b8g-221-0\"> is<\/span><span data-offset-key=\"8b8g-222-0\">t<\/span><span data-offset-key=\"8b8g-223-0\"> somme<\/span><span data-offset-key=\"8b8g-224-0\">it<\/span><span data-offset-key=\"8b8g-225-0\"> moi<\/span><span data-offset-key=\"8b8g-226-0\">rh<\/span><span data-offset-key=\"8b8g-227-0\"> al<\/span><span data-offset-key=\"8b8g-228-0\">s<\/span><span data-offset-key=\"8b8g-229-0\"> a<\/span><span data-offset-key=\"8b8g-230-0\">us<\/span><span data-offset-key=\"8b8g-231-0\">re<\/span><span data-offset-key=\"8b8g-232-0\">la niche<\/span><span data-offset-key=\"8b8g-233-0\">il<\/span><span data-offset-key=\"8b8g-234-0\">,<\/span><span data-offset-key=\"8b8g-235-0\"> pour<\/span><span data-offset-key=\"8b8g-236-0\"> e<\/span><span data-offset-key=\"8b8g-237-0\">dans<\/span><span data-offset-key=\"8b8g-238-0\"> R<\/span><span data-offset-key=\"8b8g-239-0\">en<\/span><span data-offset-key=\"8b8g-240-0\">f<\/span><span data-offset-key=\"8b8g-241-0\">ah<\/span><span data-offset-key=\"8b8g-242-0\">r<\/span><span data-offset-key=\"8b8g-243-0\">le<\/span><span data-offset-key=\"8b8g-244-0\">ug<\/span><span data-offset-key=\"8b8g-245-0\"> z<\/span><span data-offset-key=\"8b8g-246-0\">u<\/span><span data-offset-key=\"8b8g-247-0\"> transport<\/span><span data-offset-key=\"8b8g-248-0\">ie<\/span><span data-offset-key=\"8b8g-249-0\">rencontrer<\/span><span data-offset-key=\"8b8g-250-0\">.<\/span><\/p>\n<p>&nbsp;<br \/>Num\u00e9ro d'article : M-036-1-6138<\/p>","protected":false},"excerpt":{"rendered":"<p>M-036 &#8211; 2-neuwertig &#8211; 415,00 \u20ac<\/p>","protected":false},"featured_media":45513,"comment_status":"open","ping_status":"closed","template":"","meta":{"_acf_changed":false},"product_brand":[537],"product_cat":[18,19,45,136,21],"product_tag":[],"class_list":{"0":"post-6345","1":"product","2":"type-product","3":"status-publish","4":"has-post-thumbnail","6":"product_brand-cmc","7":"product_cat-cmc","8":"product_cat-mercedes-benz","9":"product_cat-neuzugang","10":"product_cat-raritaet","11":"product_cat-verfuegbar","12":"pa_automarke-mercedes","13":"pa_decade-1950s","14":"pa_fahrzeugtyp-lastwagen","15":"pa_farbe-blau","16":"pa_massstab-1-18","17":"pa_modelmarke-cmc","18":"pa_modeltyp-alles-zum-oeffnen","19":"pa_modeltyp-fertigmodell","20":"pa_status-beim-hersteller-ausverkauft","21":"pa_verfuegbarkeit-sofort-verfuegbar","22":"pa_zustand_modell-2-neuwertig","23":"pa_zustand_verpackung-3-gebraucht","25":"first","26":"outofstock","27":"purchasable","28":"product-type-simple"},"acf":[],"jetpack_sharing_enabled":true,"_links":{"self":[{"href":"https:\/\/www.modelcars24.de\/fr\/wp-json\/wp\/v2\/product\/6345","targetHints":{"allow":["GET"]}}],"collection":[{"href":"https:\/\/www.modelcars24.de\/fr\/wp-json\/wp\/v2\/product"}],"about":[{"href":"https:\/\/www.modelcars24.de\/fr\/wp-json\/wp\/v2\/types\/product"}],"replies":[{"embeddable":true,"href":"https:\/\/www.modelcars24.de\/fr\/wp-json\/wp\/v2\/comments?post=6345"}],"version-history":[{"count":3,"href":"https:\/\/www.modelcars24.de\/fr\/wp-json\/wp\/v2\/product\/6345\/revisions"}],"predecessor-version":[{"id":57562,"href":"https:\/\/www.modelcars24.de\/fr\/wp-json\/wp\/v2\/product\/6345\/revisions\/57562"}],"wp:featuredmedia":[{"embeddable":true,"href":"https:\/\/www.modelcars24.de\/fr\/wp-json\/wp\/v2\/media\/45513"}],"wp:attachment":[{"href":"https:\/\/www.modelcars24.de\/fr\/wp-json\/wp\/v2\/media?parent=6345"}],"wp:term":[{"taxonomy":"product_brand","embeddable":true,"href":"https:\/\/www.modelcars24.de\/fr\/wp-json\/wp\/v2\/product_brand?post=6345"},{"taxonomy":"product_cat","embeddable":true,"href":"https:\/\/www.modelcars24.de\/fr\/wp-json\/wp\/v2\/product_cat?post=6345"},{"taxonomy":"product_tag","embeddable":true,"href":"https:\/\/www.modelcars24.de\/fr\/wp-json\/wp\/v2\/product_tag?post=6345"}],"curies":[{"name":"wp","href":"https:\/\/api.w.org\/{rel}","templated":true}]}}