{"id":63577,"date":"2026-04-20T17:53:25","date_gmt":"2026-04-20T15:53:25","guid":{"rendered":"https:\/\/www.modelcars24.de\/?post_type=product&#038;p=63577"},"modified":"2026-04-20T18:01:49","modified_gmt":"2026-04-20T16:01:49","slug":"amalgam-bugatti-type-57sc-gangloff-cabriolet","status":"publish","type":"product","link":"https:\/\/www.modelcars24.de\/fr\/amalgam-bugatti-type-57sc-gangloff-cabriolet\/","title":{"rendered":"Amalgam Bugatti Type 57SC Gangloff Cabriolet | Limitierte Auflage 1\/8"},"content":{"rendered":"<h2>Amalgam Bugatti Type 57SC Gangloff Cabriolet 1:8<\/h2>\n<p>Eines von nur drei in dieser Zeit gefertigten Exemplaren, wurde dieser Bugatti Type 57SC Atlantic vom Franzosen Philippe Levy in dieser wunderbar zum Art d\u00e9co passenden Farbgebung bestellt. Levy gab bei dem legend\u00e4ren schweizerisch-franz\u00f6sischen Karosseriebauer Gangloff, dessen Firmensitz sich in Colmar, unweit des Bugatti-Werks in Molsheim, befand, eine Einzelanfertigung der Karosserie f\u00fcr den 57SC in Auftrag.<\/p>\n<p>Mit einer H\u00f6chstgeschwindigkeit von 201 km\/h (125 mph) z\u00e4hlten die Bugattis der 1930er-Jahre nicht nur zu den geheimnisvollsten und exklusivsten, sondern auch zu den schnellsten Autos \u00fcberhaupt. Als wahre \u201eSupercars\u201c ihrer Zeit, die den Glanz jener Epoche verk\u00f6rpern, geh\u00f6ren Ettore Bugattis Kreationen heute zu Recht zu den begehrtesten Klassikern aller Zeiten.<\/p>\n<p>Dieser Bugatti Type 57SC Gangloff ist eines der vielen beeindruckenden Fahrzeuge aus der Sammlung von Ralph Lauren. Er war so freundlich, uns die Nutzung unserer hochpr\u00e4zisen digitalen Scantechnologie f\u00fcr sein Originalfahrzeug zu gestatten, wodurch wir jedes Detail ma\u00dfstabsgetreu nachbilden konnten. Dieses detailgetreue Modell wurde in unseren Werkst\u00e4tten in Handarbeit gefertigt und veredelt. Dabei orientierten wir uns eng an den Original-Lackierungen, Materialien, Archivbildern und Zeichnungen des Herstellers. Dar\u00fcber hinaus wurde das Prototypmodell von den Ingenieuren und Designern des Herstellers eingehend gepr\u00fcft, um eine absolut originalgetreue Darstellung zu gew\u00e4hrleisten.<\/p>\n<p>Das Bugatti Type 57SC Gangloff Cabriolet ist auf nur 199 St\u00fcck limitiert.<\/p>","protected":false},"excerpt":{"rendered":"<p>M5967-AMG &#8211; anstatt 24995,00 \u20ac jetzt 18520,00 \u20ac inkl. 19% Vat<\/p>","protected":false},"featured_media":63583,"comment_status":"open","ping_status":"closed","template":"","meta":{"_acf_changed":false},"product_brand":[864],"product_cat":[286,77,21],"product_tag":[288,209,202],"class_list":{"0":"post-63577","1":"product","2":"type-product","3":"status-publish","4":"has-post-thumbnail","6":"product_brand-amalgam","7":"product_cat-amalgam","8":"product_cat-bugatti","9":"product_cat-verfuegbar","10":"product_tag-amalgam","11":"product_tag-ferrari","12":"product_tag-verfuegbar","13":"pa_automarke-bugatti","14":"pa_decade-1930s","15":"pa_fahrzeugtyp-cabrio","16":"pa_farbe-rot","17":"pa_limitiert-ja","18":"pa_massstab-1-18","19":"pa_modelmarke-amalgam","20":"pa_modeltyp-fertigmodell","21":"pa_status-beim-hersteller-verfuegbar","22":"pa_verfuegbarkeit-5-tage-lieferzeit","23":"pa_zustand_modell-1-brandneu","24":"pa_zustand_verpackung-1-brandneu","26":"first","27":"instock","28":"taxable","29":"shipping-taxable","30":"purchasable","31":"product-type-simple"},"acf":[],"jetpack_sharing_enabled":true,"_links":{"self":[{"href":"https:\/\/www.modelcars24.de\/fr\/wp-json\/wp\/v2\/product\/63577","targetHints":{"allow":["GET"]}}],"collection":[{"href":"https:\/\/www.modelcars24.de\/fr\/wp-json\/wp\/v2\/product"}],"about":[{"href":"https:\/\/www.modelcars24.de\/fr\/wp-json\/wp\/v2\/types\/product"}],"replies":[{"embeddable":true,"href":"https:\/\/www.modelcars24.de\/fr\/wp-json\/wp\/v2\/comments?post=63577"}],"version-history":[{"count":1,"href":"https:\/\/www.modelcars24.de\/fr\/wp-json\/wp\/v2\/product\/63577\/revisions"}],"predecessor-version":[{"id":63589,"href":"https:\/\/www.modelcars24.de\/fr\/wp-json\/wp\/v2\/product\/63577\/revisions\/63589"}],"wp:featuredmedia":[{"embeddable":true,"href":"https:\/\/www.modelcars24.de\/fr\/wp-json\/wp\/v2\/media\/63583"}],"wp:attachment":[{"href":"https:\/\/www.modelcars24.de\/fr\/wp-json\/wp\/v2\/media?parent=63577"}],"wp:term":[{"taxonomy":"product_brand","embeddable":true,"href":"https:\/\/www.modelcars24.de\/fr\/wp-json\/wp\/v2\/product_brand?post=63577"},{"taxonomy":"product_cat","embeddable":true,"href":"https:\/\/www.modelcars24.de\/fr\/wp-json\/wp\/v2\/product_cat?post=63577"},{"taxonomy":"product_tag","embeddable":true,"href":"https:\/\/www.modelcars24.de\/fr\/wp-json\/wp\/v2\/product_tag?post=63577"}],"curies":[{"name":"wp","href":"https:\/\/api.w.org\/{rel}","templated":true}]}}