{"id":64310,"date":"2026-05-15T13:26:09","date_gmt":"2026-05-15T11:26:09","guid":{"rendered":"https:\/\/www.modelcars24.de\/?post_type=product&#038;p=64310"},"modified":"2026-05-15T13:30:45","modified_gmt":"2026-05-15T11:30:45","slug":"bbr-ferrari-f80-rosso-corsa-aluminium-gloss-1-18","status":"publish","type":"product","link":"https:\/\/www.modelcars24.de\/fr\/bbr-ferrari-f80-rosso-corsa-aluminium-gloss-1-18\/","title":{"rendered":"BBR Ferrari F80 Rosso Corsa &#8211; Aluminium gloss &#8211; 1\/18"},"content":{"rendered":"<p>BBR Ferrari F80 Rosso Corsa &#8211; Aluminium gloss &#8211; 1\/18 one of 30<\/p>\n<p>La F80 est une r\u00e9volution pour la voiture de sport Ferrari, gr\u00e2ce au premier moteur \u00e9lectrique enti\u00e8rement con\u00e7u, test\u00e9 et fabriqu\u00e9 \u00e0 Maranello. Le moteur \u00e9lectrique MGU-K est directement bas\u00e9 sur l'exp\u00e9rience de Ferrari dans le monde de la course automobile. Plusieurs composants proviennent du groupe motopropulseur de la 499P, vainqueur des 24 Heures du Mans 2023 et 2024.<br \/>\nLe syst\u00e8me de freinage CCM-R Plus d\u00e9velopp\u00e9 en collaboration avec Brembo, une nouveaut\u00e9 absolue pour un v\u00e9hicule routier, est compos\u00e9 de longues fibres de carbone et est recouvert de carbure de silicium pour am\u00e9liorer sa r\u00e9sistance.<br \/>\nLe g\u00e9n\u00e9reux canal en S qui caract\u00e9rise la partie centrale du capot de la F80 dissimule un aileron en trois parties (triplan) qui dirige le flux d'air avant vers l'aileron arri\u00e8re afin de cr\u00e9er une charge a\u00e9rodynamique maximale.<br \/>\nLe design ext\u00e9rieur de la F80 a une tr\u00e8s forte influence futuriste et une r\u00e9f\u00e9rence claire \u00e0 l'industrie a\u00e9rospatiale.<br \/>\nInspir\u00e9 d'une monoplace de Formule 1, le cockpit offre une solution sans pr\u00e9c\u00e9dent qui fait du pilote le protagoniste absolu et transforme la F80 en \u201e1+\u201c. La F80 est \u00e9quip\u00e9e d'un nouveau volant, l\u00e9g\u00e8rement plus petit que le mod\u00e8le pr\u00e9c\u00e9dent et dot\u00e9 d'une poign\u00e9e affin\u00e9e pour am\u00e9liorer l'adh\u00e9rence des mains sur le volant. Il est \u00e9quip\u00e9 de boutons physiques pour faciliter l'utilisation et la reconnaissance tactiles.<\/p>\n<p>Artikelnummer: P18253E<\/p>","protected":false},"excerpt":{"rendered":"<p>&nbsp;<\/p>\n<p>P18253E &#8211; 1-brandneu &#8211; 445,00 \u20ac inkl. 19% vat<\/p>","protected":false},"featured_media":64313,"comment_status":"open","ping_status":"closed","template":"","meta":[],"product_brand":[851],"product_cat":[169,63,21],"product_tag":[173,209,202],"class_list":{"0":"post-64310","1":"product","2":"type-product","3":"status-publish","4":"has-post-thumbnail","6":"product_brand-bbr","7":"product_cat-bbr","8":"product_cat-ferrari","9":"product_cat-verfuegbar","10":"product_tag-bbr","11":"product_tag-ferrari","12":"product_tag-verfuegbar","13":"pa_automarke-ferrari","14":"pa_decade-2020s","15":"pa_fahrzeugtyp-gt-rennen","16":"pa_farbe-rot","17":"pa_limitiert-ja","18":"pa_massstab-1-18","19":"pa_modelmarke-bbr","20":"pa_modeltyp-fertigmodell","21":"pa_modeltyp-geschlossen","22":"pa_status-beim-hersteller-verfuegbar","23":"pa_zustand_modell-1-brandneu","24":"pa_zustand_verpackung-1-brandneu","26":"first","27":"instock","28":"taxable","29":"shipping-taxable","30":"purchasable","31":"product-type-simple"},"jetpack_sharing_enabled":true,"_links":{"self":[{"href":"https:\/\/www.modelcars24.de\/fr\/wp-json\/wp\/v2\/product\/64310","targetHints":{"allow":["GET"]}}],"collection":[{"href":"https:\/\/www.modelcars24.de\/fr\/wp-json\/wp\/v2\/product"}],"about":[{"href":"https:\/\/www.modelcars24.de\/fr\/wp-json\/wp\/v2\/types\/product"}],"replies":[{"embeddable":true,"href":"https:\/\/www.modelcars24.de\/fr\/wp-json\/wp\/v2\/comments?post=64310"}],"version-history":[{"count":0,"href":"https:\/\/www.modelcars24.de\/fr\/wp-json\/wp\/v2\/product\/64310\/revisions"}],"wp:featuredmedia":[{"embeddable":true,"href":"https:\/\/www.modelcars24.de\/fr\/wp-json\/wp\/v2\/media\/64313"}],"wp:attachment":[{"href":"https:\/\/www.modelcars24.de\/fr\/wp-json\/wp\/v2\/media?parent=64310"}],"wp:term":[{"taxonomy":"product_brand","embeddable":true,"href":"https:\/\/www.modelcars24.de\/fr\/wp-json\/wp\/v2\/product_brand?post=64310"},{"taxonomy":"product_cat","embeddable":true,"href":"https:\/\/www.modelcars24.de\/fr\/wp-json\/wp\/v2\/product_cat?post=64310"},{"taxonomy":"product_tag","embeddable":true,"href":"https:\/\/www.modelcars24.de\/fr\/wp-json\/wp\/v2\/product_tag?post=64310"}],"curies":[{"name":"wp","href":"https:\/\/api.w.org\/{rel}","templated":true}]}}