{"id":7085,"date":"2026-02-12T16:37:56","date_gmt":"2026-02-12T15:37:56","guid":{"rendered":"http:\/\/www.mondo-legno.com\/?post_type=product&#038;p=7085"},"modified":"2026-02-23T15:36:50","modified_gmt":"2026-02-23T14:36:50","slug":"autoart-porsche-911-gt3-rs","status":"publish","type":"product","link":"https:\/\/www.modelcars24.de\/fr\/autoart-porsche-911-gt3-rs\/","title":{"rendered":"AUTOart Porsche 911 GT3 RS verte 77992 - 1\/18"},"content":{"rendered":"<h3>AUTOart Porsche 911 GT3 RS 997<\/h3>\n<article class=\"teaser teaser-hero full-page-width-s is-vertical-l no-hover-line\">\n<div><\/div>\n<div class=\"teaser-image\">La Porsche 911 GT3, \u00e9quip\u00e9e d'un moteur boxer six cylindres de 3,6 litres enti\u00e8rement revu et d\u00e9veloppant d\u00e9sormais 305 kW (415 ch), qui \u00e9quipait d\u00e9j\u00e0 ses deux pr\u00e9d\u00e9cesseurs, a fait ses d\u00e9buts au Salon de l'automobile de Gen\u00e8ve en mars 2006 et est arriv\u00e9e dans les centres Porsche en mai 2006. Les responsables du marketing de Porsche ont pr\u00e9sent\u00e9 la 997 GT3 comme \u201ela pure doctrine\u201c et, aux yeux de la plupart des passionn\u00e9s de Porsche, c'\u00e9tait \u00e0 nouveau une \u201evraie\u201c GT3, qui n'offrait que l'\u00e9quipement n\u00e9cessaire \u00e0 la conduite sportive, m\u00eame si, par rapport \u00e0 ses deux pr\u00e9d\u00e9cesseurs, certains \u00e9quipements avaient \u00e9t\u00e9 ajout\u00e9s en s\u00e9rie, comme par exemple le syst\u00e8me de freinage d'urgence. Par exemple, le nouveau ch\u00e2ssis Porsche Active Suspension Management (PASM), un syst\u00e8me de r\u00e9glage \u00e9lectronique des amortisseurs qui r\u00e9gule activement et en continu la force d'amortissement de chaque roue en fonction de la situation de conduite et du style de conduite.<\/div>\n<\/article>\n<p>AUTOart a produit la Porsche 911 GT3 dans cette version \u00e0 l'\u00e9chelle 1:18.<br \/>\nNum\u00e9ro d'article : FR-030-M-1-2-1<\/p>","protected":false},"excerpt":{"rendered":"<p>77992 \u2013 2-neuf \u2013 175,00 \u20ac<\/p>","protected":false},"featured_media":7086,"comment_status":"open","ping_status":"closed","template":"","meta":{"_acf_changed":false},"product_brand":[846],"product_cat":[185,45,56,21],"product_tag":[186,187,188,189],"class_list":{"0":"post-7085","1":"product","2":"type-product","3":"status-publish","4":"has-post-thumbnail","6":"product_brand-autoart","7":"product_cat-autoart","8":"product_cat-neuzugang","9":"product_cat-porsche","10":"product_cat-verfuegbar","11":"product_tag-118-scale-diecast-replica-model","12":"product_tag-autoart","13":"product_tag-diecast-replica-model-by-autoart","14":"product_tag-gt3rs-for-sale","15":"pa_automarke-porsche","16":"pa_decade-2000s","17":"pa_fahrzeugtyp-coupe","18":"pa_farbe-gruen","19":"pa_limitiert-nein","20":"pa_massstab-1-18","21":"pa_modelmarke-autoart","22":"pa_modeltyp-alles-zum-oeffnen","23":"pa_modeltyp-fertigmodell","24":"pa_status-beim-hersteller-ausverkauft","25":"pa_verfuegbarkeit-sofort-verfuegbar","26":"pa_zustand_modell-2-neuwertig","27":"pa_zustand_verpackung-2-neuwertig","29":"first","30":"instock","31":"purchasable","32":"product-type-simple"},"acf":[],"jetpack_sharing_enabled":true,"_links":{"self":[{"href":"https:\/\/www.modelcars24.de\/fr\/wp-json\/wp\/v2\/product\/7085","targetHints":{"allow":["GET"]}}],"collection":[{"href":"https:\/\/www.modelcars24.de\/fr\/wp-json\/wp\/v2\/product"}],"about":[{"href":"https:\/\/www.modelcars24.de\/fr\/wp-json\/wp\/v2\/types\/product"}],"replies":[{"embeddable":true,"href":"https:\/\/www.modelcars24.de\/fr\/wp-json\/wp\/v2\/comments?post=7085"}],"version-history":[{"count":4,"href":"https:\/\/www.modelcars24.de\/fr\/wp-json\/wp\/v2\/product\/7085\/revisions"}],"predecessor-version":[{"id":61153,"href":"https:\/\/www.modelcars24.de\/fr\/wp-json\/wp\/v2\/product\/7085\/revisions\/61153"}],"wp:featuredmedia":[{"embeddable":true,"href":"https:\/\/www.modelcars24.de\/fr\/wp-json\/wp\/v2\/media\/7086"}],"wp:attachment":[{"href":"https:\/\/www.modelcars24.de\/fr\/wp-json\/wp\/v2\/media?parent=7085"}],"wp:term":[{"taxonomy":"product_brand","embeddable":true,"href":"https:\/\/www.modelcars24.de\/fr\/wp-json\/wp\/v2\/product_brand?post=7085"},{"taxonomy":"product_cat","embeddable":true,"href":"https:\/\/www.modelcars24.de\/fr\/wp-json\/wp\/v2\/product_cat?post=7085"},{"taxonomy":"product_tag","embeddable":true,"href":"https:\/\/www.modelcars24.de\/fr\/wp-json\/wp\/v2\/product_tag?post=7085"}],"curies":[{"name":"wp","href":"https:\/\/api.w.org\/{rel}","templated":true}]}}