{"id":7168,"date":"2022-10-21T18:05:13","date_gmt":"2022-10-21T16:05:13","guid":{"rendered":"http:\/\/www.mondo-legno.com\/?post_type=product&#038;p=7168"},"modified":"2025-12-10T13:25:46","modified_gmt":"2025-12-10T12:25:46","slug":"vitrine-pour-modeles-reduits-de-voitures-a-lechelle-118-base-brune-en-cuir","status":"publish","type":"product","link":"https:\/\/www.modelcars24.de\/fr\/vitrine-fuer-automodelle-im-massstab-118-braune-grundplatte-aus-leder\/","title":{"rendered":"Vitrine pour mod\u00e8les de voitures \u00e0 l'\u00e9chelle 1:18 plaque de base brune en cuir - 1\/18"},"content":{"rendered":"<p>Vitrine moul\u00e9e par injection pour mod\u00e8les de voiture en plexiglas pur et r\u00e9sistant aux rayures. Une premi\u00e8re mondiale de BBR, aucun point d'injection visible. Unique au monde.<\/p>\n<ul>\n<li>3 MM d'\u00e9paisseur, coins arrondis.<\/li>\n<li>Garantie contre la casse pendant le transport.<\/li>\n<li>Contrairement aux trois pi\u00e8ces fabriqu\u00e9es \u00e0 la main avec des c\u00f4t\u00e9s coll\u00e9s, les points de collage ne peuvent pas se d\u00e9faire<\/li>\n<li>Vitrine garantie \u00e9galement contre les rayons UV du soleil.<\/li>\n<li>Blanc transparent, pas bleu comme toutes les autres vitrines sur le march\u00e9<\/li>\n<\/ul>\n<p>Paquet compos\u00e9 de :<\/p>\n<ul>\n<li>Bo\u00eete externe sous film de protection blanc<\/li>\n<li>Emballage en carton \u00e9tanche \u00e0 la poussi\u00e8re<\/li>\n<li>Vitrine en plexiglas pur<\/li>\n<\/ul>\n<p>Ces vitrines conviennent aux mod\u00e8les \u00e0 l'\u00e9chelle 1:18.<br \/>Num\u00e9ro d'article : <\/p>","protected":false},"excerpt":{"rendered":"<p>Vitrine pour mod\u00e8les de voiture \u00e0 l'\u00e9chelle 1:18 plaque de base brune en cuir, , available at modelcars24.de<\/p>","protected":false},"featured_media":7169,"comment_status":"closed","ping_status":"closed","template":"","meta":{"_acf_changed":false},"product_brand":[],"product_cat":[191,21],"product_tag":[],"class_list":{"0":"post-7168","1":"product","2":"type-product","3":"status-publish","4":"has-post-thumbnail","6":"product_cat-bbr-vitrinen","7":"product_cat-verfuegbar","8":"pa_farbe-braun","9":"pa_massstab-1-18","10":"pa_modelmarke-bbr-vitrinen","11":"pa_modeltyp-vitrine","13":"first","14":"outofstock","15":"taxable","16":"shipping-taxable","17":"purchasable","18":"product-type-simple"},"acf":[],"jetpack_sharing_enabled":true,"_links":{"self":[{"href":"https:\/\/www.modelcars24.de\/fr\/wp-json\/wp\/v2\/product\/7168","targetHints":{"allow":["GET"]}}],"collection":[{"href":"https:\/\/www.modelcars24.de\/fr\/wp-json\/wp\/v2\/product"}],"about":[{"href":"https:\/\/www.modelcars24.de\/fr\/wp-json\/wp\/v2\/types\/product"}],"replies":[{"embeddable":true,"href":"https:\/\/www.modelcars24.de\/fr\/wp-json\/wp\/v2\/comments?post=7168"}],"version-history":[{"count":2,"href":"https:\/\/www.modelcars24.de\/fr\/wp-json\/wp\/v2\/product\/7168\/revisions"}],"predecessor-version":[{"id":57575,"href":"https:\/\/www.modelcars24.de\/fr\/wp-json\/wp\/v2\/product\/7168\/revisions\/57575"}],"wp:featuredmedia":[{"embeddable":true,"href":"https:\/\/www.modelcars24.de\/fr\/wp-json\/wp\/v2\/media\/7169"}],"wp:attachment":[{"href":"https:\/\/www.modelcars24.de\/fr\/wp-json\/wp\/v2\/media?parent=7168"}],"wp:term":[{"taxonomy":"product_brand","embeddable":true,"href":"https:\/\/www.modelcars24.de\/fr\/wp-json\/wp\/v2\/product_brand?post=7168"},{"taxonomy":"product_cat","embeddable":true,"href":"https:\/\/www.modelcars24.de\/fr\/wp-json\/wp\/v2\/product_cat?post=7168"},{"taxonomy":"product_tag","embeddable":true,"href":"https:\/\/www.modelcars24.de\/fr\/wp-json\/wp\/v2\/product_tag?post=7168"}],"curies":[{"name":"wp","href":"https:\/\/api.w.org\/{rel}","templated":true}]}}