{"id":7329,"date":"2022-11-01T20:11:36","date_gmt":"2022-11-01T19:11:36","guid":{"rendered":"http:\/\/www.mondo-legno.com\/?post_type=product&#038;p=7329"},"modified":"2025-12-10T13:25:49","modified_gmt":"2025-12-10T12:25:49","slug":"bbr-maserati-mc20-black-enigma","status":"publish","type":"product","link":"https:\/\/www.modelcars24.de\/fr\/bbr-maserati-mc20-black-enigma\/","title":{"rendered":"BBR Maserati MC20 Black Enigma Diecast one of 200 - 1\/18"},"content":{"rendered":"<h3>BBR Maserati MC20 Black Enigma Diecast<\/h3>\n<p>La marque Maserati est l'une des plus fascinantes et des plus charg\u00e9es d'histoire de la sc\u00e8ne automobile mondiale.<br \/>\nLa nouvelle MC20, avec sa carrosserie sportive et \u00e9l\u00e9gante, associ\u00e9e au moteur moderne Twin-Turbo 6 cylindres Neptune, fait de cette voiture une supercar qui se distingue des autres sur le march\u00e9. Un seul regard suffit pour en tomber amoureux<\/p>\n<p>Voici un superbe aper\u00e7u de cette fantastique voiture, avec toutes les pi\u00e8ces qui s'ouvrent, des portes au bouchon du r\u00e9servoir.<br \/>\nDe nombreuses op\u00e9rations sont n\u00e9cessaires pour assembler cette voiture miniature, qui compte au total plus de 800 pi\u00e8ces.<br \/>\nLe d\u00e9veloppement a \u00e9t\u00e9 long et a impliqu\u00e9 plusieurs personnes, dont Maserati pour le contr\u00f4le final du produit.<\/p>\n<p>L'emballage propos\u00e9 est en polystyr\u00e8ne sans socle, comme indiqu\u00e9 sur la photo.<\/p>\n<p>Seules 300 pi\u00e8ces sont produites dans cette couleur<\/p>\n<p>BBR a produit la BBR Maserati MC20 Black Enigma Diecast dans cette version \u00e0 l'\u00e9chelle 1:18.<br \/>Num\u00e9ro d'article : HE180051B<\/p>","protected":false},"excerpt":{"rendered":"<p>BBR Maserati MC20 Black Enigma Diecast one of 200 modelcar, HE180051B, from BBR, now available at www.modelcars24.de<\/p>","protected":false},"featured_media":7330,"comment_status":"open","ping_status":"closed","template":"","meta":{"_acf_changed":false},"product_brand":[851],"product_cat":[169,90,21],"product_tag":[173,175,205,206,207,181,208],"class_list":{"0":"post-7329","1":"product","2":"type-product","3":"status-publish","4":"has-post-thumbnail","6":"product_brand-bbr","7":"product_cat-bbr","8":"product_cat-maserati","9":"product_cat-verfuegbar","10":"product_tag-bbr","11":"product_tag-competizione","12":"product_tag-he180051b","13":"product_tag-maserati-mc20-black-enigma","14":"product_tag-maserati-mc20-kaufen","15":"product_tag-mrcollection","16":"product_tag-red-vincente","17":"pa_automarke-maserati","18":"pa_decade-2020s","19":"pa_fahrzeugtyp-coupe","20":"pa_farbe-schwarz","21":"pa_limitiert-ja","22":"pa_massstab-1-18","23":"pa_modelmarke-bbr","24":"pa_modeltyp-alles-zum-oeffnen","25":"pa_modeltyp-fertigmodell","26":"pa_status-beim-hersteller-ausverkauft","27":"pa_zustand_modell-1-brandneu","28":"pa_zustand_verpackung-1-brandneu","30":"first","31":"outofstock","32":"taxable","33":"shipping-taxable","34":"purchasable","35":"product-type-simple"},"acf":[],"jetpack_sharing_enabled":true,"_links":{"self":[{"href":"https:\/\/www.modelcars24.de\/fr\/wp-json\/wp\/v2\/product\/7329","targetHints":{"allow":["GET"]}}],"collection":[{"href":"https:\/\/www.modelcars24.de\/fr\/wp-json\/wp\/v2\/product"}],"about":[{"href":"https:\/\/www.modelcars24.de\/fr\/wp-json\/wp\/v2\/types\/product"}],"replies":[{"embeddable":true,"href":"https:\/\/www.modelcars24.de\/fr\/wp-json\/wp\/v2\/comments?post=7329"}],"version-history":[{"count":2,"href":"https:\/\/www.modelcars24.de\/fr\/wp-json\/wp\/v2\/product\/7329\/revisions"}],"predecessor-version":[{"id":57583,"href":"https:\/\/www.modelcars24.de\/fr\/wp-json\/wp\/v2\/product\/7329\/revisions\/57583"}],"wp:featuredmedia":[{"embeddable":true,"href":"https:\/\/www.modelcars24.de\/fr\/wp-json\/wp\/v2\/media\/7330"}],"wp:attachment":[{"href":"https:\/\/www.modelcars24.de\/fr\/wp-json\/wp\/v2\/media?parent=7329"}],"wp:term":[{"taxonomy":"product_brand","embeddable":true,"href":"https:\/\/www.modelcars24.de\/fr\/wp-json\/wp\/v2\/product_brand?post=7329"},{"taxonomy":"product_cat","embeddable":true,"href":"https:\/\/www.modelcars24.de\/fr\/wp-json\/wp\/v2\/product_cat?post=7329"},{"taxonomy":"product_tag","embeddable":true,"href":"https:\/\/www.modelcars24.de\/fr\/wp-json\/wp\/v2\/product_tag?post=7329"}],"curies":[{"name":"wp","href":"https:\/\/api.w.org\/{rel}","templated":true}]}}