{"id":75,"date":"2024-01-28T00:00:00","date_gmt":"2024-01-27T23:00:00","guid":{"rendered":"http:\/\/www.mondo-legno.com\/?post_type=product&#038;p=75"},"modified":"2025-12-10T13:24:54","modified_gmt":"2025-12-10T12:24:54","slug":"mercedes-benz-w154-1938-cmc","status":"publish","type":"product","link":"https:\/\/www.modelcars24.de\/fr\/cmc-mercedes-benz-w154-1938\/","title":{"rendered":"CMC Mercedes-Benz W154, 1938 \u2013 1\/18"},"content":{"rendered":"<h3>CMC Mercedes-Benz W 154, 1938<\/h3>\n<p>Mercedes-Benz a d\u00e9velopp\u00e9 pour la W154 un tout nouveau moteur \u00e0 12 cylindres en V d'une puissance de 485 ch, en raison de la nouvelle formule de course de moteur 3 litres qui a \u00e9t\u00e9 pr\u00e9sent\u00e9e en 1938. Il s'est av\u00e9r\u00e9 que la nouvelle W154, avec son puissant cylindre V-12, \u00e9tait tr\u00e8s comp\u00e9titive, pour ne pas dire sup\u00e9rieure.<\/p>\n<ul>\n<li>Mod\u00e8le de pr\u00e9cision assembl\u00e9 \u00e0 la main \u00e0 partir de plus de 530 pi\u00e8ces d\u00e9tach\u00e9es<\/li>\n<li>Pare-brise rabattable<\/li>\n<li>Capot amovible<\/li>\n<li>R\u00e9plique fid\u00e8le du moteur V12 avec de nombreux d\u00e9tails et un montage d\u00e9sax\u00e9<\/li>\n<li>Masque de radiateur fait \u00e0 la main en fils d'acier inoxydable, soud\u00e9s individuellement<\/li>\n<li>Tableau de bord d\u00e9taill\u00e9, en partie r\u00e9alis\u00e9 en technique \u00e0 marteline<\/li>\n<li>Si\u00e8ge avec rev\u00eatement textile de haute qualit\u00e9<\/li>\n<li>Nombre de fentes de ventilation rendu avec pr\u00e9cision<\/li>\n<li>Jantes d\u00e9montables \u00e0 rayons avec fils tir\u00e9s mont\u00e9s individuellement et pneus authentiques<\/li>\n<li>Si\u00e8ge de cockpit avec rev\u00eatement textile v\u00e9ritable<\/li>\n<li>Disque de frein perfor\u00e9<\/li>\n<\/ul>\n<p>Num\u00e9ro d'article : M-025<\/p>","protected":false},"excerpt":{"rendered":"<p>M-025 &#8211; 2-neuwertig &#8211; 165,00 \u20ac<\/p>","protected":false},"featured_media":53896,"comment_status":"open","ping_status":"closed","template":"","meta":{"_acf_changed":false},"product_brand":[537],"product_cat":[17,18,19,20,21],"product_tag":[],"class_list":{"0":"post-75","1":"product","2":"type-product","3":"status-publish","4":"has-post-thumbnail","6":"product_brand-cmc","7":"product_cat-angebot","8":"product_cat-cmc","9":"product_cat-mercedes-benz","10":"product_cat-titel","11":"product_cat-verfuegbar","12":"pa_automarke-mercedes","13":"pa_decade-1930s","14":"pa_fahrzeugtyp-formel-1","15":"pa_farbe-silber","16":"pa_limitiert-nein","17":"pa_massstab-1-18","18":"pa_modelmarke-cmc","19":"pa_modeltyp-alles-zum-oeffnen","20":"pa_modeltyp-fertigmodell","21":"pa_verfuegbarkeit-5-tage-lieferzeit","22":"pa_zustand_modell-1-brandneu","23":"pa_zustand_verpackung-1-brandneu","25":"first","26":"outofstock","27":"purchasable","28":"product-type-simple"},"acf":[],"jetpack_sharing_enabled":true,"_links":{"self":[{"href":"https:\/\/www.modelcars24.de\/fr\/wp-json\/wp\/v2\/product\/75","targetHints":{"allow":["GET"]}}],"collection":[{"href":"https:\/\/www.modelcars24.de\/fr\/wp-json\/wp\/v2\/product"}],"about":[{"href":"https:\/\/www.modelcars24.de\/fr\/wp-json\/wp\/v2\/types\/product"}],"replies":[{"embeddable":true,"href":"https:\/\/www.modelcars24.de\/fr\/wp-json\/wp\/v2\/comments?post=75"}],"version-history":[{"count":6,"href":"https:\/\/www.modelcars24.de\/fr\/wp-json\/wp\/v2\/product\/75\/revisions"}],"predecessor-version":[{"id":57402,"href":"https:\/\/www.modelcars24.de\/fr\/wp-json\/wp\/v2\/product\/75\/revisions\/57402"}],"wp:featuredmedia":[{"embeddable":true,"href":"https:\/\/www.modelcars24.de\/fr\/wp-json\/wp\/v2\/media\/53896"}],"wp:attachment":[{"href":"https:\/\/www.modelcars24.de\/fr\/wp-json\/wp\/v2\/media?parent=75"}],"wp:term":[{"taxonomy":"product_brand","embeddable":true,"href":"https:\/\/www.modelcars24.de\/fr\/wp-json\/wp\/v2\/product_brand?post=75"},{"taxonomy":"product_cat","embeddable":true,"href":"https:\/\/www.modelcars24.de\/fr\/wp-json\/wp\/v2\/product_cat?post=75"},{"taxonomy":"product_tag","embeddable":true,"href":"https:\/\/www.modelcars24.de\/fr\/wp-json\/wp\/v2\/product_tag?post=75"}],"curies":[{"name":"wp","href":"https:\/\/api.w.org\/{rel}","templated":true}]}}