{"id":7837,"date":"2024-10-09T12:00:00","date_gmt":"2024-10-09T10:00:00","guid":{"rendered":"http:\/\/www.mondo-legno.com\/?post_type=product&#038;p=7837"},"modified":"2026-03-24T15:06:44","modified_gmt":"2026-03-24T14:06:44","slug":"cmc-ferrari-250-gto-david-piper-44-m-248","status":"publish","type":"product","link":"https:\/\/www.modelcars24.de\/fr\/cmc-ferrari-250-gto-david-piper-44-m-248\/","title":{"rendered":"CMC Ferrari 250 GTO, David Piper #44 M-248, 2nd OA &amp; 2nd GT Class, 1962 Silverstone Chassis 4491GT, Limited Edition 2000 - 1\/18"},"content":{"rendered":"<div id=\"description\">\n<div class=\"long_desc\">\n<h3>\u00a0CMC Ferrari 250 GTO, David Piper #44 M-248, 2nd OA &amp; 2nd GT Class, 1962 Silverstone Chassis 4491GT, Limited Edition 2000<\/h3>\n<div>\n<ul>\n<li>Mod\u00e8le de pr\u00e9cision en m\u00e9tal assembl\u00e9 \u00e0 la main en tant que volant \u00e0 gauche, compos\u00e9 de 1 863 pi\u00e8ces, dont 1 223 pi\u00e8ces uniquement en m\u00e9tal<\/li>\n<li>Reproduction exacte de l'aspect de la course du Tour de France<\/li>\n<li>Capot moteur relevable avec barre d'appui et fermetures rapides fonctionnelles avec protection par lani\u00e8res de cuir<\/li>\n<li>Portes fonctionnelles avec fen\u00eatres coulissantes mobiles<\/li>\n<li>Capot de coffre avec barre d'appui et roue de secours<\/li>\n<li>Goulot de remplissage du r\u00e9servoir arri\u00e8re avec bouchon ouvrable<\/li>\n<li>Roues \u00e0 rayons parfaitement con\u00e7ues et fermetures centrales Borrani vissables avec filetage \u00e0 droite\/gauche<\/li>\n<li>Moteur V-12 hautement d\u00e9taill\u00e9 avec accessoires et pose de conduites \/ c\u00e2blage<\/li>\n<li>Int\u00e9rieur du v\u00e9hicule fid\u00e8le \u00e0 l'original avec cage de s\u00e9curit\u00e9 et ceintures de s\u00e9curit\u00e9. Si\u00e8ges avec bordure en cuir et rev\u00eatement textile<\/li>\n<li>Un tableau de bord coh\u00e9rent<\/li>\n<li>Reproduction exacte du groupe de plancher. Suspensions avant et arri\u00e8re parfaites. R\u00e9servoir d'huile et d'essence en t\u00f4le d'acier inoxydable. Syst\u00e8me d'\u00e9chappement sport de course<\/li>\n<li>Plaque de fond d\u00e9vissable en t\u00f4le d'acier inoxydable<\/li>\n<\/ul>\n<\/div>\n<div><\/div>\n<div>Le ch\u00e2ssis 4491GT a \u00e9t\u00e9 vendu neuf en 1963 \u00e0 David Piper, un pilote de course britannique, et a \u00e9t\u00e9 peint dans le vert de course \u00e9clatant de BP. Piper a conduit la voiture avec<br \/>\navec un succ\u00e8s consid\u00e9rable sur de nombreux circuits comme Mallory Park, Silverstone, Brands Hatch, Daytona et Monza, etc. Durant l'hiver 1963\/64, il a fait rouler # 4491 avec une<br \/>\nun pare-brise raccourci et un toit redessin\u00e9. La voiture a ensuite chang\u00e9 plusieurs fois de propri\u00e9taire, jusqu'\u00e0 ce que son actuel propri\u00e9taire italien<br \/>\nLe propri\u00e9taire l'a fait restaurer dans son \u00e9tat d'origine en 1981 et les modifications de Piper ont \u00e9t\u00e9 supprim\u00e9es.<\/div>\n<div>Pr\u00e9sent\u00e9e par CMC, elle a couru \u00e0 Silverstone le 20 juillet 1963 et s'est class\u00e9e 2e OA et 2e GT. Parmi les autres succ\u00e8s, on peut citer la 4e place.<br \/>\nOA \u00e0 Monza et la 1\u00e8re OA \u00e0 Kyalami, pour n'en citer que quelques-unes.<\/div>\n<\/div>\n<\/div>\n<div><\/div>\n<div class=\"clearfix\">L'image du produit pr\u00e9sent\u00e9e est une animation CAO de\u00a0<a href=\"https:\/\/www.cgtrader.com\/sj-automotive-design\" target=\"_blank\" rel=\"noopener\">sj-automotive-design<\/a>. Le design du mod\u00e8le CMC sera tr\u00e8s probablement diff\u00e9rent de ce projet ! Dans notre <a href=\"https:\/\/www.modelcars24.de\/fr\/cmc-ferrari-250-gto-ranking-modelcars24\/\">Classement de la GTO<\/a> vous d\u00e9couvrirez lesquelles des dix nouvelles variantes de la CMC Ferrari 250 GTO sont les plus populaires.<\/div>\n<p>Num\u00e9ro d'article : M-248<\/p>","protected":false},"excerpt":{"rendered":"<p>M-248 \u2013 1-neuf \u2013 au lieu de 694,00 \u20ac maintenant 539,00 \u20ac TTC, 19% TVA<\/p>","protected":false},"featured_media":49660,"comment_status":"open","ping_status":"closed","template":"","meta":{"_acf_changed":false},"product_brand":[537],"product_cat":[960,18,63,20,21],"product_tag":[78,152,212],"class_list":{"0":"post-7837","1":"product","2":"type-product","3":"status-publish","4":"has-post-thumbnail","6":"product_brand-cmc","7":"product_cat-aktion","8":"product_cat-cmc","9":"product_cat-ferrari","10":"product_cat-titel","11":"product_cat-verfuegbar","12":"product_tag-angebot","13":"product_tag-cmc-ferrari-250-gto","14":"product_tag-rennversion-tour-de-france-1964-172","15":"pa_automarke-ferrari","16":"pa_decade-1960s","17":"pa_fahrzeugtyp-gt-rennen","18":"pa_farbe-gruen","19":"pa_limitiert-ja","20":"pa_massstab-1-18","21":"pa_modelmarke-cmc","22":"pa_modeltyp-alles-zum-oeffnen","23":"pa_modeltyp-fertigmodell","24":"pa_status-beim-hersteller-verfuegbar","25":"pa_verfuegbarkeit-sofort-verfuegbar","26":"pa_zustand_modell-1-brandneu","27":"pa_zustand_verpackung-1-brandneu","29":"first","30":"instock","31":"sale","32":"taxable","33":"shipping-taxable","34":"purchasable","35":"product-type-simple"},"acf":[],"jetpack_sharing_enabled":true,"_links":{"self":[{"href":"https:\/\/www.modelcars24.de\/fr\/wp-json\/wp\/v2\/product\/7837","targetHints":{"allow":["GET"]}}],"collection":[{"href":"https:\/\/www.modelcars24.de\/fr\/wp-json\/wp\/v2\/product"}],"about":[{"href":"https:\/\/www.modelcars24.de\/fr\/wp-json\/wp\/v2\/types\/product"}],"replies":[{"embeddable":true,"href":"https:\/\/www.modelcars24.de\/fr\/wp-json\/wp\/v2\/comments?post=7837"}],"version-history":[{"count":5,"href":"https:\/\/www.modelcars24.de\/fr\/wp-json\/wp\/v2\/product\/7837\/revisions"}],"predecessor-version":[{"id":57589,"href":"https:\/\/www.modelcars24.de\/fr\/wp-json\/wp\/v2\/product\/7837\/revisions\/57589"}],"wp:featuredmedia":[{"embeddable":true,"href":"https:\/\/www.modelcars24.de\/fr\/wp-json\/wp\/v2\/media\/49660"}],"wp:attachment":[{"href":"https:\/\/www.modelcars24.de\/fr\/wp-json\/wp\/v2\/media?parent=7837"}],"wp:term":[{"taxonomy":"product_brand","embeddable":true,"href":"https:\/\/www.modelcars24.de\/fr\/wp-json\/wp\/v2\/product_brand?post=7837"},{"taxonomy":"product_cat","embeddable":true,"href":"https:\/\/www.modelcars24.de\/fr\/wp-json\/wp\/v2\/product_cat?post=7837"},{"taxonomy":"product_tag","embeddable":true,"href":"https:\/\/www.modelcars24.de\/fr\/wp-json\/wp\/v2\/product_tag?post=7837"}],"curies":[{"name":"wp","href":"https:\/\/api.w.org\/{rel}","templated":true}]}}