{"id":8140,"date":"2024-11-05T19:07:43","date_gmt":"2024-11-05T18:07:43","guid":{"rendered":"http:\/\/www.mondo-legno.com\/?post_type=product&#038;p=8140"},"modified":"2025-12-10T13:25:58","modified_gmt":"2025-12-10T12:25:58","slug":"bauer-bugatti-type-57sc-atalante","status":"publish","type":"product","link":"https:\/\/www.modelcars24.de\/fr\/bauer-bugatti-type-57sc-atalante\/","title":{"rendered":"Bauer Bugatti Type 57SC Atalante 1937 7828-Z75 one of 1500 1:12 - 1\/12"},"content":{"rendered":"<h3>Bauer Bugatti Type 57SC Atalante 1937 7828-Z75 one of 1500 1:12<\/h3>\n<div>\n<p><span style=\"font-size: 16px;\">Bauer Exclusive Bugatti Type 57SC Atalante 1937 : Mod\u00e8le r\u00e9duit fid\u00e8le \u00e0 l'original, de haute qualit\u00e9, 1 : 12 en \u00e9dition limit\u00e9e, avec portes et capot ouvrables, mod\u00e8le fini, noir-rouge (7828-Z75)g.<\/span><\/p>\n<ul class=\"a-unordered-list a-vertical a-spacing-mini\">\n<li><span class=\"a-list-item\">Pour les fans de Bugatti : la Bugatti 57SC Atalante de 1937 se pr\u00e9sente dans la s\u00e9rie Bauer Exclusive en noir et rouge et avec de nombreux d\u00e9tails.<\/span><\/li>\n<li><span class=\"a-list-item\">Magnifique et d\u00e9coratif : Jean Bugatti en personne a dessin\u00e9 le tr\u00e8s impressionnant coup\u00e9 \u201eAtalante\u201c, sportif et \u00e9l\u00e9gant, qui est entr\u00e9 dans l'histoire comme l'une des plus belles carrosseries de la s\u00e9rie 57S.<\/span><\/li>\n<li><span class=\"a-list-item\">Reproduction fid\u00e8le \u00e0 l'original : La voiture de collection est fabriqu\u00e9e \u00e0 partir de 1.104 pi\u00e8ces en \u00e9dition limit\u00e9e \u00e0 1.500 exemplaires et mesure environ 39 cm de long, conform\u00e9ment \u00e0 l'\u00e9chelle 1:12.<\/span><\/li>\n<li><span class=\"a-list-item\">D\u00e9tails soign\u00e9s : l'\u00e9quipement d\u00e9taill\u00e9 ne doit en aucun cas se cacher de l'original, les clapets d'a\u00e9ration, le coffre, les portes, le bouchon de radiateur et les clignotants sont mobiles.<\/span><\/li>\n<li><span class=\"a-list-item\">Voiture miniature de haute qualit\u00e9 \u00e0 collectionner : La Bugatti 57SC Atalante avec sa peinture bicolore est un must pour tous les collectionneurs et attire l'attention dans chaque vitrine de collection.<\/span><\/li>\n<\/ul>\n<\/div>\n<p>Num\u00e9ro d'article : M-136-1<\/p>","protected":false},"excerpt":{"rendered":"<p>7828-Z75 -1-neuf - au lieu de 1340,00 \u20ac maintenant 1289,00 \u20ac TTC 19% TVA<\/p>","protected":false},"featured_media":8141,"comment_status":"open","ping_status":"closed","template":"","meta":{"_acf_changed":false},"product_brand":[853],"product_cat":[225,77,20,21],"product_tag":[226],"class_list":{"0":"post-8140","1":"product","2":"type-product","3":"status-publish","4":"has-post-thumbnail","6":"product_brand-bauer","7":"product_cat-bauer","8":"product_cat-bugatti","9":"product_cat-titel","10":"product_cat-verfuegbar","11":"product_tag-cmc-bugatti-57-sc-corsica","12":"pa_automarke-bugatti","13":"pa_decade-1930s","14":"pa_fahrzeugtyp-coupe","15":"pa_farbe-rot-schwarz","16":"pa_limitiert-ja","17":"pa_massstab-1-12","18":"pa_modelmarke-bauer","19":"pa_modeltyp-alles-zum-oeffnen","20":"pa_modeltyp-fertigmodell","21":"pa_status-beim-hersteller-verfuegbar","22":"pa_verfuegbarkeit-5-tage-lieferzeit","23":"pa_zustand_modell-1-brandneu","24":"pa_zustand_verpackung-1-brandneu","26":"first","27":"instock","28":"sale","29":"purchasable","30":"product-type-simple"},"acf":[],"jetpack_sharing_enabled":true,"_links":{"self":[{"href":"https:\/\/www.modelcars24.de\/fr\/wp-json\/wp\/v2\/product\/8140","targetHints":{"allow":["GET"]}}],"collection":[{"href":"https:\/\/www.modelcars24.de\/fr\/wp-json\/wp\/v2\/product"}],"about":[{"href":"https:\/\/www.modelcars24.de\/fr\/wp-json\/wp\/v2\/types\/product"}],"replies":[{"embeddable":true,"href":"https:\/\/www.modelcars24.de\/fr\/wp-json\/wp\/v2\/comments?post=8140"}],"version-history":[{"count":2,"href":"https:\/\/www.modelcars24.de\/fr\/wp-json\/wp\/v2\/product\/8140\/revisions"}],"predecessor-version":[{"id":57594,"href":"https:\/\/www.modelcars24.de\/fr\/wp-json\/wp\/v2\/product\/8140\/revisions\/57594"}],"wp:featuredmedia":[{"embeddable":true,"href":"https:\/\/www.modelcars24.de\/fr\/wp-json\/wp\/v2\/media\/8141"}],"wp:attachment":[{"href":"https:\/\/www.modelcars24.de\/fr\/wp-json\/wp\/v2\/media?parent=8140"}],"wp:term":[{"taxonomy":"product_brand","embeddable":true,"href":"https:\/\/www.modelcars24.de\/fr\/wp-json\/wp\/v2\/product_brand?post=8140"},{"taxonomy":"product_cat","embeddable":true,"href":"https:\/\/www.modelcars24.de\/fr\/wp-json\/wp\/v2\/product_cat?post=8140"},{"taxonomy":"product_tag","embeddable":true,"href":"https:\/\/www.modelcars24.de\/fr\/wp-json\/wp\/v2\/product_tag?post=8140"}],"curies":[{"name":"wp","href":"https:\/\/api.w.org\/{rel}","templated":true}]}}