{"id":8866,"date":"2023-04-27T00:00:00","date_gmt":"2023-04-26T22:00:00","guid":{"rendered":"http:\/\/www.mondo-legno.com\/?post_type=product&#038;p=8866"},"modified":"2025-12-10T13:26:07","modified_gmt":"2025-12-10T12:26:07","slug":"https-www-modelcars24-de-lcd-models-pagani-huayra-bc-roadster-white","status":"publish","type":"product","link":"https:\/\/www.modelcars24.de\/fr\/https-www-modelcars24-de-lcd-models-pagani-huayra-bc-roadster-white\/","title":{"rendered":"LCD Models Pagani Huayra Bc Roadster White - 1\/18"},"content":{"rendered":"<p>Mod\u00e8le de collection de haute qualit\u00e9 en zinc moul\u00e9 sous pression \u00e0 l'\u00e9chelle 1:18. Portes et capots ouvrables, roues avant directrices, int\u00e9rieur et compartiment moteur d\u00e9taill\u00e9s. La Pagani Huayra BC Roadster Orange est un mod\u00e8le limit\u00e9 de la l\u00e9gendaire Huayra BC Supercar, exclusivement disponible pour le march\u00e9 am\u00e9ricain. La voiture a une finition orange frappante qui se distingue parfaitement et offre un design unique. La Huayra BC Roadster Orange est \u00e9quip\u00e9e d'un moteur V12 de 6,0 litres qui fournit 790 chevaux et 811 lb-pi de couple. La voiture est \u00e9galement \u00e9quip\u00e9e d'une bo\u00eete de vitesses automatique \u00e0 7 rapports qui assure un d\u00e9marrage en douceur et une acc\u00e9l\u00e9ration r\u00e9active.<br \/>Num\u00e9ro d'article : LCD18008-WH<\/p>","protected":false},"excerpt":{"rendered":"<p>LCD Models Pagani Huayra Bc Roadster White modelcar, LCD18008-WH, from LCD Models, now available at www.modelcars24.de<\/p>","protected":false},"featured_media":8867,"comment_status":"open","ping_status":"closed","template":"","meta":{"_acf_changed":false},"product_brand":[856],"product_cat":[236,249,21],"product_tag":[238,250,202],"class_list":{"0":"post-8866","1":"product","2":"type-product","3":"status-publish","4":"has-post-thumbnail","6":"product_brand-lcd-models","7":"product_cat-lcd-models","8":"product_cat-pagani","9":"product_cat-verfuegbar","10":"product_tag-lcd-models","11":"product_tag-pagani","12":"product_tag-verfuegbar","13":"pa_automarke-pagani","14":"pa_decade-2020s","15":"pa_fahrzeugtyp-gelaendewagen","16":"pa_farbe-weiss","17":"pa_limitiert-nein","18":"pa_massstab-1-18","19":"pa_modelmarke-lcd-models","20":"pa_modeltyp-alles-zum-oeffnen","21":"pa_modeltyp-fertigmodell","22":"pa_status-beim-hersteller-ausverkauft","23":"pa_verfuegbarkeit-5-tage-lieferzeit","24":"pa_zustand_modell-1-brandneu","25":"pa_zustand_verpackung-1-brandneu","27":"first","28":"instock","29":"taxable","30":"shipping-taxable","31":"purchasable","32":"product-type-simple"},"acf":[],"jetpack_sharing_enabled":true,"_links":{"self":[{"href":"https:\/\/www.modelcars24.de\/fr\/wp-json\/wp\/v2\/product\/8866","targetHints":{"allow":["GET"]}}],"collection":[{"href":"https:\/\/www.modelcars24.de\/fr\/wp-json\/wp\/v2\/product"}],"about":[{"href":"https:\/\/www.modelcars24.de\/fr\/wp-json\/wp\/v2\/types\/product"}],"replies":[{"embeddable":true,"href":"https:\/\/www.modelcars24.de\/fr\/wp-json\/wp\/v2\/comments?post=8866"}],"version-history":[{"count":2,"href":"https:\/\/www.modelcars24.de\/fr\/wp-json\/wp\/v2\/product\/8866\/revisions"}],"predecessor-version":[{"id":57607,"href":"https:\/\/www.modelcars24.de\/fr\/wp-json\/wp\/v2\/product\/8866\/revisions\/57607"}],"wp:featuredmedia":[{"embeddable":true,"href":"https:\/\/www.modelcars24.de\/fr\/wp-json\/wp\/v2\/media\/8867"}],"wp:attachment":[{"href":"https:\/\/www.modelcars24.de\/fr\/wp-json\/wp\/v2\/media?parent=8866"}],"wp:term":[{"taxonomy":"product_brand","embeddable":true,"href":"https:\/\/www.modelcars24.de\/fr\/wp-json\/wp\/v2\/product_brand?post=8866"},{"taxonomy":"product_cat","embeddable":true,"href":"https:\/\/www.modelcars24.de\/fr\/wp-json\/wp\/v2\/product_cat?post=8866"},{"taxonomy":"product_tag","embeddable":true,"href":"https:\/\/www.modelcars24.de\/fr\/wp-json\/wp\/v2\/product_tag?post=8866"}],"curies":[{"name":"wp","href":"https:\/\/api.w.org\/{rel}","templated":true}]}}