{"id":8990,"date":"2023-04-28T00:00:00","date_gmt":"2023-04-27T22:00:00","guid":{"rendered":"http:\/\/www.mondo-legno.com\/?post_type=product&#038;p=8990"},"modified":"2025-12-10T13:26:08","modified_gmt":"2025-12-10T12:26:08","slug":"https-www-modelcars24-de-tsm-model-true-scale-miniatures-aston-martin-vanquish-zagato-speedster-escaping-white-top-speed","status":"publish","type":"product","link":"https:\/\/www.modelcars24.de\/fr\/https-www-modelcars24-de-tsm-model-true-scale-miniatures-aston-martin-vanquish-zagato-speedster-escaping-white-top-speed\/","title":{"rendered":"TSM Model True Scale Miniatures ASTON MARTIN VANQUISH ZAGATO SPEEDSTER ESCAPING WHITE TOP SPEED - 1\/18"},"content":{"rendered":"<p>TSM Model True Scale Miniatures ASTON MARTIN VANQUISH ZAGATO SPEEDSTER ESCAPING WHITE TOP SPEED. Mod\u00e8le de collection de haute qualit\u00e9 \u00e0 l'\u00e9chelle 1:18.<br \/>Num\u00e9ro d'article : TS0229<\/p>","protected":false},"excerpt":{"rendered":"<p>TSM Model True Scale Miniatures ASTON MARTIN VANQUISH ZAGATO SPEEDSTER ESCAPING WHITE TOP SPEED modelcar, TS0229, from TSM Model True Scale Miniatures, now available at www.modelcars24.de<\/p>","protected":false},"featured_media":8991,"comment_status":"open","ping_status":"closed","template":"","meta":{"_acf_changed":false},"product_brand":[857],"product_cat":[147,256,21],"product_tag":[257,258,202],"class_list":{"0":"post-8990","1":"product","2":"type-product","3":"status-publish","4":"has-post-thumbnail","6":"product_brand-tsm","7":"product_cat-aston-martin","8":"product_cat-tsm-model-true-scale-miniatures","9":"product_cat-verfuegbar","10":"product_tag-aston","11":"product_tag-tsm-model-true-scale-miniatures","12":"product_tag-verfuegbar","13":"pa_automarke-aston-martin","14":"pa_decade-2020s","15":"pa_fahrzeugtyp-cabrio","16":"pa_farbe-weiss","17":"pa_limitiert-nein","18":"pa_massstab-1-18","19":"pa_modelmarke-tsm","20":"pa_modeltyp-fertigmodell","21":"pa_modeltyp-geschlossen","22":"pa_status-beim-hersteller-ausverkauft","23":"pa_verfuegbarkeit-5-tage-lieferzeit","24":"pa_zustand_modell-1-brandneu","25":"pa_zustand_verpackung-1-brandneu","27":"first","28":"instock","29":"taxable","30":"shipping-taxable","31":"purchasable","32":"product-type-simple"},"acf":[],"jetpack_sharing_enabled":true,"_links":{"self":[{"href":"https:\/\/www.modelcars24.de\/fr\/wp-json\/wp\/v2\/product\/8990","targetHints":{"allow":["GET"]}}],"collection":[{"href":"https:\/\/www.modelcars24.de\/fr\/wp-json\/wp\/v2\/product"}],"about":[{"href":"https:\/\/www.modelcars24.de\/fr\/wp-json\/wp\/v2\/types\/product"}],"replies":[{"embeddable":true,"href":"https:\/\/www.modelcars24.de\/fr\/wp-json\/wp\/v2\/comments?post=8990"}],"version-history":[{"count":2,"href":"https:\/\/www.modelcars24.de\/fr\/wp-json\/wp\/v2\/product\/8990\/revisions"}],"predecessor-version":[{"id":57609,"href":"https:\/\/www.modelcars24.de\/fr\/wp-json\/wp\/v2\/product\/8990\/revisions\/57609"}],"wp:featuredmedia":[{"embeddable":true,"href":"https:\/\/www.modelcars24.de\/fr\/wp-json\/wp\/v2\/media\/8991"}],"wp:attachment":[{"href":"https:\/\/www.modelcars24.de\/fr\/wp-json\/wp\/v2\/media?parent=8990"}],"wp:term":[{"taxonomy":"product_brand","embeddable":true,"href":"https:\/\/www.modelcars24.de\/fr\/wp-json\/wp\/v2\/product_brand?post=8990"},{"taxonomy":"product_cat","embeddable":true,"href":"https:\/\/www.modelcars24.de\/fr\/wp-json\/wp\/v2\/product_cat?post=8990"},{"taxonomy":"product_tag","embeddable":true,"href":"https:\/\/www.modelcars24.de\/fr\/wp-json\/wp\/v2\/product_tag?post=8990"}],"curies":[{"name":"wp","href":"https:\/\/api.w.org\/{rel}","templated":true}]}}