{"id":9189,"date":"2023-04-28T00:00:00","date_gmt":"2023-04-27T22:00:00","guid":{"rendered":"http:\/\/www.mondo-legno.com\/?post_type=product&#038;p=9189"},"modified":"2025-12-10T13:26:32","modified_gmt":"2025-12-10T12:26:32","slug":"https-www-modelcars24-de-bbr-maserati-levante-trofeofuoriserie-edition","status":"publish","type":"product","link":"https:\/\/www.modelcars24.de\/fr\/https-www-modelcars24-de-bbr-maserati-levante-trofeofuoriserie-edition\/","title":{"rendered":"BBR Maserati Levante Trofeo|Edition Fuoriserie - 1\/18"},"content":{"rendered":"<p>BBR Maserati Levante Trofeo|Fuoriserie Edition. Mod\u00e8le de collection haut de gamme \u00e0 l'\u00e9chelle 1:18.<br \/>Num\u00e9ro d'article : BBRC1844BOT<\/p>","protected":false},"excerpt":{"rendered":"<p>Mod\u00e8le r\u00e9duit BBR Maserati Levante Trofeo|Fuoriserie Edition, BBRC1844BOT, de BBR, disponible d\u00e8s maintenant sur www.modelcars24.de<\/p>","protected":false},"featured_media":0,"comment_status":"open","ping_status":"closed","template":"","meta":{"_acf_changed":false},"product_brand":[851],"product_cat":[169,90,21],"product_tag":[173,201,202],"class_list":{"0":"post-9189","1":"product","2":"type-product","3":"status-publish","5":"product_brand-bbr","6":"product_cat-bbr","7":"product_cat-maserati","8":"product_cat-verfuegbar","9":"product_tag-bbr","10":"product_tag-maserati","11":"product_tag-verfuegbar","12":"pa_automarke-maserati","13":"pa_decade-2010s","14":"pa_fahrzeugtyp-gelaendewagen","15":"pa_farbe-blau","16":"pa_limitiert-ja","17":"pa_massstab-1-18","18":"pa_modelmarke-bbr","19":"pa_modeltyp-fertigmodell","20":"pa_modeltyp-geschlossen","21":"pa_status-beim-hersteller-ausverkauft","22":"pa_verfuegbarkeit-5-tage-lieferzeit","23":"pa_zustand_modell-1-brandneu","24":"pa_zustand_verpackung-1-brandneu","26":"first","27":"instock","28":"taxable","29":"shipping-taxable","30":"purchasable","31":"product-type-simple"},"acf":[],"jetpack_sharing_enabled":true,"_links":{"self":[{"href":"https:\/\/www.modelcars24.de\/fr\/wp-json\/wp\/v2\/product\/9189","targetHints":{"allow":["GET"]}}],"collection":[{"href":"https:\/\/www.modelcars24.de\/fr\/wp-json\/wp\/v2\/product"}],"about":[{"href":"https:\/\/www.modelcars24.de\/fr\/wp-json\/wp\/v2\/types\/product"}],"replies":[{"embeddable":true,"href":"https:\/\/www.modelcars24.de\/fr\/wp-json\/wp\/v2\/comments?post=9189"}],"version-history":[{"count":2,"href":"https:\/\/www.modelcars24.de\/fr\/wp-json\/wp\/v2\/product\/9189\/revisions"}],"predecessor-version":[{"id":57638,"href":"https:\/\/www.modelcars24.de\/fr\/wp-json\/wp\/v2\/product\/9189\/revisions\/57638"}],"wp:attachment":[{"href":"https:\/\/www.modelcars24.de\/fr\/wp-json\/wp\/v2\/media?parent=9189"}],"wp:term":[{"taxonomy":"product_brand","embeddable":true,"href":"https:\/\/www.modelcars24.de\/fr\/wp-json\/wp\/v2\/product_brand?post=9189"},{"taxonomy":"product_cat","embeddable":true,"href":"https:\/\/www.modelcars24.de\/fr\/wp-json\/wp\/v2\/product_cat?post=9189"},{"taxonomy":"product_tag","embeddable":true,"href":"https:\/\/www.modelcars24.de\/fr\/wp-json\/wp\/v2\/product_tag?post=9189"}],"curies":[{"name":"wp","href":"https:\/\/api.w.org\/{rel}","templated":true}]}}