{"id":9202,"date":"2023-04-28T00:00:00","date_gmt":"2023-04-27T22:00:00","guid":{"rendered":"http:\/\/www.mondo-legno.com\/?post_type=product&#038;p=9202"},"modified":"2025-12-10T13:26:36","modified_gmt":"2025-12-10T12:26:36","slug":"https-www-modelcars24-de-bbr-alfa-romeo-giulia-gtabianco-trofeo-red-brakes-black-seat-belts","status":"publish","type":"product","link":"https:\/\/www.modelcars24.de\/fr\/https-www-modelcars24-de-bbr-alfa-romeo-giulia-gtabianco-trofeo-red-brakes-black-seat-belts\/","title":{"rendered":"BBR Alfa Romeo Giulia GTA|Bianco Trofeo rouge brakes black seat belts - 1\/18"},"content":{"rendered":"<p>BBR Alfa Romeo Giulia GTA|Bianco Trofeo red brakes black seat belts. Mod\u00e8le de collection de haute qualit\u00e9 \u00e0 l'\u00e9chelle 1:18.<br \/>Num\u00e9ro d'article : BBRC1851B-21<\/p>","protected":false},"excerpt":{"rendered":"<p>BBR Alfa Romeo Giulia GTA|Bianco Trofeo rouge brakes black seat belts modelcar, BBRC1851B-21, from BBR, now available at www.modelcars24.de<\/p>","protected":false},"featured_media":9203,"comment_status":"open","ping_status":"closed","template":"","meta":{"_acf_changed":false},"product_brand":[851],"product_cat":[100,169,21],"product_tag":[210,173,202],"class_list":{"0":"post-9202","1":"product","2":"type-product","3":"status-publish","4":"has-post-thumbnail","6":"product_brand-bbr","7":"product_cat-alfa-romeo","8":"product_cat-bbr","9":"product_cat-verfuegbar","10":"product_tag-alfa-romeo","11":"product_tag-bbr","12":"product_tag-verfuegbar","13":"pa_automarke-alfa-romeo","14":"pa_decade-2010s","15":"pa_fahrzeugtyp-limousine","16":"pa_farbe-weiss","17":"pa_limitiert-ja","18":"pa_massstab-1-18","19":"pa_modelmarke-bbr","20":"pa_modeltyp-fertigmodell","21":"pa_modeltyp-geschlossen","22":"pa_status-beim-hersteller-ausverkauft","23":"pa_verfuegbarkeit-5-tage-lieferzeit","24":"pa_zustand_modell-1-brandneu","25":"pa_zustand_verpackung-1-brandneu","27":"first","28":"instock","29":"taxable","30":"shipping-taxable","31":"purchasable","32":"product-type-simple"},"acf":[],"jetpack_sharing_enabled":true,"_links":{"self":[{"href":"https:\/\/www.modelcars24.de\/fr\/wp-json\/wp\/v2\/product\/9202","targetHints":{"allow":["GET"]}}],"collection":[{"href":"https:\/\/www.modelcars24.de\/fr\/wp-json\/wp\/v2\/product"}],"about":[{"href":"https:\/\/www.modelcars24.de\/fr\/wp-json\/wp\/v2\/types\/product"}],"replies":[{"embeddable":true,"href":"https:\/\/www.modelcars24.de\/fr\/wp-json\/wp\/v2\/comments?post=9202"}],"version-history":[{"count":2,"href":"https:\/\/www.modelcars24.de\/fr\/wp-json\/wp\/v2\/product\/9202\/revisions"}],"predecessor-version":[{"id":57642,"href":"https:\/\/www.modelcars24.de\/fr\/wp-json\/wp\/v2\/product\/9202\/revisions\/57642"}],"wp:featuredmedia":[{"embeddable":true,"href":"https:\/\/www.modelcars24.de\/fr\/wp-json\/wp\/v2\/media\/9203"}],"wp:attachment":[{"href":"https:\/\/www.modelcars24.de\/fr\/wp-json\/wp\/v2\/media?parent=9202"}],"wp:term":[{"taxonomy":"product_brand","embeddable":true,"href":"https:\/\/www.modelcars24.de\/fr\/wp-json\/wp\/v2\/product_brand?post=9202"},{"taxonomy":"product_cat","embeddable":true,"href":"https:\/\/www.modelcars24.de\/fr\/wp-json\/wp\/v2\/product_cat?post=9202"},{"taxonomy":"product_tag","embeddable":true,"href":"https:\/\/www.modelcars24.de\/fr\/wp-json\/wp\/v2\/product_tag?post=9202"}],"curies":[{"name":"wp","href":"https:\/\/api.w.org\/{rel}","templated":true}]}}