{"id":9337,"date":"2023-04-28T00:00:00","date_gmt":"2023-04-27T22:00:00","guid":{"rendered":"http:\/\/www.mondo-legno.com\/?post_type=product&#038;p=9337"},"modified":"2025-12-12T09:15:46","modified_gmt":"2025-12-12T08:15:46","slug":"https-www-modelcars24-de-bbr-vitrines-plexiglass-display-case-avec-fond-gris-en-cuir-118","status":"publish","type":"product","link":"https:\/\/www.modelcars24.de\/fr\/https-www-modelcars24-de-bbr-vitrinen-plexiglass-display-case-mit-grauer-belederten-bodenplatte-118\/","title":{"rendered":"BBR - Vitrines d'exposition en plexiglas avec plaque de fond grise en cuir 1:18 - 1\/18"},"content":{"rendered":"<p>BBR - Vitrines plexiglas display case avec plaque de fond grise en cuir 1:18. Mod\u00e8le de collection de haute qualit\u00e9 \u00e0 l'\u00e9chelle 1:18.<\/p>\n<p>longueur : 328 mm<\/p>\n<p>hauteur : 135 mm, dimension int\u00e9rieure : 115 mm<\/p>\n<p>largeur : 168 mm<br \/>Num\u00e9ro d'article : VET1803A1<\/p>","protected":false},"excerpt":{"rendered":"<p>BBR &#8211; Vitrinen plexiglass display case mit grauer belederten Bodenplatte 1:18 modelcar,  VET1803A1, from BBR &#8211; Vitrinen, now available at www.modelcars24.de<\/p>","protected":false},"featured_media":9338,"comment_status":"open","ping_status":"closed","template":"","meta":{"_acf_changed":false},"product_brand":[851],"product_cat":[191,21],"product_tag":[268,202],"class_list":{"0":"post-9337","1":"product","2":"type-product","3":"status-publish","4":"has-post-thumbnail","6":"product_brand-bbr","7":"product_cat-bbr-vitrinen","8":"product_cat-verfuegbar","9":"product_tag-bbr-vitrinen","10":"product_tag-verfuegbar","11":"pa_limitiert-nein","12":"pa_massstab-1-18","13":"pa_modelmarke-bbr","14":"pa_modeltyp-vitrine","15":"pa_status-beim-hersteller-ausverkauft","16":"pa_verfuegbarkeit-5-tage-lieferzeit","17":"pa_zustand_modell-1-brandneu","18":"pa_zustand_verpackung-1-brandneu","20":"first","21":"outofstock","22":"taxable","23":"shipping-taxable","24":"purchasable","25":"product-type-simple"},"acf":[],"jetpack_sharing_enabled":true,"_links":{"self":[{"href":"https:\/\/www.modelcars24.de\/fr\/wp-json\/wp\/v2\/product\/9337","targetHints":{"allow":["GET"]}}],"collection":[{"href":"https:\/\/www.modelcars24.de\/fr\/wp-json\/wp\/v2\/product"}],"about":[{"href":"https:\/\/www.modelcars24.de\/fr\/wp-json\/wp\/v2\/types\/product"}],"replies":[{"embeddable":true,"href":"https:\/\/www.modelcars24.de\/fr\/wp-json\/wp\/v2\/comments?post=9337"}],"version-history":[{"count":2,"href":"https:\/\/www.modelcars24.de\/fr\/wp-json\/wp\/v2\/product\/9337\/revisions"}],"predecessor-version":[{"id":57673,"href":"https:\/\/www.modelcars24.de\/fr\/wp-json\/wp\/v2\/product\/9337\/revisions\/57673"}],"wp:featuredmedia":[{"embeddable":true,"href":"https:\/\/www.modelcars24.de\/fr\/wp-json\/wp\/v2\/media\/9338"}],"wp:attachment":[{"href":"https:\/\/www.modelcars24.de\/fr\/wp-json\/wp\/v2\/media?parent=9337"}],"wp:term":[{"taxonomy":"product_brand","embeddable":true,"href":"https:\/\/www.modelcars24.de\/fr\/wp-json\/wp\/v2\/product_brand?post=9337"},{"taxonomy":"product_cat","embeddable":true,"href":"https:\/\/www.modelcars24.de\/fr\/wp-json\/wp\/v2\/product_cat?post=9337"},{"taxonomy":"product_tag","embeddable":true,"href":"https:\/\/www.modelcars24.de\/fr\/wp-json\/wp\/v2\/product_tag?post=9337"}],"curies":[{"name":"wp","href":"https:\/\/api.w.org\/{rel}","templated":true}]}}