{"id":39167,"date":"2025-03-08T10:10:52","date_gmt":"2025-03-08T09:10:52","guid":{"rendered":"http:\/\/www.mondo-legno.com\/?page_id=39167"},"modified":"2025-03-08T11:23:19","modified_gmt":"2025-03-08T10:23:19","slug":"chi-siamo","status":"publish","type":"page","link":"https:\/\/www.modelcars24.de\/it\/ueber-uns\/","title":{"rendered":"Chi siamo"},"content":{"rendered":"<div data-elementor-type=\"wp-page\" data-elementor-id=\"39167\" class=\"elementor elementor-39167\" data-elementor-post-type=\"page\">\n\t\t\t\t<div class=\"elementor-element elementor-element-1b130cf e-flex e-con-boxed e-con e-parent\" data-id=\"1b130cf\" data-element_type=\"container\" data-e-type=\"container\">\n\t\t\t\t\t<div class=\"e-con-inner\">\n\t\t\t\t<div class=\"elementor-element elementor-element-c4753bc elementor-widget elementor-widget-image\" data-id=\"c4753bc\" data-element_type=\"widget\" data-e-type=\"widget\" data-widget_type=\"image.default\">\n\t\t\t\t<div class=\"elementor-widget-container\">\n\t\t\t\t\t\t\t\t\t\t\t\t\t\t\t<img fetchpriority=\"high\" decoding=\"async\" width=\"800\" height=\"400\" src=\"https:\/\/www.modelcars24.de\/wp-content\/uploads\/2025\/03\/Kjeschke-1024x512-1.jpg\" class=\"attachment-large size-large wp-image-39170\" alt=\"Dr. Klaus Jeschke\" srcset=\"https:\/\/www.modelcars24.de\/wp-content\/uploads\/2025\/03\/Kjeschke-1024x512-1.jpg 1024w, https:\/\/www.modelcars24.de\/wp-content\/uploads\/2025\/03\/Kjeschke-1024x512-1-300x150.jpg 300w, https:\/\/www.modelcars24.de\/wp-content\/uploads\/2025\/03\/Kjeschke-1024x512-1-768x384.jpg 768w, https:\/\/www.modelcars24.de\/wp-content\/uploads\/2025\/03\/Kjeschke-1024x512-1-600x300.jpg 600w\" sizes=\"(max-width: 800px) 100vw, 800px\" \/>\t\t\t\t\t\t\t\t\t\t\t\t\t\t\t<\/div>\n\t\t\t\t<\/div>\n\t\t\t\t\t<\/div>\n\t\t\t\t<\/div>\n\t\t<div class=\"elementor-element elementor-element-fb24cda e-grid e-con-boxed e-con e-parent\" data-id=\"fb24cda\" data-element_type=\"container\" data-e-type=\"container\">\n\t\t\t\t\t<div class=\"e-con-inner\">\n\t\t\t\t<div class=\"elementor-element elementor-element-0de3317 elementor-widget elementor-widget-text-editor\" data-id=\"0de3317\" data-element_type=\"widget\" data-e-type=\"widget\" data-widget_type=\"text-editor.default\">\n\t\t\t\t<div class=\"elementor-widget-container\">\n\t\t\t\t\t\t\t\t\t<h2>Motivazione<\/h2><p>Siamo interessati ai modellini di auto fin da quando eravamo bambini. Da bambini abbiamo iniziato a collezionare modellini Matchbox, Siku e Wiking. Nel corso del tempo, la collezione \u00e8 diventata sempre pi\u00f9 grande. Negli anni Ottanta si sono aggiunti i modelli 1:18, inizialmente di Bburago e successivamente di molti altri produttori. Dal punto di vista del collezionista, la Ferrari F40 di Bburago era la prima scelta dell'epoca. Nuovo nei negozi, il modello costava poco pi\u00f9 di 30 DM. Secondo \u201eAuto Motor und Sport\u201c, veniva venduta fino a 800 marchi.<\/p><p>Ricordo una scena in cui ebbi la fortuna di trovare tre modelli ormai introvabili presso un rivenditore. Volevo comprarli tutti e tre. Tuttavia, nella fila alla cassa con me c'era una persona la cui salvezza dipendeva dal possesso della F40. Cos\u00ec gli ho lasciato uno dei modelli.\u00a0<\/p>\t\t\t\t\t\t\t\t<\/div>\n\t\t\t\t<\/div>\n\t\t\t\t<div class=\"elementor-element elementor-element-4ca896c elementor-widget elementor-widget-text-editor\" data-id=\"4ca896c\" data-element_type=\"widget\" data-e-type=\"widget\" data-widget_type=\"text-editor.default\">\n\t\t\t\t<div class=\"elementor-widget-container\">\n\t\t\t\t\t\t\t\t\t<p>Ne ho generosamente regalato un altro a mio fratello e il terzo \u00e8 ancora sul mio scaffale.<\/p><p>La F40 \u00e8 un buon esempio di aumento del valore degli automodelli. Recentemente abbiamo osservato questo fenomeno soprattutto con i modelli di CMC. Questi modelli sono particolarmente dettagliati e colpiscono per i loro materiali prototipici. Il cromo non sembra solo cromo, ma \u00e8 cromo.<\/p><p>Analizzando i dati di mercato delle aste online, abbiamo determinato, sulla base dei prezzi di vendita effettivi, che questi modelli sono aumentati notevolmente di valore, come i cronografi. Questo ci ha spinto a fondare modelcars24 e non solo a registrare il valore di questi fantastici modelli, ma anche a scambiarli. Gli automodelli CMC sono una bella aggiunta ai cronografi. Sono un piacere per il proprietario e hanno anche un notevole potenziale di crescita del valore.<\/p>\t\t\t\t\t\t\t\t<\/div>\n\t\t\t\t<\/div>\n\t\t\t\t<div class=\"elementor-element elementor-element-9ea2d3f elementor-widget elementor-widget-image\" data-id=\"9ea2d3f\" data-element_type=\"widget\" data-e-type=\"widget\" data-widget_type=\"image.default\">\n\t\t\t\t<div class=\"elementor-widget-container\">\n\t\t\t\t\t\t\t\t\t\t\t\t\t\t\t<img decoding=\"async\" width=\"800\" height=\"600\" src=\"https:\/\/www.modelcars24.de\/wp-content\/uploads\/2025\/03\/Modelcars-0921-1-von-3-1024x768.jpg\" class=\"attachment-large size-large wp-image-39171\" alt=\"\" srcset=\"https:\/\/www.modelcars24.de\/wp-content\/uploads\/2025\/03\/Modelcars-0921-1-von-3-1024x768.jpg 1024w, https:\/\/www.modelcars24.de\/wp-content\/uploads\/2025\/03\/Modelcars-0921-1-von-3-300x225.jpg 300w, https:\/\/www.modelcars24.de\/wp-content\/uploads\/2025\/03\/Modelcars-0921-1-von-3-768x576.jpg 768w, https:\/\/www.modelcars24.de\/wp-content\/uploads\/2025\/03\/Modelcars-0921-1-von-3-1536x1152.jpg 1536w, https:\/\/www.modelcars24.de\/wp-content\/uploads\/2025\/03\/Modelcars-0921-1-von-3-2048x1536.jpg 2048w, https:\/\/www.modelcars24.de\/wp-content\/uploads\/2025\/03\/Modelcars-0921-1-von-3-600x450.jpg 600w\" sizes=\"(max-width: 800px) 100vw, 800px\" \/>\t\t\t\t\t\t\t\t\t\t\t\t\t\t\t<\/div>\n\t\t\t\t<\/div>\n\t\t\t\t<div class=\"elementor-element elementor-element-412ee6f elementor-widget elementor-widget-text-editor\" data-id=\"412ee6f\" data-element_type=\"widget\" data-e-type=\"widget\" data-widget_type=\"text-editor.default\">\n\t\t\t\t<div class=\"elementor-widget-container\">\n\t\t\t\t\t\t\t\t\t<h2>Valutazione e valutazione del modello<\/h2><p>La valutazione \u00e8 gratuita per gli utenti registrati. La base di partenza sono i prezzi reali di vendita dei modellini su piattaforme d'asta come Ebay o Catawiki. Inoltre, monitoriamo regolarmente i risultati delle aste. Ogni trimestre vengono analizzate circa 1200 vendite. Analizziamo anche i prezzi di vendita nel nostro sistema.<\/p><p>Di particolare interesse per noi sono le prestazioni dei modelli. CMC \u00e8 stata cos\u00ec gentile da fornirci diversi dati sui modelli, che utilizziamo per la nostra analisi di mercato:<\/p><ul><li>Anno di debutto<\/li><li>Premio di debutto<\/li><li>Limitazione<\/li><\/ul>\t\t\t\t\t\t\t\t<\/div>\n\t\t\t\t<\/div>\n\t\t\t\t<div class=\"elementor-element elementor-element-a7d70fa elementor-widget elementor-widget-text-editor\" data-id=\"a7d70fa\" data-element_type=\"widget\" data-e-type=\"widget\" data-widget_type=\"text-editor.default\">\n\t\t\t\t<div class=\"elementor-widget-container\">\n\t\t\t\t\t\t\t\t\t<p>Calcoliamo sulla base di questi dati:<\/p><ul><li>Performance dal debutto in percentuale e in termini assoluti<\/li><li>La performance negli ultimi 12 mesi, anche in percentuale e in termini assoluti.<\/li><\/ul><p><br \/>Confrontiamo questi dati nella nostra valutazione dei modelli. La valutazione ++ viene assegnata ai modelli il cui valore \u00e8 aumentato maggiormente negli ultimi 12 mesi rispetto agli anni precedenti. Un punteggio + viene assegnato ai modelli che hanno avuto una performance positiva negli ultimi 12 mesi. I modelli il cui valore \u00e8 rimasto pi\u00f9 o meno invariato negli ultimi 12 mesi sono contrassegnati da una o.<\/p>\t\t\t\t\t\t\t\t<\/div>\n\t\t\t\t<\/div>\n\t\t\t\t<div class=\"elementor-element elementor-element-ce42178 elementor-widget elementor-widget-text-editor\" data-id=\"ce42178\" data-element_type=\"widget\" data-e-type=\"widget\" data-widget_type=\"text-editor.default\">\n\t\t\t\t<div class=\"elementor-widget-container\">\n\t\t\t\t\t\t\t\t\t<p>Non sempre il valore aumenta, ma il gradimento del modello rimane. Tuttavia, i modelli il cui valore \u00e8 sceso vengono valutati o, se il prezzo \u00e8 sceso molto bruscamente, vengono valutati di pi\u00f9 rispetto al periodo precedente. A volte la marea si inverte di nuovo, o modelli che non ci si aspettava aumentassero di valore. Il nostro indice di valore, aggiornato quattro volte l'anno, fornisce maggiori informazioni in merito.<\/p><p>Un caso particolare \u00e8 rappresentato dai modelli ancora disponibili nuovi presso il produttore. Di norma, vengono offerti pi\u00f9 favorevolmente nelle vendite private che nelle concessionarie. Pertanto, i modelli ancora disponibili dovrebbero essere valutati in modo leggermente diverso rispetto alle rarit\u00e0. In questo caso, una valutazione positiva esiste gi\u00e0 se il valore del modello \u00e8 sceso di meno del 10% o se il modello \u00e8 gi\u00e0 sul mercato da molto tempo. Si pu\u00f2 quindi prevedere un aumento di valore, soprattutto per i modelli in edizione limitata.<\/p>\t\t\t\t\t\t\t\t<\/div>\n\t\t\t\t<\/div>\n\t\t\t\t<div class=\"elementor-element elementor-element-4bad84c elementor-widget elementor-widget-image\" data-id=\"4bad84c\" data-element_type=\"widget\" data-e-type=\"widget\" data-widget_type=\"image.default\">\n\t\t\t\t<div class=\"elementor-widget-container\">\n\t\t\t\t\t\t\t\t\t\t\t\t\t\t\t<img decoding=\"async\" width=\"800\" height=\"600\" src=\"https:\/\/www.modelcars24.de\/wp-content\/uploads\/2025\/03\/Modelcars-0921-5-von-46-1024x768.jpg\" class=\"attachment-large size-large wp-image-39172\" alt=\"\" srcset=\"https:\/\/www.modelcars24.de\/wp-content\/uploads\/2025\/03\/Modelcars-0921-5-von-46-1024x768.jpg 1024w, https:\/\/www.modelcars24.de\/wp-content\/uploads\/2025\/03\/Modelcars-0921-5-von-46-300x225.jpg 300w, https:\/\/www.modelcars24.de\/wp-content\/uploads\/2025\/03\/Modelcars-0921-5-von-46-768x576.jpg 768w, https:\/\/www.modelcars24.de\/wp-content\/uploads\/2025\/03\/Modelcars-0921-5-von-46-1536x1152.jpg 1536w, https:\/\/www.modelcars24.de\/wp-content\/uploads\/2025\/03\/Modelcars-0921-5-von-46-2048x1536.jpg 2048w, https:\/\/www.modelcars24.de\/wp-content\/uploads\/2025\/03\/Modelcars-0921-5-von-46-600x450.jpg 600w\" sizes=\"(max-width: 800px) 100vw, 800px\" \/>\t\t\t\t\t\t\t\t\t\t\t\t\t\t\t<\/div>\n\t\t\t\t<\/div>\n\t\t\t\t<div class=\"elementor-element elementor-element-3a604dc elementor-widget elementor-widget-text-editor\" data-id=\"3a604dc\" data-element_type=\"widget\" data-e-type=\"widget\" data-widget_type=\"text-editor.default\">\n\t\t\t\t<div class=\"elementor-widget-container\">\n\t\t\t\t\t\t\t\t\t<div class=\"elementor-element elementor-element-aa15aaa elementor-widget elementor-widget-heading\" data-id=\"aa15aaa\" data-element_type=\"widget\" data-widget_type=\"heading.default\"><h2 class=\"elementor-widget-container\">Modelli testati<\/h2><\/div><div class=\"elementor-element elementor-element-fcea7e7 elementor-widget elementor-widget-text-editor\" data-id=\"fcea7e7\" data-element_type=\"widget\" data-widget_type=\"text-editor.default\"><div class=\"elementor-widget-container\">Purtroppo, molti bellissimi modellini non sono pi\u00f9 disponibili presso il produttore. Per questo \u00e8 stato coniato il termine \u201erarit\u00e0\u201c. L'acquisto di rarit\u00e0, cio\u00e8 di modelli usati, comporta purtroppo alcuni rischi. I collezionisti sono interessati soprattutto a modelli privi di difetti, con imballaggi originali e accessori in perfette condizioni. Nel caso della CMC, questo include anche certificati, libretti e accessori.<\/div><div>\u00a0<\/div><div>Le condizioni dei modelli o della confezione non sono sempre descritte correttamente nelle inserzioni. Purtroppo anche i miei primi \u201eacquisti di seconda mano\u201c sono andati subito male. L'asse anteriore di un'Alfa Touring era rotto. Il supporto del faro di una Mercedes SSKL era rotto e il parabrezza era allentato.<\/div><\/div>\t\t\t\t\t\t\t\t<\/div>\n\t\t\t\t<\/div>\n\t\t\t\t<div class=\"elementor-element elementor-element-21f146d elementor-widget elementor-widget-text-editor\" data-id=\"21f146d\" data-element_type=\"widget\" data-e-type=\"widget\" data-widget_type=\"text-editor.default\">\n\t\t\t\t<div class=\"elementor-widget-container\">\n\t\t\t\t\t\t\t\t\t<p>\u00a0Evidentemente il venditore non \u00e8 stato abbastanza attento nell'imballare il modello e ha schiacciato entrambi gli attacchi quando ha chiuso l'imballaggio.<\/p><p>In entrambi i casi, sono rimasto molto deluso. Fortunatamente ho potuto restituire i modelli e farmi rimborsare. Tuttavia, sarebbe stato meglio se i modelli fossero stati intatti, soprattutto se erano destinati a un regalo per qualcun altro, ad esempio.<\/p><p>Purtroppo, anche alcuni modelli mostrano segni di invecchiamento o di qualit\u00e0 altalenante. Un problema \u00e8 rappresentato dai cerchi a raggi difettosi. Il cerchio si gonfia e si ossida. Il problema pu\u00f2 essere migliorato con un po\u201e di lucidatura del metallo, ma l'aspetto non sar\u00e0 molto bello. C'\u00e8 poi la fioritura della carrozzeria sui primi modelli, la cosiddetta \u201cpeste dello zinco\", che pu\u00f2 portare alla disintegrazione della carrozzeria nel tempo. Purtroppo ci sono anche parabrezza incrinati, ad esempio sulla Maserati 250 F1.<\/p>\t\t\t\t\t\t\t\t<\/div>\n\t\t\t\t<\/div>\n\t\t\t\t<div class=\"elementor-element elementor-element-9ba62f3 elementor-widget elementor-widget-image\" data-id=\"9ba62f3\" data-element_type=\"widget\" data-e-type=\"widget\" data-widget_type=\"image.default\">\n\t\t\t\t<div class=\"elementor-widget-container\">\n\t\t\t\t\t\t\t\t\t\t\t\t\t\t\t<img loading=\"lazy\" decoding=\"async\" width=\"768\" height=\"1024\" src=\"https:\/\/www.modelcars24.de\/wp-content\/uploads\/2025\/03\/IMG_0756-768x1024-1.jpg\" class=\"attachment-large size-large wp-image-39178\" alt=\"\" srcset=\"https:\/\/www.modelcars24.de\/wp-content\/uploads\/2025\/03\/IMG_0756-768x1024-1.jpg 768w, https:\/\/www.modelcars24.de\/wp-content\/uploads\/2025\/03\/IMG_0756-768x1024-1-225x300.jpg 225w, https:\/\/www.modelcars24.de\/wp-content\/uploads\/2025\/03\/IMG_0756-768x1024-1-600x800.jpg 600w\" sizes=\"(max-width: 768px) 100vw, 768px\" \/>\t\t\t\t\t\t\t\t\t\t\t\t\t\t\t<\/div>\n\t\t\t\t<\/div>\n\t\t\t\t<div class=\"elementor-element elementor-element-e843307 elementor-widget elementor-widget-image\" data-id=\"e843307\" data-element_type=\"widget\" data-e-type=\"widget\" data-widget_type=\"image.default\">\n\t\t\t\t<div class=\"elementor-widget-container\">\n\t\t\t\t\t\t\t\t\t\t\t\t\t\t\t<img loading=\"lazy\" decoding=\"async\" width=\"800\" height=\"567\" src=\"https:\/\/www.modelcars24.de\/wp-content\/uploads\/2025\/03\/Modelcars-0921-92-von-97-1024x726-1.jpg\" class=\"attachment-large size-large wp-image-39179\" alt=\"\" srcset=\"https:\/\/www.modelcars24.de\/wp-content\/uploads\/2025\/03\/Modelcars-0921-92-von-97-1024x726-1.jpg 1024w, https:\/\/www.modelcars24.de\/wp-content\/uploads\/2025\/03\/Modelcars-0921-92-von-97-1024x726-1-300x213.jpg 300w, https:\/\/www.modelcars24.de\/wp-content\/uploads\/2025\/03\/Modelcars-0921-92-von-97-1024x726-1-768x545.jpg 768w, https:\/\/www.modelcars24.de\/wp-content\/uploads\/2025\/03\/Modelcars-0921-92-von-97-1024x726-1-600x425.jpg 600w\" sizes=\"(max-width: 800px) 100vw, 800px\" \/>\t\t\t\t\t\t\t\t\t\t\t\t\t\t\t<\/div>\n\t\t\t\t<\/div>\n\t\t\t\t<div class=\"elementor-element elementor-element-ed0fe12 elementor-widget elementor-widget-text-editor\" data-id=\"ed0fe12\" data-element_type=\"widget\" data-e-type=\"widget\" data-widget_type=\"text-editor.default\">\n\t\t\t\t<div class=\"elementor-widget-container\">\n\t\t\t\t\t\t\t\t\t<p>Per il modello \u201eMint and Boxed\u201c, \u00e8 necessario sapere esattamente quali accessori sono inclusi nel modello. Ad esempio, la Lancia D50 \u00e8 dotata di un dispositivo di avviamento ad aria compressa. Oppure la Bugatti t35 ha piccoli cavalletti di legno come accessori nella confezione. Poi ci sono anche pinzette, cacciaviti o strumenti per aprire i cofani. Per tenere traccia di tutto questo \u00e8 necessaria una buona conoscenza del programma del modello.<\/p>\t\t\t\t\t\t\t\t<\/div>\n\t\t\t\t<\/div>\n\t\t\t\t<div class=\"elementor-element elementor-element-db73b37 elementor-widget elementor-widget-text-editor\" data-id=\"db73b37\" data-element_type=\"widget\" data-e-type=\"widget\" data-widget_type=\"text-editor.default\">\n\t\t\t\t<div class=\"elementor-widget-container\">\n\t\t\t\t\t\t\t\t\t<h2>Gradi di condizione<\/h2><p>Non valutiamo solo il modello di auto in s\u00e9, ma anche l'imballaggio. Abbiamo definito i seguenti gradi di condizione per i modelli:<\/p><p>Gradi di condizione per i modelli:<\/p><p><strong>1-nuovo di zecca<\/strong><br \/>La valutazione delle condizioni 1 si riferisce a modelli nuovi di zecca. Sono stati tolti dalla confezione solo per l'ispezione e non presentano difetti. Sono nuovi di zecca.<\/p><p><strong>2 nuovi<\/strong><br \/>Il grado di condizione 2 si riferisce a modelli in ottime condizioni. Sono gi\u00e0 stati rimossi dall'imballaggio ed esposti, ad esempio, in una vetrina. I modelli sono privi di difetti e di polvere.<\/p>\t\t\t\t\t\t\t\t<\/div>\n\t\t\t\t<\/div>\n\t\t\t\t<div class=\"elementor-element elementor-element-81449a5 elementor-widget elementor-widget-text-editor\" data-id=\"81449a5\" data-element_type=\"widget\" data-e-type=\"widget\" data-widget_type=\"text-editor.default\">\n\t\t\t\t<div class=\"elementor-widget-container\">\n\t\t\t\t\t\t\t\t\t<p><strong>3 usato<\/strong><br \/>Il grado di condizione 3 indica i modelli usati. I modelli usati sono stati esposti apertamente, ad esempio. Possono presentare sporco - polvere - o difetti di fabbrica, ad esempio difetti di verniciatura.<\/p><p><strong>4-utilizzato<\/strong><br \/>Il grado di condizione 4 si riferisce ai modelli usati. I modelli usati possono essere privi di parti, ad esempio elementi di fissaggio o specchietti.<\/p><p><strong>5 difetti<\/strong><br \/>Il grado di condizione 5 indica i modelli difettosi. Questi modelli presentano danni visibili o alterazioni funzionali, come assali o cerniere rotte.<\/p><p>\u00a0<\/p>\t\t\t\t\t\t\t\t<\/div>\n\t\t\t\t<\/div>\n\t\t\t\t<div class=\"elementor-element elementor-element-7f26504 elementor-widget elementor-widget-image\" data-id=\"7f26504\" data-element_type=\"widget\" data-e-type=\"widget\" data-widget_type=\"image.default\">\n\t\t\t\t<div class=\"elementor-widget-container\">\n\t\t\t\t\t\t\t\t\t\t\t\t\t\t\t<img loading=\"lazy\" decoding=\"async\" width=\"800\" height=\"766\" src=\"https:\/\/www.modelcars24.de\/wp-content\/uploads\/2025\/03\/Ferrai-Verpackung-1024x981-1.jpg\" class=\"attachment-large size-large wp-image-39183\" alt=\"\" srcset=\"https:\/\/www.modelcars24.de\/wp-content\/uploads\/2025\/03\/Ferrai-Verpackung-1024x981-1.jpg 1024w, https:\/\/www.modelcars24.de\/wp-content\/uploads\/2025\/03\/Ferrai-Verpackung-1024x981-1-300x287.jpg 300w, https:\/\/www.modelcars24.de\/wp-content\/uploads\/2025\/03\/Ferrai-Verpackung-1024x981-1-768x736.jpg 768w, https:\/\/www.modelcars24.de\/wp-content\/uploads\/2025\/03\/Ferrai-Verpackung-1024x981-1-600x575.jpg 600w\" sizes=\"(max-width: 800px) 100vw, 800px\" \/>\t\t\t\t\t\t\t\t\t\t\t\t\t\t\t<\/div>\n\t\t\t\t<\/div>\n\t\t\t\t<div class=\"elementor-element elementor-element-d577ea8 elementor-widget elementor-widget-text-editor\" data-id=\"d577ea8\" data-element_type=\"widget\" data-e-type=\"widget\" data-widget_type=\"text-editor.default\">\n\t\t\t\t<div class=\"elementor-widget-container\">\n\t\t\t\t\t\t\t\t\t<p>Valutiamo anche l'imballaggio. In questo caso si applicano i seguenti gradi:<\/p><p>Gradi di condizione per l'imballaggio:<\/p><p><strong>1-nuovo di zecca<\/strong><br \/>La valutazione delle condizioni 1 indica scatole nuove di zecca, non aperte e quindi con tutti gli accessori.<\/p><p><strong>2 nuovi<\/strong><br \/>Il grado di condizione 2 indica scatole in ottime condizioni. Sono gi\u00e0 state aperte, non sono danneggiate e includono tutti gli accessori e i documenti.<\/p><p><strong>3 usato<\/strong><br \/>Il grado di condizione 3 si riferisce alle scatole usate. Queste possono presentare lievi segni di conservazione, come abrasioni o crepe, ma sono ancora presentabili. Gli accessori sono completi.<\/p>\t\t\t\t\t\t\t\t<\/div>\n\t\t\t\t<\/div>\n\t\t\t\t<div class=\"elementor-element elementor-element-0e43f3a elementor-widget elementor-widget-text-editor\" data-id=\"0e43f3a\" data-element_type=\"widget\" data-e-type=\"widget\" data-widget_type=\"text-editor.default\">\n\t\t\t\t<div class=\"elementor-widget-container\">\n\t\t\t\t\t\t\t\t\t<p><strong>4-utilizzato<\/strong><br \/>Il punteggio di condizione 4 si riferisce a scatole usate. Presentano segni di stoccaggio, come abrasioni o crepe. Gli accessori possono presentare parti mancanti.<\/p><p><strong>5 difetti<\/strong><br \/>Il grado di condizione 5 \u00e8 attribuito alle scatole incomplete. Ad esempio, manca la custodia di cartone o non \u00e8 presente una parte stampata in polistirolo. Anche gli accessori sono incompleti<\/p><p>\u00a0<\/p><p>\u00a0<\/p>\t\t\t\t\t\t\t\t<\/div>\n\t\t\t\t<\/div>\n\t\t\t\t<div class=\"elementor-element elementor-element-d26a51c elementor-widget elementor-widget-text-editor\" data-id=\"d26a51c\" data-element_type=\"widget\" data-e-type=\"widget\" data-widget_type=\"text-editor.default\">\n\t\t\t\t<div class=\"elementor-widget-container\">\n\t\t\t\t\t\t\t\t\t<p>Gli accessori per i modelli CMC variano. I modelli sono solitamente forniti con:<\/p><ul><li>Panno per la pulizia<\/li><li>Certificato<\/li><li>Opuscolo<\/li><\/ul><p>consegnato. Altri strumenti specifici per il modello sono<\/p><ul><li>Pinzette<\/li><li>Strumenti per l'apertura dei cofani<\/li><li>Cacciavite<\/li><li>Strumenti per la rimozione delle ruote<\/li><\/ul><p>Esistono anche altri accessori specifici per il modello, come gli avviatori ad aria compressa o i cavalletti in legno.<\/p>\t\t\t\t\t\t\t\t<\/div>\n\t\t\t\t<\/div>\n\t\t\t\t<div class=\"elementor-element elementor-element-414e0a5 elementor-widget elementor-widget-text-editor\" data-id=\"414e0a5\" data-element_type=\"widget\" data-e-type=\"widget\" data-widget_type=\"text-editor.default\">\n\t\t\t\t<div class=\"elementor-widget-container\">\n\t\t\t\t\t\t\t\t\t<h2>Vendite su commissione vs vendite dirette<\/h2><p>Oltre a vendere il vostro modello direttamente a noi, offriamo anche vendite su commissione. Con le vendite dirette, il cliente riceve il denaro direttamente da noi. Con le vendite su commissione, offriamo il vostro modello per nostro conto. Il ricavato viene versato dopo la vendita del modello. A tal fine, addebitiamo una commissione pari a 15 % del prezzo di vendita, minimo 30 \u20ac.<\/p>\t\t\t\t\t\t\t\t<\/div>\n\t\t\t\t<\/div>\n\t\t\t\t<div class=\"elementor-element elementor-element-3bdc649 elementor-widget elementor-widget-text-editor\" data-id=\"3bdc649\" data-element_type=\"widget\" data-e-type=\"widget\" data-widget_type=\"text-editor.default\">\n\t\t\t\t<div class=\"elementor-widget-container\">\n\t\t\t\t\t\t\t\t\t<p>Processo di vendita diretta<\/p><ol><li><strong>La vostra richiesta<\/strong><br \/>Utilizzate il nostro modulo di richiesta per fornirci i dati principali del vostro modello.<br \/><br \/><\/li><li><strong>La nostra offerta<\/strong><br \/>I nostri esperti determinano il valore e vi inviano la nostra offerta.<br \/><br \/><\/li><li><strong>Completamento dell'acquisto<\/strong><br \/>Se vi piace la nostra offerta, vendeteci il vostro modello.<br \/><br \/><\/li><li><strong>Pagamento<br \/><\/strong>Una volta ricevuto e controllato il modello, trasferiremo il prezzo di acquisto sul vostro conto.<\/li><\/ol>\t\t\t\t\t\t\t\t<\/div>\n\t\t\t\t<\/div>\n\t\t\t\t<div class=\"elementor-element elementor-element-8f4d654 elementor-widget elementor-widget-text-editor\" data-id=\"8f4d654\" data-element_type=\"widget\" data-e-type=\"widget\" data-widget_type=\"text-editor.default\">\n\t\t\t\t<div class=\"elementor-widget-container\">\n\t\t\t\t\t\t\t\t\t<p>Procedura di vendita su commissione<\/p><ol><li><strong>La vostra richiesta<\/strong><br \/>Utilizzate il nostro modulo per le commissioni per fornirci i dati chiave del vostro modello e i ricavi desiderati.<br \/><br \/><\/li><li><strong>La nostra esperienza<br \/><\/strong>I nostri esperti vi consiglieranno sulla vendita e discuteranno con voi il processo di vendita.<br \/><br \/><\/li><li><strong>Pubblicazione ed elencazione<\/strong><br \/>Voi ci inviate il vostro modello. Noi creiamo le immagini e inseriamo il modello nel nostro sistema.<br \/><br \/><\/li><li><strong>Pagamento<br \/><\/strong>Dopo la vendita del modello, trasferiremo sul vostro conto il prezzo di vendita meno le spese di 15%.<\/li><\/ol>\t\t\t\t\t\t\t\t<\/div>\n\t\t\t\t<\/div>\n\t\t\t\t\t<\/div>\n\t\t\t\t<\/div>\n\t\t\t\t<\/div>","protected":false},"excerpt":{"rendered":"<p>Motivation Modellautos interessieren uns schon von Kindesbeinen an. Als Kind startete man mit Matchbox, Siku und Wiking Modellen und begann diese zu Sammeln. Mit der Zeit wurde die Sammlung immer gr\u00f6\u00dfer. In den achtziger Jahren kamen dann 1:18er Modelle zun\u00e4chst von Bburago und sp\u00e4ter von vielen anderen Herstellern dazu. Unter Sammleraspekten war damals der Bburago [&hellip;]<\/p>\n","protected":false},"author":1,"featured_media":0,"parent":0,"menu_order":0,"comment_status":"closed","ping_status":"closed","template":"","meta":{"_acf_changed":false,"footnotes":""},"class_list":["post-39167","page","type-page","status-publish","hentry"],"acf":[],"jetpack_sharing_enabled":true,"_links":{"self":[{"href":"https:\/\/www.modelcars24.de\/it\/wp-json\/wp\/v2\/pages\/39167","targetHints":{"allow":["GET"]}}],"collection":[{"href":"https:\/\/www.modelcars24.de\/it\/wp-json\/wp\/v2\/pages"}],"about":[{"href":"https:\/\/www.modelcars24.de\/it\/wp-json\/wp\/v2\/types\/page"}],"author":[{"embeddable":true,"href":"https:\/\/www.modelcars24.de\/it\/wp-json\/wp\/v2\/users\/1"}],"replies":[{"embeddable":true,"href":"https:\/\/www.modelcars24.de\/it\/wp-json\/wp\/v2\/comments?post=39167"}],"version-history":[{"count":19,"href":"https:\/\/www.modelcars24.de\/it\/wp-json\/wp\/v2\/pages\/39167\/revisions"}],"predecessor-version":[{"id":39195,"href":"https:\/\/www.modelcars24.de\/it\/wp-json\/wp\/v2\/pages\/39167\/revisions\/39195"}],"wp:attachment":[{"href":"https:\/\/www.modelcars24.de\/it\/wp-json\/wp\/v2\/media?parent=39167"}],"curies":[{"name":"wp","href":"https:\/\/api.w.org\/{rel}","templated":true}]}}