{"id":39200,"date":"2025-03-08T11:26:38","date_gmt":"2025-03-08T10:26:38","guid":{"rendered":"http:\/\/www.mondo-legno.com\/widerrufsbelehrung\/"},"modified":"2025-03-08T12:18:13","modified_gmt":"2025-03-08T11:18:13","slug":"politica-di-cancellazione","status":"publish","type":"page","link":"https:\/\/www.modelcars24.de\/it\/widerrufsbelehrung\/","title":{"rendered":"Politica di cancellazione"},"content":{"rendered":"<div data-elementor-type=\"wp-page\" data-elementor-id=\"39200\" class=\"elementor elementor-39200\" data-elementor-post-type=\"page\">\n\t\t\t\t<div class=\"elementor-element elementor-element-109658b e-flex e-con-boxed e-con e-parent\" data-id=\"109658b\" data-element_type=\"container\" data-e-type=\"container\">\n\t\t\t\t\t<div class=\"e-con-inner\">\n\t\t\t\t<div class=\"elementor-element elementor-element-087ab7b elementor-widget elementor-widget-text-editor\" data-id=\"087ab7b\" data-element_type=\"widget\" data-e-type=\"widget\" data-widget_type=\"text-editor.default\">\n\t\t\t\t<div class=\"elementor-widget-container\">\n\t\t\t\t\t\t\t\t\t<p>Il cliente ha il diritto di recedere dal contratto entro quattordici giorni senza fornire alcuna motivazione. Il termine di recesso \u00e8 di quattordici giorni dal giorno in cui il cliente o un terzo da lui nominato, che non sia il trasportatore, \u00e8 entrato in possesso della merce. Per esercitare il diritto di recesso, dovete informare noi, Dr Klaus Jeschke, Modelcars24, Ant Flintenkamp 8, D-26632 Ihlow, della vostra decisione di recedere dal presente contratto con una dichiarazione chiara (ad esempio una lettera inviata per posta, fax o e-mail). Per rispettare il termine di cancellazione, \u00e8 sufficiente inviare la comunicazione relativa all'esercizio del diritto di cancellazione prima della scadenza del periodo di cancellazione.<\/p><p>Conseguenze di questo contratto<\/p><p>Se Lei recede dal presente contratto, Le rimborseremo tutti i pagamenti da Lei ricevuti, compresi i costi di consegna (ad eccezione dei costi supplementari derivanti dalla Sua scelta di un tipo di consegna diverso dal tipo meno costoso di consegna standard da noi offerto), senza indebito ritardo e in ogni caso non oltre 14 giorni dal giorno in cui siamo informati della Sua decisione di recedere dal presente contratto. Per il rimborso utilizzeremo lo stesso mezzo di pagamento utilizzato per la transazione originaria, a meno che non sia stato espressamente concordato diversamente con voi; in nessun caso vi saranno addebitate spese per il rimborso.\u00a0<\/p><p>Possiamo rifiutare il rimborso fino a quando non avremo ricevuto la merce o fino a quando non avrete fornito la prova di averla restituita, a seconda di quale delle due condizioni si verifichi per prima\u201c. Dovete restituirci o consegnarci la merce immediatamente e in ogni caso non oltre quattordici giorni dal giorno in cui ci avete informato dell'annullamento del presente contratto. Il termine \u00e8 rispettato se la merce viene spedita prima della scadenza del periodo di quattordici giorni. I costi diretti della restituzione della merce sono a carico del cliente. Il cliente \u00e8 tenuto a pagare l'eventuale perdita di valore della merce solo se tale perdita di valore \u00e8 dovuta a una manipolazione della merce non necessaria per verificarne lo stato, le propriet\u00e0 e la funzionalit\u00e0.<\/p><p>Stato 8.3.2025<\/p><p>\u00a0<\/p>\t\t\t\t\t\t\t\t<\/div>\n\t\t\t\t<\/div>\n\t\t\t\t\t<\/div>\n\t\t\t\t<\/div>\n\t\t\t\t<\/div>","protected":false},"excerpt":{"rendered":"<p>Sie haben das Recht, binnen vierzehn Tagen ohne Angabe von Gr\u00fcnden diesen Vertrag zu widerrufen. Die Widerrufsfrist betr\u00e4gt vierzehn Tage ab dem Tag an dem Sie oder ein von Ihnen benannter Dritter, der nicht der Bef\u00f6rderer ist, die Waren in Besitz genommen haben bzw. hat. Um Ihr Widerrufsrecht auszu\u00fcben, m\u00fcssen Sie uns, Dr. Klaus Jeschke, [&hellip;]<\/p>\n","protected":false},"author":1,"featured_media":0,"parent":0,"menu_order":0,"comment_status":"closed","ping_status":"closed","template":"","meta":{"_acf_changed":false,"footnotes":""},"class_list":["post-39200","page","type-page","status-publish","hentry"],"acf":[],"jetpack_sharing_enabled":true,"_links":{"self":[{"href":"https:\/\/www.modelcars24.de\/it\/wp-json\/wp\/v2\/pages\/39200","targetHints":{"allow":["GET"]}}],"collection":[{"href":"https:\/\/www.modelcars24.de\/it\/wp-json\/wp\/v2\/pages"}],"about":[{"href":"https:\/\/www.modelcars24.de\/it\/wp-json\/wp\/v2\/types\/page"}],"author":[{"embeddable":true,"href":"https:\/\/www.modelcars24.de\/it\/wp-json\/wp\/v2\/users\/1"}],"replies":[{"embeddable":true,"href":"https:\/\/www.modelcars24.de\/it\/wp-json\/wp\/v2\/comments?post=39200"}],"version-history":[{"count":3,"href":"https:\/\/www.modelcars24.de\/it\/wp-json\/wp\/v2\/pages\/39200\/revisions"}],"predecessor-version":[{"id":39237,"href":"https:\/\/www.modelcars24.de\/it\/wp-json\/wp\/v2\/pages\/39200\/revisions\/39237"}],"wp:attachment":[{"href":"https:\/\/www.modelcars24.de\/it\/wp-json\/wp\/v2\/media?parent=39200"}],"curies":[{"name":"wp","href":"https:\/\/api.w.org\/{rel}","templated":true}]}}