{"id":16112,"date":"2025-01-24T12:43:09","date_gmt":"2025-01-24T11:43:09","guid":{"rendered":"http:\/\/www.mondo-legno.com\/?post_type=product&#038;p=16112"},"modified":"2026-01-27T19:04:48","modified_gmt":"2026-01-27T18:04:48","slug":"modelcars24-ferrari-250-california-altoparlante","status":"publish","type":"product","link":"https:\/\/www.modelcars24.de\/it\/modelcars24-ferrari-250-california-lautenschlaeger\/","title":{"rendered":"Modelcars24 Ferrari 250 California Lautenschl\u00e4ger Edizione limitata di 30 esemplari - 1\/18"},"content":{"rendered":"<div id=\"description\">\n<div class=\"long_desc\">\n<h3>Modelcars24 Ferrari 250 California Edizione Limitata uno di 30<\/h3>\n<div>\n<p>&nbsp;<\/p>\n<p>Modello di precisione in resina assemblato a mano in scala 1:18 con piastra di base, prodotto in esclusiva per Modelcars24.<\/p>\n<\/div>\n<div>\n<p>Telaio 2383 GT Ferrari 250 California \u201eLautenschl\u00e4ger<br \/>\nQuesta Ferrari \u00e8 stata consegnata a Ernst Lautenschl\u00e4ger tramite Auto Becker D\u00fcsseldorf nell'aprile 1964. La carrozzeria era verniciata in argento e gli interni in pelle beige. Rispetto alle altre californiane, questo modello presenta alcune caratteristiche speciali. La carrozzeria \u00e8 in alluminio e, al posto del serbatoio di serie, \u00e8 stato installato un serbatoio da corsa con una capacit\u00e0 maggiore. Questo \u00e8 facilmente riconoscibile dal tappo del serbatoio, che \u00e8 stato integrato nel cofano del bagagliaio. Inoltre, Ernst Lautenschl\u00e4ger fece montare sulla sua Ferrari un motore sportivo da 280 CV.<\/p>\n<p>Ernst Lautenschl\u00e4ger ottenne un grande successo in diverse gare e conquist\u00f2 pi\u00f9 volte il primo posto con la Ferrari.<\/p>\n<\/div>\n<div><\/div>\n<\/div>\n<\/div>\n<p>Numero articolo: Mcars-2<\/p>","protected":false},"excerpt":{"rendered":"<p>1-brandneu &#8211;\u00a0 239,00 \u20ac inkl. 19% Vat.<\/p>","protected":false},"featured_media":16113,"comment_status":"open","ping_status":"closed","template":"","meta":{"_acf_changed":false},"product_brand":[841],"product_cat":[63,229,230,20,21],"product_tag":[78,152,231],"class_list":{"0":"post-16112","1":"product","2":"type-product","3":"status-publish","4":"has-post-thumbnail","6":"product_brand-modelcars24","7":"product_cat-ferrari","8":"product_cat-modelcars24","9":"product_cat-tecnomodel","10":"product_cat-titel","11":"product_cat-verfuegbar","12":"product_tag-angebot","13":"product_tag-cmc-ferrari-250-gto","14":"product_tag-cmc-ferrari-250-gto-ron-fly-m-256","15":"pa_automarke-ferrari","16":"pa_decade-1960s","17":"pa_fahrzeugtyp-coupe","18":"pa_fahrzeugtyp-gt-rennen","19":"pa_farbe-grau-leder-rot","20":"pa_limitiert-ja","21":"pa_massstab-1-18","22":"pa_modelmarke-modelcars24","23":"pa_modeltyp-fertigmodell","24":"pa_modeltyp-geschlossen","25":"pa_status-beim-hersteller-verfuegbar","26":"pa_verfuegbarkeit-sofort-verfuegbar","27":"pa_zustand_modell-1-brandneu","28":"pa_zustand_verpackung-1-brandneu","30":"first","31":"instock","32":"featured","33":"taxable","34":"shipping-taxable","35":"purchasable","36":"product-type-simple"},"acf":[],"jetpack_sharing_enabled":true,"_links":{"self":[{"href":"https:\/\/www.modelcars24.de\/it\/wp-json\/wp\/v2\/product\/16112","targetHints":{"allow":["GET"]}}],"collection":[{"href":"https:\/\/www.modelcars24.de\/it\/wp-json\/wp\/v2\/product"}],"about":[{"href":"https:\/\/www.modelcars24.de\/it\/wp-json\/wp\/v2\/types\/product"}],"replies":[{"embeddable":true,"href":"https:\/\/www.modelcars24.de\/it\/wp-json\/wp\/v2\/comments?post=16112"}],"version-history":[{"count":5,"href":"https:\/\/www.modelcars24.de\/it\/wp-json\/wp\/v2\/product\/16112\/revisions"}],"predecessor-version":[{"id":57992,"href":"https:\/\/www.modelcars24.de\/it\/wp-json\/wp\/v2\/product\/16112\/revisions\/57992"}],"wp:featuredmedia":[{"embeddable":true,"href":"https:\/\/www.modelcars24.de\/it\/wp-json\/wp\/v2\/media\/16113"}],"wp:attachment":[{"href":"https:\/\/www.modelcars24.de\/it\/wp-json\/wp\/v2\/media?parent=16112"}],"wp:term":[{"taxonomy":"product_brand","embeddable":true,"href":"https:\/\/www.modelcars24.de\/it\/wp-json\/wp\/v2\/product_brand?post=16112"},{"taxonomy":"product_cat","embeddable":true,"href":"https:\/\/www.modelcars24.de\/it\/wp-json\/wp\/v2\/product_cat?post=16112"},{"taxonomy":"product_tag","embeddable":true,"href":"https:\/\/www.modelcars24.de\/it\/wp-json\/wp\/v2\/product_tag?post=16112"}],"curies":[{"name":"wp","href":"https:\/\/api.w.org\/{rel}","templated":true}]}}