{"id":16504,"date":"2025-08-01T00:00:00","date_gmt":"2025-07-31T22:00:00","guid":{"rendered":"http:\/\/www.mondo-legno.com\/?post_type=product&#038;p=16504"},"modified":"2025-12-20T15:17:34","modified_gmt":"2025-12-20T14:17:34","slug":"cmc-cmc-ferrari-250-lm-reims-12h-1964","status":"publish","type":"product","link":"https:\/\/www.modelcars24.de\/it\/cmc-cmc-ferrari-250-lm-reims-12h-1964\/","title":{"rendered":"CMC Ferrari 250 LM, Reims 12h 1964, #8, Telaio 5909, Surtees\/Bandini, RHD - 1\/18"},"content":{"rendered":"<p>CMC Ferrari 250 LM, Reims 12h 1964, #8, telaio 5909, Surtees\/Bandini, RHD. Modello da collezione di alta qualit\u00e0 in scala 1:18.<\/p>\n<p>Il telaio 5909 ha trascorso la maggior parte del suo tempo negli Stati Uniti d'America. Dopo essere stata utilizzata per un breve periodo dalla squadra corse nordamericana (N.A.R.T.) di Luigi Chinetti, la vettura appartenne a Bob Grossman della \u201eScuderia Bear\u201c, che la guid\u00f2 per tutto il 1964. Dopo l'abbandono delle corse, il suo pi\u00f9 grande successo fu la vittoria al Concorso d'Eleganza di Pebble Beach nel 1975. L'attuale proprietario ha partecipato a eventi importanti come il Tour Auto 2005, dove l'auto \u00e8 stata una delle stelle della manifestazione. Dopo un incidente alla Le Mans Classic del 2008, \u00e8 stata completamente restaurata ed \u00e8 stata esposta per la prima volta al Concours d'Elegance di Pebble Beach del 2013.<br \/>\nLa particolarit\u00e0 della 12 ore di Reims del 1964 era la partenza a mezzanotte. La partenza al buio pesto fu resa ancora pi\u00f9 difficile dalla procedura di partenza di Le Mans. I primi giri furono caratterizzati da una battaglia a tre tra i due piloti Ferrari Graham Hill e John Surtees e la Ford di Richie Ginther. Per quasi un'ora, a velocit\u00e0 medie ben superiori a 200 km\/h, i tre piloti si sorpassarono regolarmente prima della Virage de Thillois.<br \/>\nLa testa della corsa \u00e8 cambiata soprattutto a causa delle diverse tattiche di pit stop. Poco prima delle 11, Surtees entr\u00f2 ai box per il rifornimento. Tuttavia, \u00e8 stato necessario cambiare anche le pastiglie dei freni anteriori. Sebbene i meccanici del N.A.R.T. abbiano lavorato rapidamente, la squadra ha perso due minuti nel processo. Con le nuove pastiglie dei freni, Surtees sembrava poter rendere possibile l'impossibile. In poco tempo recuper\u00f2 un'enorme quantit\u00e0 di tempo su Bonnier, arrivando a essere cinque secondi pi\u00f9 veloce dello svedese al giro. Quando Bonnier rientr\u00f2 ai box per l'ultimo rifornimento a mezz'ora dalla fine della gara e riconsegn\u00f2 la vettura a Hill, Surtees prese il comando. Aveva completato tutte le soste necessarie e avrebbe potuto concludere la gara senza fermarsi di nuovo. Aveva guidato la Ferrari al limite e talvolta oltre il limite per pi\u00f9 di un'ora, mettendo a dura prova la tecnologia della vettura. All'ultima sosta, Surtee non ha effettuato il cambio gomme per motivi di tempo, che ora si \u00e8 vendicato. A dieci minuti dalla fine, \u00e8 rientrato ai box con lo pneumatico anteriore sinistro sgonfio. Quando \u00e8 tornato in pista, aveva un ritardo di 1 giro e mezzo dalla Ferrari di Hill\/Bonnier e alla fine si \u00e8 classificato secondo.<\/p>\n<p>Numero articolo: M-262<\/p>","protected":false},"excerpt":{"rendered":"<p>1:18 &#8211; M-262 &#8211; 1-brandneu &#8211; anstatt 703,00 \u20ac jetzt 630,00 \u20ac inkl. 19 &amp; Vat<\/p>","protected":false},"featured_media":53318,"comment_status":"open","ping_status":"closed","template":"","meta":[],"product_brand":[537],"product_cat":[18,63,21],"product_tag":[46,209,263],"class_list":{"0":"post-16504","1":"product","2":"type-product","3":"status-publish","4":"has-post-thumbnail","6":"product_brand-cmc","7":"product_cat-cmc","8":"product_cat-ferrari","9":"product_cat-verfuegbar","10":"product_tag-cmc","11":"product_tag-ferrari","12":"product_tag-vorbestellbar","13":"pa_automarke-ferrari","14":"pa_decade-1960s","15":"pa_fahrzeugtyp-gt-rennen","16":"pa_massstab-1-18","17":"pa_modelmarke-cmc","18":"pa_modeltyp-alles-zum-oeffnen","19":"pa_modeltyp-fertigmodell","20":"pa_status-beim-hersteller-verfuegbar","21":"pa_verfuegbarkeit-vorbestellbar","22":"pa_zustand_modell-1-brandneu","23":"pa_zustand_verpackung-1-brandneu","25":"first","26":"outofstock","27":"sale","28":"taxable","29":"shipping-taxable","30":"purchasable","31":"product-type-simple"},"jetpack_sharing_enabled":true,"_links":{"self":[{"href":"https:\/\/www.modelcars24.de\/it\/wp-json\/wp\/v2\/product\/16504","targetHints":{"allow":["GET"]}}],"collection":[{"href":"https:\/\/www.modelcars24.de\/it\/wp-json\/wp\/v2\/product"}],"about":[{"href":"https:\/\/www.modelcars24.de\/it\/wp-json\/wp\/v2\/types\/product"}],"replies":[{"embeddable":true,"href":"https:\/\/www.modelcars24.de\/it\/wp-json\/wp\/v2\/comments?post=16504"}],"version-history":[{"count":9,"href":"https:\/\/www.modelcars24.de\/it\/wp-json\/wp\/v2\/product\/16504\/revisions"}],"predecessor-version":[{"id":58006,"href":"https:\/\/www.modelcars24.de\/it\/wp-json\/wp\/v2\/product\/16504\/revisions\/58006"}],"wp:featuredmedia":[{"embeddable":true,"href":"https:\/\/www.modelcars24.de\/it\/wp-json\/wp\/v2\/media\/53318"}],"wp:attachment":[{"href":"https:\/\/www.modelcars24.de\/it\/wp-json\/wp\/v2\/media?parent=16504"}],"wp:term":[{"taxonomy":"product_brand","embeddable":true,"href":"https:\/\/www.modelcars24.de\/it\/wp-json\/wp\/v2\/product_brand?post=16504"},{"taxonomy":"product_cat","embeddable":true,"href":"https:\/\/www.modelcars24.de\/it\/wp-json\/wp\/v2\/product_cat?post=16504"},{"taxonomy":"product_tag","embeddable":true,"href":"https:\/\/www.modelcars24.de\/it\/wp-json\/wp\/v2\/product_tag?post=16504"}],"curies":[{"name":"wp","href":"https:\/\/api.w.org\/{rel}","templated":true}]}}