{"id":16518,"date":"2026-02-10T00:00:00","date_gmt":"2026-02-09T23:00:00","guid":{"rendered":"http:\/\/www.mondo-legno.com\/?post_type=product&#038;p=16518"},"modified":"2026-02-12T18:30:23","modified_gmt":"2026-02-12T17:30:23","slug":"cmc-cmc-ferrari-250-lm-nassau-turistico","status":"publish","type":"product","link":"https:\/\/www.modelcars24.de\/it\/cmc-cmc-ferrari-250-lm-nassau-tourist\/","title":{"rendered":"CMC Ferrari 250 LM, Trofeo turistico di Nassau 1964, #90Telaio 5909, Grossman, RHD - 1\/18"},"content":{"rendered":"<p>CMC Ferrari 250 LM, Nassau Tourist Trophy 1964, #90Telaio 5909, Grossman, RHD. Modello da collezione di alta qualit\u00e0 in scala 1:18.<\/p>\n<p>Dopo essere stata utilizzata per un breve periodo dalla squadra corse N.A.R.T. di Luigi Chinetti, Bob Grossman la rilev\u00f2 dalla Scuderia Bear. Dopo la fine della sua carriera agonistica, il suo pi\u00f9 grande successo fu la vittoria al Concours d'El\u00e9gance di Pebble Beach nel 1975, e la vettura fu ripetutamente esposta in eventi come il Tour Auto 2005 e la Le Mans Classic 2008. Dopo un restauro completo, \u00e8 stata esposta per la prima volta nel 2013 al Pebble Beach Concours d'El\u00e9gance.<\/p>\n<p>Nel 1964, il telaio 5909 con Bob Grossman e il numero di partenza 90 ottenne il secondo posto di classe e il terzo posto assoluto al Nassau Tourist Trophy alla fine di novembre. Grossman vinse anche la sua classe al Nassau TT, che si svolse nuovamente nel dicembre dello stesso anno, e si classific\u00f2 quarto in classifica generale. In entrambe le gare era iscritto con il marchio Scuderia Bear.<\/p>\n<p>Numero articolo: M-267<\/p>","protected":false},"excerpt":{"rendered":"<p>M-267 &#8211; 1-brandneu &#8211; anstatt 703,00 \u20ac jetzt 630,00 \u20ac ink. 19% Vat<\/p>","protected":false},"featured_media":53306,"comment_status":"open","ping_status":"closed","template":"","meta":[],"product_brand":[537],"product_cat":[18,63,21],"product_tag":[46,209,263],"class_list":{"0":"post-16518","1":"product","2":"type-product","3":"status-publish","4":"has-post-thumbnail","6":"product_brand-cmc","7":"product_cat-cmc","8":"product_cat-ferrari","9":"product_cat-verfuegbar","10":"product_tag-cmc","11":"product_tag-ferrari","12":"product_tag-vorbestellbar","13":"pa_automarke-ferrari","14":"pa_decade-1960s","15":"pa_fahrzeugtyp-gt-rennen","16":"pa_massstab-1-18","17":"pa_modelmarke-cmc","18":"pa_modeltyp-alles-zum-oeffnen","19":"pa_modeltyp-fertigmodell","20":"pa_status-beim-hersteller-verfuegbar","21":"pa_verfuegbarkeit-vorbestellbar","22":"pa_zustand_modell-1-brandneu","23":"pa_zustand_verpackung-1-brandneu","25":"first","26":"instock","27":"sale","28":"taxable","29":"shipping-taxable","30":"purchasable","31":"product-type-simple"},"jetpack_sharing_enabled":true,"_links":{"self":[{"href":"https:\/\/www.modelcars24.de\/it\/wp-json\/wp\/v2\/product\/16518","targetHints":{"allow":["GET"]}}],"collection":[{"href":"https:\/\/www.modelcars24.de\/it\/wp-json\/wp\/v2\/product"}],"about":[{"href":"https:\/\/www.modelcars24.de\/it\/wp-json\/wp\/v2\/types\/product"}],"replies":[{"embeddable":true,"href":"https:\/\/www.modelcars24.de\/it\/wp-json\/wp\/v2\/comments?post=16518"}],"version-history":[{"count":7,"href":"https:\/\/www.modelcars24.de\/it\/wp-json\/wp\/v2\/product\/16518\/revisions"}],"predecessor-version":[{"id":60646,"href":"https:\/\/www.modelcars24.de\/it\/wp-json\/wp\/v2\/product\/16518\/revisions\/60646"}],"wp:featuredmedia":[{"embeddable":true,"href":"https:\/\/www.modelcars24.de\/it\/wp-json\/wp\/v2\/media\/53306"}],"wp:attachment":[{"href":"https:\/\/www.modelcars24.de\/it\/wp-json\/wp\/v2\/media?parent=16518"}],"wp:term":[{"taxonomy":"product_brand","embeddable":true,"href":"https:\/\/www.modelcars24.de\/it\/wp-json\/wp\/v2\/product_brand?post=16518"},{"taxonomy":"product_cat","embeddable":true,"href":"https:\/\/www.modelcars24.de\/it\/wp-json\/wp\/v2\/product_cat?post=16518"},{"taxonomy":"product_tag","embeddable":true,"href":"https:\/\/www.modelcars24.de\/it\/wp-json\/wp\/v2\/product_tag?post=16518"}],"curies":[{"name":"wp","href":"https:\/\/api.w.org\/{rel}","templated":true}]}}