{"id":18910,"date":"2026-01-20T09:20:25","date_gmt":"2026-01-20T08:20:25","guid":{"rendered":"https:\/\/www.modelcars24.de\/?post_type=product&#038;p=18910"},"modified":"2026-01-28T15:37:26","modified_gmt":"2026-01-28T14:37:26","slug":"cmc-ferrari-dino-156-f1-4-phil-hill-sharknose-112","status":"publish","type":"product","link":"https:\/\/www.modelcars24.de\/it\/cmc-ferrari-dino-156-f1-4-phil-hill-sharknose-112\/","title":{"rendered":"CMC Ferrari Dino 156 F1 #4 Phil Hill, Sharknose 1:12 - 1\/12"},"content":{"rendered":"<h3>CMC Ferrari Dino 156 F1 #4 Phil Hill, Sharknose 1:12, limitiert nur 500 St\u00fcck weltweit! C-007<\/h3>\n<p>Modello da collezione in metallo altamente dettagliato, parti aggiuntive cromate per lo pi\u00f9 in metallo, assemblate a mano, materiali prototipici, sedili in pelle o imbottiti, versione dettagliata dell'originale, molte funzioni e dettagli.<\/p>\n<p>Das CMC-Gro\u00dfmodell des Ferrari 156 F1 im Ma\u00dfstab 1:12 ist eine technische Offenbarung, die den legend\u00e4ren \u201eSharknose\u201c in vollendeter Perfektion wiederbelebt. Mit der Artikelnummer C-007 pr\u00e4sentiert CMC ein handgefertigtes Monument aus \u00fcber 1.450 Einzelteilen, das die \u00c4ra von Phil Hill und Wolfgang Graf Berghe von Trips haptisch greifbar macht. Die filigrane Gitterrohrrahmen-Konstruktion tr\u00e4gt die abnehmbare, hochglanzlackierte Au\u00dfenhaut aus Metall, unter der das detaillierte Sechszylinder-Triebwerk samt komplexer Kraftstoffleitungen und Verkabelung ruht. Jede einzelne Speiche der R\u00e4der ist von Hand eingezogen und mit authentischen Zentralverschl\u00fcssen gesichert, w\u00e4hrend das Cockpit durch echte Ledersitze und perfekt skalierte Instrumente besticht. Diese imposante Miniatur f\u00e4ngt die aggressive Eleganz des 1961er Weltmeisterwagens mit einer Pr\u00e4zision ein, die weit \u00fcber den klassischen Modellbau hinausgeht und das Fahrzeug zum absoluten Mittelpunkt jeder exklusiven Sammlung macht.<\/p>\n<p>Artikelnummer: C-007<\/p>","protected":false},"excerpt":{"rendered":"<p>C-007 &#8211; 2-neuwertig &#8211; 2250,00 \u20ac<\/p>","protected":false},"featured_media":43027,"comment_status":"open","ping_status":"closed","template":"","meta":{"_acf_changed":false},"product_brand":[537],"product_cat":[953,18,63,45,21],"product_tag":[682,683,684,46,685],"class_list":{"0":"post-18910","1":"product","2":"type-product","3":"status-publish","4":"has-post-thumbnail","6":"product_brand-cmc","7":"product_cat-1-archiv","8":"product_cat-cmc","9":"product_cat-ferrari","10":"product_cat-neuzugang","11":"product_cat-verfuegbar","12":"product_tag-682","13":"product_tag-683","14":"product_tag-auto-union-typ-c","15":"product_tag-cmc","16":"product_tag-rosemeyer","17":"pa_automarke-ferrari","18":"pa_decade-1960s","19":"pa_fahrzeugtyp-formel-1","20":"pa_farbe-silber","21":"pa_limitiert-ja","22":"pa_massstab-1-12","23":"pa_modelmarke-cmc","24":"pa_modeltyp-alles-zum-oeffnen","25":"pa_modeltyp-fertigmodell","26":"pa_status-beim-hersteller-ausverkauft","27":"pa_verfuegbarkeit-sofort-verfuegbar","28":"pa_zustand_modell-2-neuwertig","29":"pa_zustand_verpackung-2-neuwertig","31":"first","32":"outofstock","33":"taxable","34":"shipping-taxable","35":"purchasable","36":"product-type-simple"},"acf":[],"jetpack_sharing_enabled":true,"_links":{"self":[{"href":"https:\/\/www.modelcars24.de\/it\/wp-json\/wp\/v2\/product\/18910","targetHints":{"allow":["GET"]}}],"collection":[{"href":"https:\/\/www.modelcars24.de\/it\/wp-json\/wp\/v2\/product"}],"about":[{"href":"https:\/\/www.modelcars24.de\/it\/wp-json\/wp\/v2\/types\/product"}],"replies":[{"embeddable":true,"href":"https:\/\/www.modelcars24.de\/it\/wp-json\/wp\/v2\/comments?post=18910"}],"version-history":[{"count":5,"href":"https:\/\/www.modelcars24.de\/it\/wp-json\/wp\/v2\/product\/18910\/revisions"}],"predecessor-version":[{"id":59964,"href":"https:\/\/www.modelcars24.de\/it\/wp-json\/wp\/v2\/product\/18910\/revisions\/59964"}],"wp:featuredmedia":[{"embeddable":true,"href":"https:\/\/www.modelcars24.de\/it\/wp-json\/wp\/v2\/media\/43027"}],"wp:attachment":[{"href":"https:\/\/www.modelcars24.de\/it\/wp-json\/wp\/v2\/media?parent=18910"}],"wp:term":[{"taxonomy":"product_brand","embeddable":true,"href":"https:\/\/www.modelcars24.de\/it\/wp-json\/wp\/v2\/product_brand?post=18910"},{"taxonomy":"product_cat","embeddable":true,"href":"https:\/\/www.modelcars24.de\/it\/wp-json\/wp\/v2\/product_cat?post=18910"},{"taxonomy":"product_tag","embeddable":true,"href":"https:\/\/www.modelcars24.de\/it\/wp-json\/wp\/v2\/product_tag?post=18910"}],"curies":[{"name":"wp","href":"https:\/\/api.w.org\/{rel}","templated":true}]}}