{"id":211,"date":"2024-08-18T11:54:22","date_gmt":"2024-08-18T09:54:22","guid":{"rendered":"http:\/\/www.mondo-legno.com\/?post_type=product&#038;p=211"},"modified":"2025-12-10T13:25:14","modified_gmt":"2025-12-10T12:25:14","slug":"cmc-mercedes-benz-300-slr-herrmann-signature-edition-2","status":"publish","type":"product","link":"https:\/\/www.modelcars24.de\/it\/cmc-mercedes-benz-300-slr-herrmann-signatur-edition\/","title":{"rendered":"CMC Mercedes-Benz 300 SLR, Herrmann Signature Edition - 1\/18"},"content":{"rendered":"<p>CMC Mercedes-Benz 300 SLR, edizione firmata Herrmann<\/p>\n<p>Purtroppo Hans Herrmann, che stava guidando in una posizione promettente nel gruppo di testa, si \u00e8 dovuto ritirare a pi\u00f9 di met\u00e0 gara a causa di un tappo di carburante che si \u00e8 rovesciato sul pilota e sul copilota. Hans Herrmann ha documentato il suo apprezzamento e l'eccezionale qualit\u00e0 del modello in edizione speciale con la sua firma su ogni cofano dell'edizione speciale.<\/p>\n<div>\n<ul>\n<li>Volante a tre razze. Gli interni sono rivestiti in pelle e i sedili in tessuto. La porta del guidatore basculante facilita l'ingresso. Il passeggero anteriore ha dovuto fare a meno della porta.<\/li>\n<li>Ruote di scorta rimovibili abbinate alle dimensioni della ruota anteriore e posteriore<\/li>\n<li>Ruote a raggi con cerchi in alluminio e nippli inseriti singolarmente per i raggi in filo d'acciaio inox<\/li>\n<li>Le ruote possono essere rimosse ciascuna per mezzo di un blocco centrale a tre ante, la cui geometria \u00e8 adattata al lato del veicolo.<\/li>\n<li>Ventilazione dell'abitacolo, parabrezza e specchietto retrovisore riprodotti in modo autentico<\/li>\n<li>Cruscotto dal design originale con tutti gli strumenti e i comandi del display<\/li>\n<li>Le cupole di sostegno del collo sono saldamente collegate al portellone posteriore e possono essere ripiegate come un'unit\u00e0 per accedere alle ruote di scorta. Il cofano aperto \u00e8 fissato con una barra di supporto.<\/li>\n<li>Lo sportello di rifornimento del carburante \u00e8 integrato nella calotta del poggiatesta lato guida. Il bocchettone di riempimento del serbatoio \u00e8 dotato di un tappo rimovibile in acciaio inox.<\/li>\n<li>Sezione anteriore con griglie in filigrana sul radiatore e sul condotto di aspirazione dell'aria del motore<\/li>\n<li>Motore a otto cilindri in linea altamente dettagliato in posizione di montaggio inclinata con tutte le unit\u00e0 aggiuntive, compresi il passaggio completo dei cavi e il cablaggio<\/li>\n<li>I terminali di scarico laterali sono in acciaio inossidabile.<\/li>\n<li>Sospensione anteriore con freni a tamburo interni<\/li>\n<li>Telaio in tubi a traliccio con serbatoio, sospensione delle ruote, staffe di supporto per le ruote di scorta e pompe di benzina elettriche<\/li>\n<\/ul>\n<\/div>\n<h4>Descrizione del veicolo originale:<\/h4>\n<div>Nel 1955, l'importante evento annuale della Mille Miglia ha visto una partecipazione particolarmente interessante. Mercedes-Benz aveva grandi progetti e invi\u00f2 un'armata di quattro auto da corsa 300 SLR, utilizzate per la prima volta. Noti piloti di punta si contendevano la vittoria contro i concorrenti pi\u00f9 agguerriti, come Ferrari, Maserati e Aston Martin. Mezza Italia era in piedi, in attesa dell'evento nazionale.<br \/>\nIl 1\u00b0 maggio 1955, alle 7:04 del mattino, la 300 SLR con il numero di partenza 704 (numero di partenza = ora di partenza) e il suo pilota Hans Herrmann e il copilota Hermann Eger lasciano la rampa di partenza a Brescia per intraprendere il percorso di circa 1600 km della 22a Mille Miglia.<br \/>\nPurtroppo, il team ha dovuto abbandonare la gara dopo pi\u00f9 di met\u00e0 percorso a causa di un tappo di carburante che si \u00e8 rovesciato sul pilota e sul copilota.<br \/>\nL'esito della gara \u00e8 ormai famoso in tutto il mondo ed \u00e8 entrato nella storia delle corse. Stirling Moss festeggi\u00f2 una vittoria trionfale.<\/div>\n<p>Numero articolo: M-124<\/p>","protected":false},"excerpt":{"rendered":"<p>Mercedes-Benz 300 SLR, automodello Herrmann Signatur Edition, M-124, di CMC, ora disponibile su www.modelcars24.de.<\/p>","protected":false},"featured_media":44062,"comment_status":"open","ping_status":"closed","template":"","meta":{"_acf_changed":false},"product_brand":[537],"product_cat":[18,19,45,21],"product_tag":[],"class_list":{"0":"post-211","1":"product","2":"type-product","3":"status-publish","4":"has-post-thumbnail","6":"product_brand-cmc","7":"product_cat-cmc","8":"product_cat-mercedes-benz","9":"product_cat-neuzugang","10":"product_cat-verfuegbar","11":"pa_automarke-mercedes","12":"pa_decade-1950s","13":"pa_fahrzeugtyp-gt-rennen","14":"pa_farbe-silber","15":"pa_limitiert-ja","16":"pa_massstab-1-18","17":"pa_modelmarke-cmc","18":"pa_modeltyp-alles-zum-oeffnen","19":"pa_modeltyp-fertigmodell","20":"pa_status-beim-hersteller-ausverkauft","21":"pa_verfuegbarkeit-sofort-verfuegbar","22":"pa_zustand_modell-2-neuwertig","23":"pa_zustand_verpackung-2-neuwertig","25":"first","26":"outofstock","27":"purchasable","28":"product-type-simple"},"acf":[],"jetpack_sharing_enabled":true,"_links":{"self":[{"href":"https:\/\/www.modelcars24.de\/it\/wp-json\/wp\/v2\/product\/211","targetHints":{"allow":["GET"]}}],"collection":[{"href":"https:\/\/www.modelcars24.de\/it\/wp-json\/wp\/v2\/product"}],"about":[{"href":"https:\/\/www.modelcars24.de\/it\/wp-json\/wp\/v2\/types\/product"}],"replies":[{"embeddable":true,"href":"https:\/\/www.modelcars24.de\/it\/wp-json\/wp\/v2\/comments?post=211"}],"version-history":[{"count":3,"href":"https:\/\/www.modelcars24.de\/it\/wp-json\/wp\/v2\/product\/211\/revisions"}],"predecessor-version":[{"id":57461,"href":"https:\/\/www.modelcars24.de\/it\/wp-json\/wp\/v2\/product\/211\/revisions\/57461"}],"wp:featuredmedia":[{"embeddable":true,"href":"https:\/\/www.modelcars24.de\/it\/wp-json\/wp\/v2\/media\/44062"}],"wp:attachment":[{"href":"https:\/\/www.modelcars24.de\/it\/wp-json\/wp\/v2\/media?parent=211"}],"wp:term":[{"taxonomy":"product_brand","embeddable":true,"href":"https:\/\/www.modelcars24.de\/it\/wp-json\/wp\/v2\/product_brand?post=211"},{"taxonomy":"product_cat","embeddable":true,"href":"https:\/\/www.modelcars24.de\/it\/wp-json\/wp\/v2\/product_cat?post=211"},{"taxonomy":"product_tag","embeddable":true,"href":"https:\/\/www.modelcars24.de\/it\/wp-json\/wp\/v2\/product_tag?post=211"}],"curies":[{"name":"wp","href":"https:\/\/api.w.org\/{rel}","templated":true}]}}