{"id":231,"date":"2022-12-30T11:54:23","date_gmt":"2022-12-30T10:54:23","guid":{"rendered":"http:\/\/www.mondo-legno.com\/?post_type=product&#038;p=231"},"modified":"2025-12-10T13:25:18","modified_gmt":"2025-12-10T12:25:18","slug":"cmc-alfa-romeo-6c-1750-gs-1930-2","status":"publish","type":"product","link":"https:\/\/www.modelcars24.de\/it\/cmc-alfa-romeo-6c-1750-gs-1930-2\/","title":{"rendered":"CMC Alfa Romeo 6C 1750 GS, 1930 - 1\/18"},"content":{"rendered":"<h3>CMC Alfa Romeo 6C 1750 GS, 1930, non verniciata<\/h3>\n<p>CMC presenta la 6C 1750 Gran Sport in versione non verniciata come edizione speciale limitata a soli 1.000 esemplari in tutto il mondo, una rarit\u00e0 dall'aspetto straordinario che si distingue chiaramente dalla norma consolidata.<br \/>\nMa proprio per questo, guardando questa replica ci si rende conto di quanto possa essere bella una miniatura anche senza vernice. Con la sua aura unica e il suo carisma espressivo, si distingue con sicurezza dai soliti modelli dipinti ed \u00e8 in grado di conquistare gli intenditori.<br \/>\nL'artigianalit\u00e0 dei materiali di alta qualit\u00e0 \u00e8 particolarmente evidente e sottolinea lo status speciale di questo oggetto da collezione.<br \/>\nTutte le superfici dei modelli sono sigillate con una lacca trasparente per garantire una protezione duratura contro lo scolorimento naturale del materiale o l'accumulo di patina.<\/p>\n<div>\n<ul>\n<li>Modello di precisione in metallo assemblato a mano come modello con guida a destra composto da 1.800 parti, di cui 1.311 solo in metallo<\/li>\n<li>Carrozzeria Spyder autentica e modellata in scala reale dall'ingegnoso carrozziere Zagato<\/li>\n<li>Telaio del veicolo come struttura metallica<\/li>\n<li>Motore a 6 cilindri in linea altamente dettagliato con compressore Roots montato anteriormente e tutte le altre unit\u00e0 aggiuntive e tubazioni\/cablaggi completi<\/li>\n<li>Sezione frontale dal design accattivante, con il famoso gruppo ottico triplo<\/li>\n<li>Il parasassi protegge la lente del faro da eventuali danni. Tappi rossi rimovibili<\/li>\n<li>Cofano a doppia ala apribile con possibilit\u00e0 di stoccaggio su perni metallici<\/li>\n<li>Il parasassi in metallo a maglia fine impedisce il danneggiamento della griglia del radiatore<\/li>\n<li>Parabrezza con telaio di montaggio in metallo dimensionalmente stabile<\/li>\n<li>Porte mobili incernierate su cerniere finemente modellate<\/li>\n<li>Bocchettone di riempimento laterale del serbatoio dell'olio alloggiato nel pozzetto e bocchettone di riempimento posteriore del serbatoio del carburante in lamiera d'acciaio inox, ciascuno con tappo di chiusura metallico mobile<\/li>\n<li>Vano portabagagli dietro il soft-top con sportello mobile<\/li>\n<li>Abitacolo dettagliato con rivestimenti in vera pelle sui sedili e sui pannelli laterali delle porte<\/li>\n<li>Riproduzione dettagliata del cruscotto con tutte le unit\u00e0 di visualizzazione e gli interruttori di comando<\/li>\n<li>Dispositivo di supporto funzionale per ruote di scorta doppie. Le ruote possono essere rimosse dopo aver allentato una vite di fissaggio.<\/li>\n<li>Ruote a raggi perfette con cerchi in alluminio e raggi in filo d'acciaio inossidabile. I bloccaggi centrali a vite con filettatura destra\/sinistra consentono di smontare le ruote.<\/li>\n<li>Gruppo pianale elaborato con assale anteriore\/posteriore in metallo fuso e rappresentazione della tiranteria del freno meccanico, delle molle a balestra e degli ammortizzatori a frizione, ciascuno in metallo<\/li>\n<li>Superfici metalliche sigillate con vernice trasparente<\/li>\n<\/ul>\n<\/div>\n<h4>Descrizione del veicolo originale:<\/h4>\n<div>Progettata principalmente come auto da competizione, la 6C 1750 GS si impose nettamente sui suoi contemporanei, soprattutto grazie alla sua eccellente accelerazione abbinata a un telaio dal design semplice e all'affidabilit\u00e0 dei suoi componenti meccanici. Un altro fattore decisivo era la risposta insolitamente agile dell'acceleratore e la capacit\u00e0 del motore di salire di giri. Le sospensioni, ben tarate, rigide ma non troppo dure, consentono uno stile di guida all'insegna del risparmio energetico. Con un peso a vuoto di 920 kg e 85 CV a 4.500 giri\/min, la Gran Sport raggiungeva i 145 km\/h, una velocit\u00e0 incredibile per un'auto del 1930 con una cilindrata ben inferiore ai due litri. Nel 1929 e nel 1930, l'Alfa Romeo invi\u00f2 alle gare particolarmente impegnative le vetture ufficiali di serie, che avevano testate saldate e un albero motore a otto cuscinetti e potevano vantare 102 CV a 5.000 giri\/min. Con un'ulteriore riduzione del peso a vuoto a 840 kg, la Gran Sport del 1930 raggiungeva una velocit\u00e0 massima di 170 km\/h.<br \/>\nAnche Tazio Nuvolari e il suo copilota Guidotti approfittarono di tali condizioni favorevoli del veicolo quando i due, con la loro 6C 1750 GS e il numero di partenza 84, ingaggiarono un acceso duello con l'acerrimo rivale Achille Varzi, anch'egli su un'Alfa 6C 1750 GS, alla Mille Miglia del 1930. I due piloti di punta non si diedero tregua e giocarono d'astuzia fino all'ultimo. La leggenda narra che Nuvolari abbia pedinato Varzi di notte a fari spenti e abbia acceso per primo i suoi tre fari rossi incandescenti direttamente dietro il rivale, prima di superare a tutta velocit\u00e0 lo sconcertato Varzi e vincere la gara davanti a quest'ultimo.<br \/>\nDa allora, i tre fari dotati di calotte in plastica rossa sono una delle caratteristiche pi\u00f9 riconoscibili dei modelli sportivi Alfa Romeo dell'anteguerra.<br \/>\nPer inciso, alla Mille Miglia del 1930 quattro Alfa ufficiali occuparono i primi quattro posti assoluti, con il vincitore, Tazio Nuvolari, che raggiunse una velocit\u00e0 media di oltre 100 chilometri all'ora.<\/div>\n<p>Numero articolo: M-142<\/p>","protected":false},"excerpt":{"rendered":"<p>CMC Alfa Romeo 6C 1750 GS, automodello del 1930, M-142, di CMC, ora disponibile su www.modelcars24.de.<\/p>","protected":false},"featured_media":44085,"comment_status":"open","ping_status":"closed","template":"","meta":{"_acf_changed":false},"product_brand":[537],"product_cat":[100,18,20,21],"product_tag":[101,102,96],"class_list":{"0":"post-231","1":"product","2":"type-product","3":"status-publish","4":"has-post-thumbnail","6":"product_brand-cmc","7":"product_cat-alfa-romeo","8":"product_cat-cmc","9":"product_cat-titel","10":"product_cat-verfuegbar","11":"product_tag-101","12":"product_tag-cmc-alfa-romeo-6c-1750-gs","13":"product_tag-unlackiert","14":"pa_automarke-alfa-romeo","15":"pa_decade-1930s","16":"pa_fahrzeugtyp-formel-1","17":"pa_farbe-unlackiert","18":"pa_limitiert-ja","19":"pa_massstab-1-18","20":"pa_modelmarke-cmc","21":"pa_modeltyp-alles-zum-oeffnen","22":"pa_modeltyp-fertigmodell","23":"pa_status-beim-hersteller-ausverkauft","24":"pa_verfuegbarkeit-sofort-verfuegbar","25":"pa_zustand_modell-2-neuwertig","26":"pa_zustand_verpackung-2-neuwertig","28":"first","29":"outofstock","30":"purchasable","31":"product-type-simple"},"acf":[],"jetpack_sharing_enabled":true,"_links":{"self":[{"href":"https:\/\/www.modelcars24.de\/it\/wp-json\/wp\/v2\/product\/231","targetHints":{"allow":["GET"]}}],"collection":[{"href":"https:\/\/www.modelcars24.de\/it\/wp-json\/wp\/v2\/product"}],"about":[{"href":"https:\/\/www.modelcars24.de\/it\/wp-json\/wp\/v2\/types\/product"}],"replies":[{"embeddable":true,"href":"https:\/\/www.modelcars24.de\/it\/wp-json\/wp\/v2\/comments?post=231"}],"version-history":[{"count":3,"href":"https:\/\/www.modelcars24.de\/it\/wp-json\/wp\/v2\/product\/231\/revisions"}],"predecessor-version":[{"id":57472,"href":"https:\/\/www.modelcars24.de\/it\/wp-json\/wp\/v2\/product\/231\/revisions\/57472"}],"wp:featuredmedia":[{"embeddable":true,"href":"https:\/\/www.modelcars24.de\/it\/wp-json\/wp\/v2\/media\/44085"}],"wp:attachment":[{"href":"https:\/\/www.modelcars24.de\/it\/wp-json\/wp\/v2\/media?parent=231"}],"wp:term":[{"taxonomy":"product_brand","embeddable":true,"href":"https:\/\/www.modelcars24.de\/it\/wp-json\/wp\/v2\/product_brand?post=231"},{"taxonomy":"product_cat","embeddable":true,"href":"https:\/\/www.modelcars24.de\/it\/wp-json\/wp\/v2\/product_cat?post=231"},{"taxonomy":"product_tag","embeddable":true,"href":"https:\/\/www.modelcars24.de\/it\/wp-json\/wp\/v2\/product_tag?post=231"}],"curies":[{"name":"wp","href":"https:\/\/api.w.org\/{rel}","templated":true}]}}