{"id":266,"date":"2024-01-28T00:00:00","date_gmt":"2024-01-27T23:00:00","guid":{"rendered":"http:\/\/www.mondo-legno.com\/?post_type=product&#038;p=266"},"modified":"2026-04-30T13:44:08","modified_gmt":"2026-04-30T11:44:08","slug":"cmc-lancia-d50-monaco-gp-1955-30-eugenio-castellotti-limitata-a-1500-esemplari","status":"publish","type":"product","link":"https:\/\/www.modelcars24.de\/it\/cmc-lancia-d50-monaco-gp-1955-30-eugenio-castellotti-limitiert-auf-1500-stueck\/","title":{"rendered":"Lancia D50 Monaco GP 1955 #30, Eugenio Castellotti - Edizione limitata a 1500 esemplari - 1\/18"},"content":{"rendered":"<h3>CMC Lancia D50 Monaco GP 1955 #30, Eugenio Castellotti - Edizione limitata a 1500 esemplari<\/h3>\n<p>Il talentuoso Eugenio Castellotti era un pilota abituale della Scuderia Lancia al fianco di Alberto Ascari e Luigi Villoresi. A Monaco, dove il Gran Premio del 1955 fu organizzato anche come Gran Premio d'Europa, part\u00ec dalla quarta posizione. Solo Fangio, Ascari e Moss erano stati pi\u00f9 veloci di lui nelle prove. La sua abilit\u00e0 di guida e i fallimenti dei favoriti lo portarono alla fine al secondo posto, a soli 20 secondi dal vincitore Maurice Trintignant su Ferrari. CMC ha ricreato in modo autentico e meticoloso ogni dettaglio della vettura che disput\u00f2 questa leggendaria e turbolenta gara con il numero di partenza 30.<\/p>\n<ul>\n<li>Modello di precisione in metallo assemblato a mano da 1.598 parti.<\/li>\n<li>Cofano rimovibile e bloccabile<\/li>\n<li>Parabrezza mobile<\/li>\n<li>Riproduzione fedele del motore a 8 cilindri 90\u00b0V con tutte le unit\u00e0 aggiuntive e cablaggio completo<\/li>\n<li>Entrambi i tubi di scarico in metallo<\/li>\n<li>Assale anteriore a quadrilatero metallico con ammortizzatori a pressione d'olio<\/li>\n<li>Assale posteriore metallico De Dion con braccio oscillante e ammortizzatori a pressione d'olio<\/li>\n<li>Griglia del radiatore in acciaio inox con montanti in metallo, verniciata in tinta con la carrozzeria.<\/li>\n<li>Replica dettagliata del sistema di raffreddamento<\/li>\n<li>Percorso dettagliato delle tubazioni dell'olio e del carburante<\/li>\n<li>Tappo del serbatoio mobile<\/li>\n<li>Tappo di riempimento dell'olio mobile<\/li>\n<li>Abitacolo con sedile di guida e poggiatesta rivestiti in pelle<\/li>\n<li>Ruote a raggi dal design perfetto con raggi in filo d'acciaio inossidabile disegnati e nippati a mano<\/li>\n<li>Bloccaggi centrali delle ruote a vite con filettatura autentica destra\/sinistra<\/li>\n<li>Vernice brillante nel colore originale<\/li>\n<li>Posizionamento del numero iniziale 30 mediante il processo di tampografia<\/li>\n<\/ul>\n<p>Accessorio speciale: carrello di avviamento a batteria con unit\u00e0 di avviamento esterna separata<br \/>\nNumero articolo: M-177<\/p>","protected":false},"excerpt":{"rendered":"<p>M-177 - 1-brand new - invece di 572,00 \u20ac ora 459,00 \u20ac IVA inclusa 19%<\/p>","protected":false},"featured_media":44458,"comment_status":"open","ping_status":"closed","template":"","meta":{"_acf_changed":false},"product_brand":[537],"product_cat":[279,960,18,114,20,21],"product_tag":[115,117,118],"class_list":{"0":"post-266","1":"product","2":"type-product","3":"status-publish","4":"has-post-thumbnail","6":"product_brand-cmc","7":"product_cat-1-m","8":"product_cat-aktion","9":"product_cat-cmc","10":"product_cat-lancia","11":"product_cat-titel","12":"product_cat-verfuegbar","13":"product_tag-cmc-lancia-d50","14":"product_tag-cmc-lancia-d50-monaco-gp-1955-30","15":"product_tag-eugenio-castellotti-limitiert-auf-1500-stueck","16":"pa_automarke-lancia","17":"pa_decade-1950s","18":"pa_fahrzeugtyp-formel-1","19":"pa_farbe-rot","20":"pa_limitiert-ja","21":"pa_massstab-1-18","22":"pa_modelmarke-cmc","23":"pa_modeltyp-alles-zum-oeffnen","24":"pa_modeltyp-fertigmodell","25":"pa_verfuegbarkeit-sofort-verfuegbar","26":"pa_zustand_modell-1-brandneu","27":"pa_zustand_verpackung-1-brandneu","29":"first","30":"instock","31":"sale","32":"taxable","33":"shipping-taxable","34":"purchasable","35":"product-type-simple"},"acf":[],"jetpack_sharing_enabled":true,"_links":{"self":[{"href":"https:\/\/www.modelcars24.de\/it\/wp-json\/wp\/v2\/product\/266","targetHints":{"allow":["GET"]}}],"collection":[{"href":"https:\/\/www.modelcars24.de\/it\/wp-json\/wp\/v2\/product"}],"about":[{"href":"https:\/\/www.modelcars24.de\/it\/wp-json\/wp\/v2\/types\/product"}],"replies":[{"embeddable":true,"href":"https:\/\/www.modelcars24.de\/it\/wp-json\/wp\/v2\/comments?post=266"}],"version-history":[{"count":4,"href":"https:\/\/www.modelcars24.de\/it\/wp-json\/wp\/v2\/product\/266\/revisions"}],"predecessor-version":[{"id":57481,"href":"https:\/\/www.modelcars24.de\/it\/wp-json\/wp\/v2\/product\/266\/revisions\/57481"}],"wp:featuredmedia":[{"embeddable":true,"href":"https:\/\/www.modelcars24.de\/it\/wp-json\/wp\/v2\/media\/44458"}],"wp:attachment":[{"href":"https:\/\/www.modelcars24.de\/it\/wp-json\/wp\/v2\/media?parent=266"}],"wp:term":[{"taxonomy":"product_brand","embeddable":true,"href":"https:\/\/www.modelcars24.de\/it\/wp-json\/wp\/v2\/product_brand?post=266"},{"taxonomy":"product_cat","embeddable":true,"href":"https:\/\/www.modelcars24.de\/it\/wp-json\/wp\/v2\/product_cat?post=266"},{"taxonomy":"product_tag","embeddable":true,"href":"https:\/\/www.modelcars24.de\/it\/wp-json\/wp\/v2\/product_tag?post=266"}],"curies":[{"name":"wp","href":"https:\/\/api.w.org\/{rel}","templated":true}]}}