{"id":31436,"date":"2025-11-24T10:04:09","date_gmt":"2025-11-24T09:04:09","guid":{"rendered":"http:\/\/www.mondo-legno.com\/?post_type=product&#038;p=31436"},"modified":"2026-03-12T11:04:39","modified_gmt":"2026-03-12T10:04:39","slug":"martisan-ferrari-250-gto-rosso-corsa-al-con-corpo-in-rame-uno-di-199-2","status":"publish","type":"product","link":"https:\/\/www.modelcars24.de\/it\/martisan-ferrari-250-gto-rosso-corsa-al-mit-kupferkarosserie-one-of-199-2\/","title":{"rendered":"Martisan Ferrari 250 GTO Rosso Corsa AL con carrozzeria in rame uno dei 199 esemplari - 1\/18"},"content":{"rendered":"<h3 class=\"product_title entry-title\">Martisan Ferrari 250 GTO Rosso Corsa con carrozzeria in rame, telaio 3445 GT<\/h3>\n<div class=\"woocommerce-product-details__short-description\">\n<p>La Ferrari 250 GTO Rosso Corsa Martisan \u00e8 un modello altamente dettagliato in scala 1:18 della Ferrari 250 GTO ed \u00e8 uno dei modelli pi\u00f9 dettagliati e di qualit\u00e0 che conosciamo. La carrozzeria \u00e8 realizzata in lamiera di rame, che impedisce la formazione di bolle e l'invecchiamento della vernice e garantisce una conservazione a lungo termine. Tutti i vetri, comprese le coperture dei fari, sono realizzati in vero vetro temperato. Ogni modello \u00e8 realizzato con cura da tecnici professionisti, con una maestria che raggiunge il livello degli orologiai, e tutti gli assemblaggi di precisione sono eseguiti da un tecnico responsabile. \u00c8 il primo modello di auto statica in scala 1:18 al mondo dotato di differenziale sull'asse posteriore e il primo a utilizzare il vetro temperato, replicando perfettamente l'effetto del vetro di un'auto vera. La struttura del vano motore, interamente in rame e progettata con precisione, consente di comprendere intuitivamente l'interno dell'auto reale dal modello. L'interno dell'abitacolo, dalle proporzioni realistiche, \u00e8 finemente dettagliato e ha una consistenza realistica che fa sembrare di essere l\u00ec. Le ruote imitano la struttura dei pneumatici a vuoto, creando gli effetti di pressione e depressione di un vero cavalletto per auto. L'intero veicolo \u00e8 composto da 35 parti mobili, per cui \u00e8 possibile ricreare la storia esplorando il modello. Altri dettagli aspettano di essere scoperti da voi. Martisan supera cos\u00ec la ricchezza di dettagli e la qualit\u00e0 dei materiali utilizzati da tutti i produttori che conosciamo. L'uscita del modello \u00e8 prevista per la met\u00e0 del 2024.<\/p>\n<p>Nel nostro blog troverete un video e ulteriori informazioni sul modello. Potete accedere al blog facendo clic su <a href=\"https:\/\/www.modelcars24.de\/it\/martisan-ferrari-250-chassis\/\">clicca qui<\/a>.<\/p>\n<p>- Sterzo funzionante, replica dell'auto originale<br \/>\n- Serbatoi di carburante in metallo con struttura interna ed esterna originale<br \/>\n- Apertura del coperchio del serbatoio del carburante<br \/>\n- I pneumatici in gomma simulano un pneumatico riempito d'aria.<br \/>\n- Ammortizzatori realistici<br \/>\n- I dischi freno riproducono il colore e i dettagli dell'originale.<br \/>\n- I mozzi delle ruote sono realizzati a mano con raggi da 0,3 mm.<br \/>\n- Tutti gli accessori del motore sono riprodotti con cura<br \/>\n- Corpo prototipale in lamiera di rame<br \/>\n- Vetri realizzati in vero vetro<\/p>\n<p>&nbsp;<\/p>\n<p>&nbsp;<\/p>\n<\/div>\n<p>Numero articolo: Martisan 8-1-1-1<\/p>","protected":false},"excerpt":{"rendered":"<p class=\"product_title entry-title\">1-brand new - 2360,00 \u20ac IVA inclusa 19%<\/p>","protected":false},"featured_media":54924,"comment_status":"open","ping_status":"closed","template":"","meta":{"_acf_changed":false},"product_brand":[877],"product_cat":[63,385,21],"product_tag":[],"class_list":{"0":"post-31436","1":"product","2":"type-product","3":"status-publish","4":"has-post-thumbnail","6":"product_brand-martisan","7":"product_cat-ferrari","8":"product_cat-martisan","9":"product_cat-verfuegbar","10":"pa_automarke-ferrari","11":"pa_decade-1960s","12":"pa_fahrzeugtyp-coupe","13":"pa_farbe-silber","14":"pa_limitiert-ja","15":"pa_massstab-1-18","16":"pa_modelmarke-martisan","17":"pa_modeltyp-alles-zum-oeffnen","18":"pa_modeltyp-fertigmodell","19":"pa_verfuegbarkeit-vorbestellbar","20":"pa_zustand_modell-1-brandneu","21":"pa_zustand_verpackung-1-brandneu","23":"first","24":"instock","25":"taxable","26":"shipping-taxable","27":"purchasable","28":"product-type-simple"},"acf":[],"jetpack_sharing_enabled":true,"_links":{"self":[{"href":"https:\/\/www.modelcars24.de\/it\/wp-json\/wp\/v2\/product\/31436","targetHints":{"allow":["GET"]}}],"collection":[{"href":"https:\/\/www.modelcars24.de\/it\/wp-json\/wp\/v2\/product"}],"about":[{"href":"https:\/\/www.modelcars24.de\/it\/wp-json\/wp\/v2\/types\/product"}],"replies":[{"embeddable":true,"href":"https:\/\/www.modelcars24.de\/it\/wp-json\/wp\/v2\/comments?post=31436"}],"version-history":[{"count":7,"href":"https:\/\/www.modelcars24.de\/it\/wp-json\/wp\/v2\/product\/31436\/revisions"}],"predecessor-version":[{"id":61928,"href":"https:\/\/www.modelcars24.de\/it\/wp-json\/wp\/v2\/product\/31436\/revisions\/61928"}],"wp:featuredmedia":[{"embeddable":true,"href":"https:\/\/www.modelcars24.de\/it\/wp-json\/wp\/v2\/media\/54924"}],"wp:attachment":[{"href":"https:\/\/www.modelcars24.de\/it\/wp-json\/wp\/v2\/media?parent=31436"}],"wp:term":[{"taxonomy":"product_brand","embeddable":true,"href":"https:\/\/www.modelcars24.de\/it\/wp-json\/wp\/v2\/product_brand?post=31436"},{"taxonomy":"product_cat","embeddable":true,"href":"https:\/\/www.modelcars24.de\/it\/wp-json\/wp\/v2\/product_cat?post=31436"},{"taxonomy":"product_tag","embeddable":true,"href":"https:\/\/www.modelcars24.de\/it\/wp-json\/wp\/v2\/product_tag?post=31436"}],"curies":[{"name":"wp","href":"https:\/\/api.w.org\/{rel}","templated":true}]}}