{"id":32365,"date":"2024-10-09T13:05:34","date_gmt":"2024-10-09T11:05:34","guid":{"rendered":"http:\/\/www.mondo-legno.com\/?post_type=product&#038;p=32365"},"modified":"2025-12-10T13:34:23","modified_gmt":"2025-12-10T12:34:23","slug":"bbr-ferrari-499p-vettura-n-51-3-le-mans-2024-piloti-pier-guidi-giovinazzi-calado","status":"publish","type":"product","link":"https:\/\/www.modelcars24.de\/it\/bbr-ferrari-499p-car-n-51-3rd-le-mans-2024-drivers-pier-guidi-giovinazzi-calado\/","title":{"rendered":"BBR Ferrari 499P vettura n. 51 - 3\u00b0 Le Mans 2024 piloti Pier Guidi Giovinazzi Calado - 1\/18"},"content":{"rendered":"<p>BBR Ferrari 499P vettura n. 51 - 3\u00b0 Le Mans 2024 piloti Pier Guidi Giovinazzi Calado<\/p>\n<p>Le Mans 16 giugno 2024<br \/>\n\u00c8 incredibile quello che si pu\u00f2 ottenere in un solo giorno. 24 ore di alti e bassi che mettono alla prova la resilienza e la resistenza di una squadra. Ogni giro portava con s\u00e9 nuovi ostacoli. Nel 2023, la Ferrari ha raggiunto ci\u00f2 che molti pensavano fosse impossibile. Nel 2024, un nuovo giorno di gloria e di eredit\u00e0 ci attende a LeMans, ma guardare agli obiettivi di domani \u00e8 una virt\u00f9 dei grandi team.<br \/>\nL'equipaggio composto da Pier Guidi, Giovinazzi e Calado con il numero di partenza 51, vittorioso nel 2023, si \u00e8 dovuto accontentare del terzo posto, se cos\u00ec si pu\u00f2 dire.<br \/>\nIn questo giorno memorabile, la Ferrari vince per la seconda volta consecutiva la 24 Ore di Le Mans con la vettura numero 50, guidata da Fuoco, Nielsen e Molina. Un'altra celebrazione a Maranello potrebbe essere l'inizio di un nuovo ciclo di vittorie, come gi\u00e0 accaduto nell'albo d'oro della gara di durata pi\u00f9 famosa del mondo con cinque successi consecutivi tra il 1960 e il 1965. Per il Cavallino Rampante si tratter\u00e0 dell'undicesima vittoria assoluta alla 24 Ore di Le Mans, dopo quelle del 1949, 1954, 1958 e anche dal 1960 al 1965.<br \/>\nNumero articolo: P18252B<\/p>","protected":false},"excerpt":{"rendered":"<p>P18252B &#8211; 1-brandneu &#8211; anstatt 425,00 \u20ac\u00a0 jetzt 335,00 \u20ac inkl. 19% Vat mit Vitrine<\/p>","protected":false},"featured_media":32366,"comment_status":"open","ping_status":"closed","template":"","meta":{"_acf_changed":false},"product_brand":[851],"product_cat":[169,63,21],"product_tag":[173,209,263],"class_list":{"0":"post-32365","1":"product","2":"type-product","3":"status-publish","4":"has-post-thumbnail","6":"product_brand-bbr","7":"product_cat-bbr","8":"product_cat-ferrari","9":"product_cat-verfuegbar","10":"product_tag-bbr","11":"product_tag-ferrari","12":"product_tag-vorbestellbar","13":"pa_automarke-ferrari","14":"pa_decade-2020s","15":"pa_fahrzeugtyp-gt-rennen","16":"pa_limitiert-nein","17":"pa_massstab-1-18","18":"pa_modelmarke-bbr","19":"pa_modeltyp-fertigmodell","20":"pa_modeltyp-geschlossen","21":"pa_status-beim-hersteller-verfuegbar","22":"pa_verfuegbarkeit-sofort-verfuegbar","23":"pa_zustand_modell-1-brandneu","24":"pa_zustand_verpackung-1-brandneu","26":"first","27":"instock","28":"sale","29":"taxable","30":"shipping-taxable","31":"purchasable","32":"product-type-simple"},"acf":[],"jetpack_sharing_enabled":true,"_links":{"self":[{"href":"https:\/\/www.modelcars24.de\/it\/wp-json\/wp\/v2\/product\/32365","targetHints":{"allow":["GET"]}}],"collection":[{"href":"https:\/\/www.modelcars24.de\/it\/wp-json\/wp\/v2\/product"}],"about":[{"href":"https:\/\/www.modelcars24.de\/it\/wp-json\/wp\/v2\/types\/product"}],"replies":[{"embeddable":true,"href":"https:\/\/www.modelcars24.de\/it\/wp-json\/wp\/v2\/comments?post=32365"}],"version-history":[{"count":5,"href":"https:\/\/www.modelcars24.de\/it\/wp-json\/wp\/v2\/product\/32365\/revisions"}],"predecessor-version":[{"id":58394,"href":"https:\/\/www.modelcars24.de\/it\/wp-json\/wp\/v2\/product\/32365\/revisions\/58394"}],"wp:featuredmedia":[{"embeddable":true,"href":"https:\/\/www.modelcars24.de\/it\/wp-json\/wp\/v2\/media\/32366"}],"wp:attachment":[{"href":"https:\/\/www.modelcars24.de\/it\/wp-json\/wp\/v2\/media?parent=32365"}],"wp:term":[{"taxonomy":"product_brand","embeddable":true,"href":"https:\/\/www.modelcars24.de\/it\/wp-json\/wp\/v2\/product_brand?post=32365"},{"taxonomy":"product_cat","embeddable":true,"href":"https:\/\/www.modelcars24.de\/it\/wp-json\/wp\/v2\/product_cat?post=32365"},{"taxonomy":"product_tag","embeddable":true,"href":"https:\/\/www.modelcars24.de\/it\/wp-json\/wp\/v2\/product_tag?post=32365"}],"curies":[{"name":"wp","href":"https:\/\/api.w.org\/{rel}","templated":true}]}}