{"id":34154,"date":"2024-11-23T11:55:30","date_gmt":"2024-11-23T10:55:30","guid":{"rendered":"http:\/\/www.mondo-legno.com\/?post_type=product&#038;p=34154"},"modified":"2025-12-10T13:34:49","modified_gmt":"2025-12-10T12:34:49","slug":"amalgama-amalgama-ferrari-812-gts-2","status":"publish","type":"product","link":"https:\/\/www.modelcars24.de\/it\/amalgam-amalgam-ferrari-812-gts-18\/","title":{"rendered":"Amalgam Ferrari 812 GTS 1:8 - 1\/8"},"content":{"rendered":"<p>Amalgam Ferrari 812 GTS 1:8.<\/p>\n<ul>\n<li>Edizione limitata di 199 pezzi<\/li>\n<li>\u00c8 possibile creare modelli personalizzati in base alle specifiche del proprietario.<\/li>\n<li>Ogni modello \u00e8 realizzato e assemblato a mano da un piccolo team di artigiani.<\/li>\n<li>Modello in scala 1:8 con una lunghezza di oltre 58 cm<\/li>\n<li>Realizzati con i migliori materiali<\/li>\n<li>Oltre 3000 ore di sviluppo del modello<\/li>\n<li>Oltre 300 ore per costruire ogni modello<\/li>\n<li>Migliaia di pezzi progettati con precisione: Fusioni, fotoincisioni e componenti metallici lavorati a CNC.<\/li>\n<\/ul>\n<p>La 812 Superfast \u00e8 stata progettata per superare i limiti dei risultati raggiunti dalla Ferrari. Ha inaugurato una nuova era nella storia della Ferrari a 12 cilindri, il propulsore che aveva celebrato l'inizio della storia del Cavallino Rampante 70 anni fa, nel 1947. La 812 Superfast si \u00e8 concentrata sull'utilizzo delle vaste conoscenze tecniche della Ferrari in pista, offrendo ai suoi piloti prestazioni di riferimento e l'esperienza di guida pi\u00f9 emozionante e gratificante possibile. Forte dell'inestimabile eredit\u00e0 della F12berlinetta e della F12tdf, questa vettura \u00e8 stata la pi\u00f9 veloce e la pi\u00f9 potente auto di serie uscita da Maranello al momento della sua commercializzazione.<\/p>\n<p>La potenza della 812 Superfast \u00e8 stata aumentata a 800 cv, 60 in pi\u00f9 rispetto alla F12berlinetta, mentre anche i valori di coppia sono migliorati da 508 lb-ft a 529 lb-ft. La vettura passa da 0 a 100 km\/h in ben 2,9 secondi e raggiunge i 340 km\/h. Per massimizzare le prestazioni e garantire una perfetta distribuzione dei pesi, la vettura utilizza una sofisticata architettura transaxle che combina un motore anteriore V12 da 6,5 litri con un cambio montato posteriormente. \u00c8 anche la prima Ferrari a essere dotata di EPS (Electric Power Steering).<\/p>\n<p>La 812 Superfast ridefinisce il linguaggio formale dei V12 a motore anteriore con il suo nuovo design muscoloso e pi\u00f9 aggressivo, anche se a prima vista \u00e8 chiaro che l'esterno della vettura continua a ispirarsi alla F12berlinetta. I fianchi scolpiti, i diffusori anteriori e il sottoscocca offrono significativi miglioramenti aerodinamici rispetto al modello precedente. Le luci posteriori quadrate, ispirate alla tradizione Ferrari, enfatizzano un design che ruota attorno a linee orizzontali, conferendo alla 812 Superfast un aspetto ampio e imponente senza compromettere la praticit\u00e0. La silhouette della vettura \u00e8 caratterizzata da un elegante fastback con un posteriore alto che ricorda la 365 GTB4 \u201eDaytona\u201c del 1969. In contrasto con l'esterno, l'interno della 812 Superfast \u00e8 stato ispirato da LaFerrari con la sua plancia orizzontale che avvolge elegantemente le bocchette d'aria centrali, offrendo un look raffinato, scolpito ma estremamente elegante che ricorda l'abitacolo di LaFerrari. Queste superfici ultra-tautte sono deliberatamente stratificate e spezzate per creare vuoti in modo che gli elementi principali sembrino fluttuare. L'effetto complessivo \u00e8 quello di un sottile equilibrio tra la purezza delle corse e la raffinata eleganza che non risulta mai eccessiva in un'auto.<\/p>\n<p>La Ferrari 812 Superfast in scala 1:12 \u00e8 limitata a soli 499 esemplari.<br \/>Numero articolo: GTS8<\/p>","protected":false},"excerpt":{"rendered":"<p>Amalgam Ferrari 812 modelcar, GTS8, scala 1:8 disponibile su www.modelcars24.de<\/p>","protected":false},"featured_media":34155,"comment_status":"open","ping_status":"closed","template":"","meta":[],"product_brand":[864],"product_cat":[286,63,21],"product_tag":[288,209,202],"class_list":{"0":"post-34154","1":"product","2":"type-product","3":"status-publish","4":"has-post-thumbnail","6":"product_brand-amalgam","7":"product_cat-amalgam","8":"product_cat-ferrari","9":"product_cat-verfuegbar","10":"product_tag-amalgam","11":"product_tag-ferrari","12":"product_tag-verfuegbar","13":"pa_automarke-ferrari","14":"pa_decade-2020s","15":"pa_fahrzeugtyp-coupe","16":"pa_massstab-1-8","17":"pa_modelmarke-amalgam","18":"pa_modeltyp-alles-zum-oeffnen","19":"pa_modeltyp-fertigmodell","20":"pa_status-beim-hersteller-verfuegbar","21":"pa_verfuegbarkeit-5-tage-lieferzeit","22":"pa_zustand_modell-1-brandneu","23":"pa_zustand_verpackung-1-brandneu","25":"first","26":"instock","27":"taxable","28":"shipping-taxable","29":"purchasable","30":"product-type-simple"},"jetpack_sharing_enabled":true,"_links":{"self":[{"href":"https:\/\/www.modelcars24.de\/it\/wp-json\/wp\/v2\/product\/34154","targetHints":{"allow":["GET"]}}],"collection":[{"href":"https:\/\/www.modelcars24.de\/it\/wp-json\/wp\/v2\/product"}],"about":[{"href":"https:\/\/www.modelcars24.de\/it\/wp-json\/wp\/v2\/types\/product"}],"replies":[{"embeddable":true,"href":"https:\/\/www.modelcars24.de\/it\/wp-json\/wp\/v2\/comments?post=34154"}],"version-history":[{"count":2,"href":"https:\/\/www.modelcars24.de\/it\/wp-json\/wp\/v2\/product\/34154\/revisions"}],"predecessor-version":[{"id":58439,"href":"https:\/\/www.modelcars24.de\/it\/wp-json\/wp\/v2\/product\/34154\/revisions\/58439"}],"wp:featuredmedia":[{"embeddable":true,"href":"https:\/\/www.modelcars24.de\/it\/wp-json\/wp\/v2\/media\/34155"}],"wp:attachment":[{"href":"https:\/\/www.modelcars24.de\/it\/wp-json\/wp\/v2\/media?parent=34154"}],"wp:term":[{"taxonomy":"product_brand","embeddable":true,"href":"https:\/\/www.modelcars24.de\/it\/wp-json\/wp\/v2\/product_brand?post=34154"},{"taxonomy":"product_cat","embeddable":true,"href":"https:\/\/www.modelcars24.de\/it\/wp-json\/wp\/v2\/product_cat?post=34154"},{"taxonomy":"product_tag","embeddable":true,"href":"https:\/\/www.modelcars24.de\/it\/wp-json\/wp\/v2\/product_tag?post=34154"}],"curies":[{"name":"wp","href":"https:\/\/api.w.org\/{rel}","templated":true}]}}