{"id":36817,"date":"2025-09-23T10:45:33","date_gmt":"2025-09-23T08:45:33","guid":{"rendered":"http:\/\/www.mondo-legno.com\/?post_type=product&#038;p=36817"},"modified":"2026-04-29T15:05:40","modified_gmt":"2026-04-29T13:05:40","slug":"ixo-citroen-c4-wrc-kit-2","status":"publish","type":"product","link":"https:\/\/www.modelcars24.de\/it\/ixo-citroen-c4-wrc-bausatz-18\/","title":{"rendered":"IXO Citro\u00ebn C4 WRC kit 1:8 - 1\/8"},"content":{"rendered":"<h3>IXO Citro\u00ebn C4 WRC kit 1:8<\/h3>\n<p>&nbsp;<\/p>\n<p>Caratteristiche principali:<\/p>\n<p>- Scala: 1:8<\/p>\n<p>- Dimensioni: 535,5 mm (lunghezza) x 243 mm (larghezza) x 182 mm (altezza)<\/p>\n<p>- Materiali: parti in metallo e plastica per una costruzione durevole e realistica.<\/p>\n<p>- Licenza ufficiale Citro\u00ebn: Garanzia di un modello autentico e preciso.<\/p>\n<p>La storia della Citro\u00ebn C4 WRC:<\/p>\n<p>La Citro\u00ebn C4 WRC \u00e8 stata introdotta nel Campionato del Mondo Rally nel 2007 ed \u00e8 diventata rapidamente una forza dominante, guidata da leggende come S\u00e9bastien Loeb. Grazie a prestazioni eccezionali e a un design innovativo, ha vinto diversi titoli mondiali. Con questo modello, potrete aggiungere un pezzo di storia del motorsport alla vostra collezione.<\/p>\n<p>Perch\u00e9 scegliere questo modello?<\/p>\n<p>- Dimensioni impressionanti e dettagli precisi per una replica fedele.<\/p>\n<p>- Sviluppato per gli appassionati di auto e i modellisti.<\/p>\n<p>- Istruzioni di montaggio dettagliate incluse<\/p>\n<p>Numero articolo: IXO-C4<\/p>","protected":false},"excerpt":{"rendered":"<p>IXO-C4 &#8211; 1-brandneu &#8211; anstatt 990,00 \u20ac jetzt 895,00 \u20ac<\/p>","protected":false},"featured_media":54877,"comment_status":"open","ping_status":"closed","template":"","meta":{"_acf_changed":false},"product_brand":[839],"product_cat":[356,417,21],"product_tag":[357,503,460],"class_list":{"0":"post-36817","1":"product","2":"type-product","3":"status-publish","4":"has-post-thumbnail","6":"product_brand-ixo","7":"product_cat-citroen","8":"product_cat-ixo","9":"product_cat-verfuegbar","10":"product_tag-citroen","11":"product_tag-citroen-wrc","12":"product_tag-ixo","13":"product_shipping_class-sperrgut","14":"pa_automarke-citroen","15":"pa_decade-1970s","16":"pa_fahrzeugtyp-rallye","17":"pa_limitiert-nein","18":"pa_massstab-1-8","19":"pa_modelmarke-ixo","20":"pa_modeltyp-alles-zum-oeffnen","21":"pa_modeltyp-bausatz","22":"pa_status-beim-hersteller-verfuegbar","23":"pa_verfuegbarkeit-sofort-verfuegbar","24":"pa_zustand_modell-1-brandneu","25":"pa_zustand_verpackung-1-brandneu","27":"first","28":"instock","29":"sale","30":"purchasable","31":"product-type-simple"},"acf":[],"jetpack_sharing_enabled":true,"_links":{"self":[{"href":"https:\/\/www.modelcars24.de\/it\/wp-json\/wp\/v2\/product\/36817","targetHints":{"allow":["GET"]}}],"collection":[{"href":"https:\/\/www.modelcars24.de\/it\/wp-json\/wp\/v2\/product"}],"about":[{"href":"https:\/\/www.modelcars24.de\/it\/wp-json\/wp\/v2\/types\/product"}],"replies":[{"embeddable":true,"href":"https:\/\/www.modelcars24.de\/it\/wp-json\/wp\/v2\/comments?post=36817"}],"version-history":[{"count":4,"href":"https:\/\/www.modelcars24.de\/it\/wp-json\/wp\/v2\/product\/36817\/revisions"}],"predecessor-version":[{"id":58458,"href":"https:\/\/www.modelcars24.de\/it\/wp-json\/wp\/v2\/product\/36817\/revisions\/58458"}],"wp:featuredmedia":[{"embeddable":true,"href":"https:\/\/www.modelcars24.de\/it\/wp-json\/wp\/v2\/media\/54877"}],"wp:attachment":[{"href":"https:\/\/www.modelcars24.de\/it\/wp-json\/wp\/v2\/media?parent=36817"}],"wp:term":[{"taxonomy":"product_brand","embeddable":true,"href":"https:\/\/www.modelcars24.de\/it\/wp-json\/wp\/v2\/product_brand?post=36817"},{"taxonomy":"product_cat","embeddable":true,"href":"https:\/\/www.modelcars24.de\/it\/wp-json\/wp\/v2\/product_cat?post=36817"},{"taxonomy":"product_tag","embeddable":true,"href":"https:\/\/www.modelcars24.de\/it\/wp-json\/wp\/v2\/product_tag?post=36817"}],"curies":[{"name":"wp","href":"https:\/\/api.w.org\/{rel}","templated":true}]}}