{"id":37448,"date":"2025-08-01T12:14:59","date_gmt":"2025-08-01T10:14:59","guid":{"rendered":"http:\/\/www.mondo-legno.com\/?post_type=product&#038;p=37448"},"modified":"2026-03-25T21:55:32","modified_gmt":"2026-03-25T20:55:32","slug":"amalgama-ferrari-f2004-gp-del-canada-schumacher","status":"publish","type":"product","link":"https:\/\/www.modelcars24.de\/it\/amalgam-ferrari-f2004-gp-von-kanada-schumacher\/","title":{"rendered":"Amalgam Ferrari F2004 - GP del Canada - Schumacher 1.295,00 \u20ac - 1\/18"},"content":{"rendered":"<p>Anche nella storia della Scuderia Ferrari, ci sono poche vetture eccezionali come la F2004 che ha partecipato al Campionato del Mondo FIA di Formula Uno del 2004. Questa macchina straordinaria ha incarnato l'epoca d'oro di Ross Brawn, Rory Byrne e Michael Schumacher, che in quella stagione hanno vinto quindici gare su diciotto, sei campionati costruttori e cinque campionati piloti consecutivi. Il dominio della F2004 fu cos\u00ec notevole che port\u00f2 a significative modifiche delle regole nel 2005 per livellare il campo di gioco.<\/p>\n<p>Questo modello in scala 1:18 della Ferrari F2004, accuratamente realizzato, \u00e8 una replica dell'auto con cui Michael Schumacher vinse il Gran Premio del Canada di Formula 1 del 2004. In una gara caotica, solo met\u00e0 dello schieramento era a punti, ma le Ferrari, che partivano dalla sesta e dalla settima posizione sulla griglia di partenza, hanno adottato una strategia perfetta a due soste per spingersi in testa. La vittoria di Schumacher \u00e8 stata la sua 77a vittoria in carriera e il suo settimo trionfo in Canada - la prima volta che un pilota ha vinto lo stesso Gran Premio per sette volte.<\/p>\n<p>Questo modello \u00e8 stato realizzato a mano a partire dai dati CAD originali della Scuderia Ferrari e rigorosamente testato dai team di progettazione e ingegneria per garantire il massimo livello di accuratezza e precisione. \u00c8 pi\u00f9 di un semplice modello, \u00e8 un tributo a una delle auto pi\u00f9 dominanti nella storia della Formula 1 e un must per ogni collezionista e appassionato.<br \/>Numero articolo: 6050<\/p>","protected":false},"excerpt":{"rendered":"<p>Amalgam Ferrari f1 modelcar, amg-5, scala 1:18 disponibile su www.modelcars24.de<\/p>","protected":false},"featured_media":37449,"comment_status":"open","ping_status":"closed","template":"","meta":[],"product_brand":[864],"product_cat":[286,63,21],"product_tag":[288,209,202],"class_list":{"0":"post-37448","1":"product","2":"type-product","3":"status-publish","4":"has-post-thumbnail","6":"product_brand-amalgam","7":"product_cat-amalgam","8":"product_cat-ferrari","9":"product_cat-verfuegbar","10":"product_tag-amalgam","11":"product_tag-ferrari","12":"product_tag-verfuegbar","13":"pa_automarke-ferrari","14":"pa_decade-2020s","15":"pa_fahrzeugtyp-coupe","16":"pa_massstab-1-18","17":"pa_modelmarke-amalgam","18":"pa_modeltyp-fertigmodell","19":"pa_modeltyp-geschlossen","20":"pa_status-beim-hersteller-verfuegbar","21":"pa_verfuegbarkeit-5-tage-lieferzeit","22":"pa_zustand_modell-1-brandneu","23":"pa_zustand_verpackung-1-brandneu","25":"first","26":"outofstock","27":"taxable","28":"shipping-taxable","29":"purchasable","30":"product-type-simple"},"jetpack_sharing_enabled":true,"_links":{"self":[{"href":"https:\/\/www.modelcars24.de\/it\/wp-json\/wp\/v2\/product\/37448","targetHints":{"allow":["GET"]}}],"collection":[{"href":"https:\/\/www.modelcars24.de\/it\/wp-json\/wp\/v2\/product"}],"about":[{"href":"https:\/\/www.modelcars24.de\/it\/wp-json\/wp\/v2\/types\/product"}],"replies":[{"embeddable":true,"href":"https:\/\/www.modelcars24.de\/it\/wp-json\/wp\/v2\/comments?post=37448"}],"version-history":[{"count":2,"href":"https:\/\/www.modelcars24.de\/it\/wp-json\/wp\/v2\/product\/37448\/revisions"}],"predecessor-version":[{"id":58472,"href":"https:\/\/www.modelcars24.de\/it\/wp-json\/wp\/v2\/product\/37448\/revisions\/58472"}],"wp:featuredmedia":[{"embeddable":true,"href":"https:\/\/www.modelcars24.de\/it\/wp-json\/wp\/v2\/media\/37449"}],"wp:attachment":[{"href":"https:\/\/www.modelcars24.de\/it\/wp-json\/wp\/v2\/media?parent=37448"}],"wp:term":[{"taxonomy":"product_brand","embeddable":true,"href":"https:\/\/www.modelcars24.de\/it\/wp-json\/wp\/v2\/product_brand?post=37448"},{"taxonomy":"product_cat","embeddable":true,"href":"https:\/\/www.modelcars24.de\/it\/wp-json\/wp\/v2\/product_cat?post=37448"},{"taxonomy":"product_tag","embeddable":true,"href":"https:\/\/www.modelcars24.de\/it\/wp-json\/wp\/v2\/product_tag?post=37448"}],"curies":[{"name":"wp","href":"https:\/\/api.w.org\/{rel}","templated":true}]}}