{"id":4015,"date":"2024-08-18T15:56:33","date_gmt":"2024-08-18T13:56:33","guid":{"rendered":"https:\/\/www.modelcars24.de\/?post_type=product&#038;p=4015"},"modified":"2026-01-16T18:06:57","modified_gmt":"2026-01-16T17:06:57","slug":"mercedes-benz-w25-dirty-hero-modello-anniversario","status":"publish","type":"product","link":"https:\/\/www.modelcars24.de\/it\/mercedes-benz-w25-dirty-hero-jubilaeumsmodell\/","title":{"rendered":"CMC Mercedes-Benz W25 DIRTY HERO \u00ae, modello anniversario 20 anni CMC - 1\/18"},"content":{"rendered":"<h3>CMC Mercedes-Benz W25 DIRTY HERO \u00ae, Jubil\u00e4umsmodell 20 Jahre CMC<\/h3>\n<p>Die Firma CMC, Classic Model Cars kann im Jahre 2015 auf ihr 20-j\u00e4hriges Bestehen zur\u00fcckblicken. Anl\u00e4sslich dieses Jubil\u00e4ums pr\u00e4sentiert CMC den Mercedes-Benz W25 mit Verschmutzungsoptik als ein ganz besonderes Modell. Diese Sonderedition in einer Auflage von weltweit nur 1.000 St\u00fcck wird zusammen mit einer schwarzen, Acryl-Bodenplatte und wertigem Jubil\u00e4ums-Typenschild angeboten.<br \/>\nNach dem Wiedereinstieg von Daimler-Benz in die Grand Prix Rennszene im Jahr 1934 konnte sich Manfred von Brauchitsch bei dem am 03. Juni 1934 veranstalteten Eifelrennen auf dem N\u00fcrburgring mit seinem neu entwickelten Mercedes-Benz W25 und der Start-Nr. 20 auf Anhieb als Sieger feiern lassen.<\/p>\n<p>Mit der Modellausgabe des Siegerfahrzeugs wollen wir dem Modellsammler und Rennsport-Enthusiasten beispielhaft das denkbare Aussehen eines Boliden nach absolvierter Rennschlacht n\u00e4her bringen. Teer- und Dreckspritzer, Bremstrommel- und Reifenabrieb, Stra\u00dfenstaub, \u00d6l-Wasser- und Benzinspuren sowie Erd- und Schlammpartikel unbefestigter Stra\u00dfenr\u00e4nder und ein abgasgeschw\u00e4rztes Heckende sind sichtbare Schmutzr\u00fcckst\u00e4nde und verdeutlichen die harten Einsatzbedingungen und die gro\u00dfe Beanspruchung des Fahrzeugs w\u00e4hrend des Rennens.<br \/>\nAuf diese Weise ist ein Modell entstanden, das den gewohnten Rahmen sprengt, aber wegen seiner Einzigartigkeit sicher seine Anh\u00e4nger und Bewunderer finden wird, die es lieben die Wiedergabe einer wirklichkeitsnahen Modelloptik nach einem Rennen in Augenschein zu nehmen.<br \/>Artikelnummer: m-147-1-<\/p>","protected":false},"excerpt":{"rendered":"<p>Mercedes-Benz W25 DIRTY HERO \u00ae, modello anniversario 20 anni CMC modelcar, m-147, da CMC, ora disponibile su www.modelcars24.de<\/p>","protected":false},"featured_media":40947,"comment_status":"open","ping_status":"closed","template":"","meta":{"_acf_changed":false},"product_brand":[537],"product_cat":[953,18,19,45,136,21],"product_tag":[698,699,700,701,702],"class_list":{"0":"post-4015","1":"product","2":"type-product","3":"status-publish","4":"has-post-thumbnail","6":"product_brand-cmc","7":"product_cat-1-archiv","8":"product_cat-cmc","9":"product_cat-mercedes-benz","10":"product_cat-neuzugang","11":"product_cat-raritaet","12":"product_cat-verfuegbar","13":"product_tag-20-jahre-cmc","14":"product_tag-cmc-mercedes-benz-w25-dirty-hero","15":"product_tag-dirty-hero","16":"product_tag-jubilaeumsmodell","17":"product_tag-mercedes-w25","18":"pa_automarke-mercedes","19":"pa_decade-1930s","20":"pa_fahrzeugtyp-formel-1","21":"pa_farbe-silber","22":"pa_limitiert-ja","23":"pa_massstab-1-18","24":"pa_modelmarke-cmc","25":"pa_modeltyp-alles-zum-oeffnen","26":"pa_modeltyp-fertigmodell","27":"pa_status-beim-hersteller-ausverkauft","28":"pa_verfuegbarkeit-sofort-verfuegbar","29":"pa_zustand_modell-2-neuwertig","30":"pa_zustand_verpackung-2-neuwertig","32":"first","33":"outofstock","34":"taxable","35":"shipping-taxable","36":"purchasable","37":"product-type-simple"},"acf":[],"jetpack_sharing_enabled":true,"_links":{"self":[{"href":"https:\/\/www.modelcars24.de\/it\/wp-json\/wp\/v2\/product\/4015","targetHints":{"allow":["GET"]}}],"collection":[{"href":"https:\/\/www.modelcars24.de\/it\/wp-json\/wp\/v2\/product"}],"about":[{"href":"https:\/\/www.modelcars24.de\/it\/wp-json\/wp\/v2\/types\/product"}],"replies":[{"embeddable":true,"href":"https:\/\/www.modelcars24.de\/it\/wp-json\/wp\/v2\/comments?post=4015"}],"version-history":[{"count":3,"href":"https:\/\/www.modelcars24.de\/it\/wp-json\/wp\/v2\/product\/4015\/revisions"}],"predecessor-version":[{"id":57503,"href":"https:\/\/www.modelcars24.de\/it\/wp-json\/wp\/v2\/product\/4015\/revisions\/57503"}],"wp:featuredmedia":[{"embeddable":true,"href":"https:\/\/www.modelcars24.de\/it\/wp-json\/wp\/v2\/media\/40947"}],"wp:attachment":[{"href":"https:\/\/www.modelcars24.de\/it\/wp-json\/wp\/v2\/media?parent=4015"}],"wp:term":[{"taxonomy":"product_brand","embeddable":true,"href":"https:\/\/www.modelcars24.de\/it\/wp-json\/wp\/v2\/product_brand?post=4015"},{"taxonomy":"product_cat","embeddable":true,"href":"https:\/\/www.modelcars24.de\/it\/wp-json\/wp\/v2\/product_cat?post=4015"},{"taxonomy":"product_tag","embeddable":true,"href":"https:\/\/www.modelcars24.de\/it\/wp-json\/wp\/v2\/product_tag?post=4015"}],"curies":[{"name":"wp","href":"https:\/\/api.w.org\/{rel}","templated":true}]}}